{"id":116231,"date":"2024-08-08T11:19:43","date_gmt":"2024-08-08T14:19:43","guid":{"rendered":"https:\/\/www.argensend.com\/?post_type=product&#038;p=116231"},"modified":"2025-04-28T11:41:38","modified_gmt":"2025-04-28T14:41:38","slug":"havanna-barritas-de-cereal-de-chocolate-70-cacao-puro-168g-6-unidades","status":"publish","type":"product","link":"https:\/\/www.argensend.com\/en\/product\/havanna-barritas-de-cereal-de-chocolate-70-cacao-puro-168g-6-unidades\/","title":{"rendered":"Havanna &#8211; Barritas de cereal de chocolate 70% cacao puro &#8211; 168g &#8211; 6 Unidades"},"content":{"rendered":"<p>Dando un paso m\u00e1s en la b\u00fasqueda de la excelencia y con la misma pasi\u00f3n de siempre, los maestros Havanna fusionaron el exquisito el chocolate 70% cacao puro con cereales seleccionados, logrando una barrita de cereal \u00fanica. Ideal para darse un gusto y disfrutar de la calidad Havanna todos los dias, por menos de 115kcal por barrita.<\/p>","protected":false},"excerpt":{"rendered":"<p>Barritas de Cereal x 6 uds, Sin TACC<\/p>","protected":false},"featured_media":93184,"comment_status":"closed","ping_status":"closed","template":"","meta":{"_acf_changed":false,"om_disable_all_campaigns":false,"_monsterinsights_skip_tracking":false,"_monsterinsights_sitenote_active":false,"_monsterinsights_sitenote_note":"","_monsterinsights_sitenote_category":0},"etheme_brands":[{"term_id":10673,"name":"Havanna","slug":"havanna","term_group":0,"term_taxonomy_id":10673,"taxonomy":"brand","description":"","parent":0,"count":51,"filter":"raw"}],"product_brand":[],"product_cat":[8800,8803,2993],"product_tag":[4346,410,203,234,224,1797,4119,159,6515,1627,5091,629,8132],"class_list":{"0":"post-116231","1":"product","2":"type-product","3":"status-publish","4":"has-post-thumbnail","6":"brand-havanna","7":"product_cat-alimentos-gluten-free-sin-tacc","8":"product_cat-dulce-sin-tacc","9":"product_cat-snacks-dulces","10":"product_tag-almond","11":"product_tag-amargo","12":"product_tag-argentina","13":"product_tag-argentine","14":"product_tag-argentino","15":"product_tag-barra-de-cereal","16":"product_tag-cacao","17":"product_tag-chocolate","18":"product_tag-flour","19":"product_tag-havanna","20":"product_tag-semi-sweet","21":"product_tag-semiamargo","22":"product_tag-super-dulce-de-leche","24":"first","25":"instock","26":"taxable","27":"shipping-taxable","28":"purchasable","29":"product-type-simple"},"acf":[],"aioseo_notices":[],"_links":{"self":[{"href":"https:\/\/www.argensend.com\/en\/wp-json\/wp\/v2\/product\/116231","targetHints":{"allow":["GET"]}}],"collection":[{"href":"https:\/\/www.argensend.com\/en\/wp-json\/wp\/v2\/product"}],"about":[{"href":"https:\/\/www.argensend.com\/en\/wp-json\/wp\/v2\/types\/product"}],"replies":[{"embeddable":true,"href":"https:\/\/www.argensend.com\/en\/wp-json\/wp\/v2\/comments?post=116231"}],"version-history":[{"count":2,"href":"https:\/\/www.argensend.com\/en\/wp-json\/wp\/v2\/product\/116231\/revisions"}],"predecessor-version":[{"id":116236,"href":"https:\/\/www.argensend.com\/en\/wp-json\/wp\/v2\/product\/116231\/revisions\/116236"}],"wp:featuredmedia":[{"embeddable":true,"href":"https:\/\/www.argensend.com\/en\/wp-json\/wp\/v2\/media\/93184"}],"wp:attachment":[{"href":"https:\/\/www.argensend.com\/en\/wp-json\/wp\/v2\/media?parent=116231"}],"wp:term":[{"taxonomy":"brand","embeddable":true,"href":"https:\/\/www.argensend.com\/en\/wp-json\/wp\/v2\/etheme_brands?post=116231"},{"taxonomy":"product_brand","embeddable":true,"href":"https:\/\/www.argensend.com\/en\/wp-json\/wp\/v2\/product_brand?post=116231"},{"taxonomy":"product_cat","embeddable":true,"href":"https:\/\/www.argensend.com\/en\/wp-json\/wp\/v2\/product_cat?post=116231"},{"taxonomy":"product_tag","embeddable":true,"href":"https:\/\/www.argensend.com\/en\/wp-json\/wp\/v2\/product_tag?post=116231"}],"curies":[{"name":"wp","href":"https:\/\/api.w.org\/{rel}","templated":true}]}}