{"id":116694,"date":"2024-08-20T10:18:42","date_gmt":"2024-08-20T13:18:42","guid":{"rendered":"https:\/\/www.argensend.com\/?post_type=product&#038;p=116694"},"modified":"2024-12-06T16:49:06","modified_gmt":"2024-12-06T19:49:06","slug":"libro-obras-completas-1-jorge-luis-borges-sudamericana","status":"publish","type":"product","link":"https:\/\/www.argensend.com\/en\/product\/libro-obras-completas-1-jorge-luis-borges-sudamericana\/","title":{"rendered":"Libro &#8211; &#8220;Obras completas 1: Jorge Luis Borges&#8221; &#8211; Sudamericana"},"content":{"rendered":"","protected":false},"excerpt":{"rendered":"<section id=\"ctl00_ContentPlaceHolder1_rptFicha_ctl00_sectionResenia\" class=\"resenia lResenia\">\n<div class=\"hd\">\n<h2>Rese\u00f1a del libro:<br \/>\n\u00ab&#8230;La patria, los azares de los mayores, las literaturas que honran las lenguas de los hombres, las filosof\u00edas que he tratado de penetrar, los atardeceres, los ocios, las desgarradas orillas de mi ciudad, mi ciudad, mi extra\u00f1a vida cuya posible justificaci\u00f3n est\u00e1 en estas p\u00e1ginas, los sue\u00f1os olvidados y recuperados, el tiempo&#8230; La prosa convive con el verso; acaso para la imaginaci\u00f3n ambos son iguales. Felizmente, no nos debemos a una sola tradici\u00f3n; podemos aspirar a todas. Mis limitaciones personales y mi curiosidad dejan aqu\u00ed su testimonio\u00bb.<\/p>\n<p>OBRAS COMPLETAS I (1923-1949) &#8211; Fervor de Buenos Aires &#8211; Inquisiciones &#8211; Luna de enfrente &#8211; El tama\u00f1o de mi esperanza &#8211; El idioma de los argentinos &#8211; Cuaderno San Mart\u00edn &#8211; Evaristo Carriego &#8211; Discusi\u00f3n &#8211; Historia universal de la infamia &#8211; Historia de la eternidad &#8211; Ficciones &#8211; El Aleph<\/h2>\n<\/div>\n<\/section>","protected":false},"featured_media":116695,"comment_status":"closed","ping_status":"closed","template":"","meta":{"_acf_changed":false,"om_disable_all_campaigns":false,"_monsterinsights_skip_tracking":false,"_monsterinsights_sitenote_active":false,"_monsterinsights_sitenote_note":"","_monsterinsights_sitenote_category":0},"etheme_brands":[],"product_brand":[],"product_cat":[685],"product_tag":[203,234,224,10479,10480],"class_list":{"0":"post-116694","1":"product","2":"type-product","3":"status-publish","4":"has-post-thumbnail","6":"product_cat-libros","7":"product_tag-argentina","8":"product_tag-argentine","9":"product_tag-argentino","10":"product_tag-jorge-luis-borges","11":"product_tag-obras-completas","13":"first","14":"instock","15":"taxable","16":"shipping-taxable","17":"purchasable","18":"product-type-simple"},"acf":[],"aioseo_notices":[],"_links":{"self":[{"href":"https:\/\/www.argensend.com\/en\/wp-json\/wp\/v2\/product\/116694","targetHints":{"allow":["GET"]}}],"collection":[{"href":"https:\/\/www.argensend.com\/en\/wp-json\/wp\/v2\/product"}],"about":[{"href":"https:\/\/www.argensend.com\/en\/wp-json\/wp\/v2\/types\/product"}],"replies":[{"embeddable":true,"href":"https:\/\/www.argensend.com\/en\/wp-json\/wp\/v2\/comments?post=116694"}],"version-history":[{"count":1,"href":"https:\/\/www.argensend.com\/en\/wp-json\/wp\/v2\/product\/116694\/revisions"}],"predecessor-version":[{"id":116696,"href":"https:\/\/www.argensend.com\/en\/wp-json\/wp\/v2\/product\/116694\/revisions\/116696"}],"wp:featuredmedia":[{"embeddable":true,"href":"https:\/\/www.argensend.com\/en\/wp-json\/wp\/v2\/media\/116695"}],"wp:attachment":[{"href":"https:\/\/www.argensend.com\/en\/wp-json\/wp\/v2\/media?parent=116694"}],"wp:term":[{"taxonomy":"brand","embeddable":true,"href":"https:\/\/www.argensend.com\/en\/wp-json\/wp\/v2\/etheme_brands?post=116694"},{"taxonomy":"product_brand","embeddable":true,"href":"https:\/\/www.argensend.com\/en\/wp-json\/wp\/v2\/product_brand?post=116694"},{"taxonomy":"product_cat","embeddable":true,"href":"https:\/\/www.argensend.com\/en\/wp-json\/wp\/v2\/product_cat?post=116694"},{"taxonomy":"product_tag","embeddable":true,"href":"https:\/\/www.argensend.com\/en\/wp-json\/wp\/v2\/product_tag?post=116694"}],"curies":[{"name":"wp","href":"https:\/\/api.w.org\/{rel}","templated":true}]}}