{"id":116698,"date":"2024-08-20T12:20:33","date_gmt":"2024-08-20T15:20:33","guid":{"rendered":"https:\/\/www.argensend.com\/?post_type=product&#038;p=116698"},"modified":"2024-12-06T16:49:07","modified_gmt":"2024-12-06T19:49:07","slug":"libro-obras-completas-2-jorge-luis-borges-sudamericana","status":"publish","type":"product","link":"https:\/\/www.argensend.com\/en\/product\/libro-obras-completas-2-jorge-luis-borges-sudamericana\/","title":{"rendered":"Libro &#8211; &#8220;Obras completas 2: Jorge Luis Borges&#8221; &#8211; Sudamericana"},"content":{"rendered":"","protected":false},"excerpt":{"rendered":"<section id=\"ctl00_ContentPlaceHolder1_rptFicha_ctl00_sectionResenia\" class=\"resenia lResenia\">\n<div class=\"hd\">\n<h2>OBRAS COMPLETAS 2 Cada obra conf\u00eda a su escritor la forma que busca: el verso, la prosa, el estilo barroco o el llano.&#8221; &#8220;A nadie puede maravillar que el primero de los elementos, el fuego, no abunde en el libro de un hombre de ochenta y tantos a\u00f1os. Una reina, en la hora de su muerte, dice que es fuego y aire; yo suelo sentir que soy tierra, cansada tierra. Sigo, sin embargo, escribiendo. \u00bfQu\u00e9 otra suerte me queda, qu\u00e9 otra hermosa suerte me queda? La dicha de escribir no se mide por las virtudes o flaquezas de la escritura. Toda obra humana es deleznable, afirma Carlyle, pero su ejecuci\u00f3n no lo es. No profeso ninguna est\u00e9tica. Cada obra conf\u00eda a su escritor la forma que busca: el verso, la prosa, el estilo barroco o el llano.&#8221; Obras completas 2 (1952- 1972): Otras inquisiciones, El hacedor, El otro, el mismo, Para las seis cuerdas, Elogio de la sombra, El informe de Brodie, El oro de los tigres. JORGE LUIS BORGES Jorge Luis Borges naci\u00f3 en Buenos Aires el 24 de agosto de 1899. Entre 1914 y 1921 vivi\u00f3 con su familia en Europa. A su regreso funda las revistas Prisma y Proa, y publica Fervor de Buenos Aires (1923) e Historia universal de la infamia (1935). Autor de poes\u00eda, cuento, ensayo y trabajos en colaboraci\u00f3n, en las d\u00e9cadas siguientes su obra crece, es traducida a m\u00e1s de veinticinco idiomas y alcanza reconocimiento mundial. Fue presidente de la Sociedad Argentina de Escritores, director de la Biblioteca Nacional, miembro de la Academia Argentina de Letras y profesor de la Universidad de Buenos Aires. Recibi\u00f3 importantes distinciones de gobiernos extranjeros, y el t\u00edtulo de doctor honoris causa de las universidades de Columbia, Yale, Oxford, Michigan, Santiago de Chile, La Sorbona y Harvard. Obtuvo, entre otros galardones, el Premio Nacional de Literatura (Argentina, 1956) y el Cervantes (Espa\u00f1a, 1979). Considerado uno de los m\u00e1s importantes escritores en lengua hispana de la historia de la literatura, muri\u00f3 en Ginebra el 14 de junio de 1986. Edad recomendada: Adultos.<\/h2>\n<\/div>\n<\/section>","protected":false},"featured_media":116699,"comment_status":"closed","ping_status":"closed","template":"","meta":{"_acf_changed":false,"om_disable_all_campaigns":false,"_monsterinsights_skip_tracking":false,"_monsterinsights_sitenote_active":false,"_monsterinsights_sitenote_note":"","_monsterinsights_sitenote_category":0},"etheme_brands":[],"product_brand":[],"product_cat":[685],"product_tag":[203,234,224,10479,10480],"class_list":{"0":"post-116698","1":"product","2":"type-product","3":"status-publish","4":"has-post-thumbnail","6":"product_cat-libros","7":"product_tag-argentina","8":"product_tag-argentine","9":"product_tag-argentino","10":"product_tag-jorge-luis-borges","11":"product_tag-obras-completas","13":"first","14":"instock","15":"taxable","16":"shipping-taxable","17":"purchasable","18":"product-type-simple"},"acf":[],"aioseo_notices":[],"_links":{"self":[{"href":"https:\/\/www.argensend.com\/en\/wp-json\/wp\/v2\/product\/116698","targetHints":{"allow":["GET"]}}],"collection":[{"href":"https:\/\/www.argensend.com\/en\/wp-json\/wp\/v2\/product"}],"about":[{"href":"https:\/\/www.argensend.com\/en\/wp-json\/wp\/v2\/types\/product"}],"replies":[{"embeddable":true,"href":"https:\/\/www.argensend.com\/en\/wp-json\/wp\/v2\/comments?post=116698"}],"version-history":[{"count":1,"href":"https:\/\/www.argensend.com\/en\/wp-json\/wp\/v2\/product\/116698\/revisions"}],"predecessor-version":[{"id":116700,"href":"https:\/\/www.argensend.com\/en\/wp-json\/wp\/v2\/product\/116698\/revisions\/116700"}],"wp:featuredmedia":[{"embeddable":true,"href":"https:\/\/www.argensend.com\/en\/wp-json\/wp\/v2\/media\/116699"}],"wp:attachment":[{"href":"https:\/\/www.argensend.com\/en\/wp-json\/wp\/v2\/media?parent=116698"}],"wp:term":[{"taxonomy":"brand","embeddable":true,"href":"https:\/\/www.argensend.com\/en\/wp-json\/wp\/v2\/etheme_brands?post=116698"},{"taxonomy":"product_brand","embeddable":true,"href":"https:\/\/www.argensend.com\/en\/wp-json\/wp\/v2\/product_brand?post=116698"},{"taxonomy":"product_cat","embeddable":true,"href":"https:\/\/www.argensend.com\/en\/wp-json\/wp\/v2\/product_cat?post=116698"},{"taxonomy":"product_tag","embeddable":true,"href":"https:\/\/www.argensend.com\/en\/wp-json\/wp\/v2\/product_tag?post=116698"}],"curies":[{"name":"wp","href":"https:\/\/api.w.org\/{rel}","templated":true}]}}