{"id":116735,"date":"2024-08-21T12:12:52","date_gmt":"2024-08-21T15:12:52","guid":{"rendered":"https:\/\/www.argensend.com\/?post_type=product&#038;p=116735"},"modified":"2026-04-21T03:06:07","modified_gmt":"2026-04-21T06:06:07","slug":"yerba-mate-cuatro-caminos-organica-500gr","status":"publish","type":"product","link":"https:\/\/www.argensend.com\/en\/product\/yerba-mate-cuatro-caminos-organica-500gr\/","title":{"rendered":"Yerba Mate Cuatro Caminos Org\u00e1nica 500gr"},"content":{"rendered":"<p>Prob\u00e1 la CUATRO CAMINOS org\u00e1nica, una Yerba Mate secada en cinta LIBRE DE HUMO y te aseguras de tomar un buen mate que mantendr\u00e1 intacto su sabor durante mas cebadas.<\/p>\n<p>YERBA MATE CUATRO CAMINOS ORG\u00c1NICA 500Gr<br \/>\nElaborada con palo<br \/>\nLibre de gluten, sin T.A.C.C<br \/>\nPresentaci\u00f3n en: 500Gr c\/u<br \/>\nEstacionamiento natural<\/p>\n<p>YERBA MATE MISIONERA, 100% ORGANICA LIBRE DE GLUTEN SIN TACC, HECHA CON UN LARGO ESTACIONAMIENTO PARA SU MEJOR ELABORACION<\/p>","protected":false},"excerpt":{"rendered":"<p>Prob\u00e1 la CUATRO CAMINOS org\u00e1nica, una Yerba Mate secada en cinta LIBRE DE HUMO y te aseguras de tomar un buen mate que mantendr\u00e1 intacto&#8230;<\/p>","protected":false},"featured_media":132987,"comment_status":"closed","ping_status":"closed","template":"","meta":{"_acf_changed":false,"om_disable_all_campaigns":false,"_monsterinsights_skip_tracking":false,"_monsterinsights_sitenote_active":false,"_monsterinsights_sitenote_note":"","_monsterinsights_sitenote_category":0},"etheme_brands":[],"product_brand":[],"product_cat":[5356,2124],"product_tag":[1236,203,234,224,6958,225,165,10473,228,6890,3507,163],"class_list":{"0":"post-116735","1":"product","2":"type-product","3":"status-publish","4":"has-post-thumbnail","6":"product_cat-uruguay","7":"product_cat-yerbas","8":"product_tag-amarillo","9":"product_tag-argentina","10":"product_tag-argentine","11":"product_tag-argentino","12":"product_tag-canarias","13":"product_tag-infusion","14":"product_tag-mate","15":"product_tag-serena","16":"product_tag-tradicional","17":"product_tag-uruguayan","18":"product_tag-yellow","19":"product_tag-yerba","20":"pa_unidades-1-unidad","21":"pa_unidades-12-unidades","22":"pa_unidades-24-unidades","23":"pa_unidades-3-unidades","24":"pa_unidades-6-unidades","26":"first","27":"instock","28":"taxable","29":"shipping-taxable","30":"purchasable","31":"product-type-variable"},"acf":[],"aioseo_notices":[],"_links":{"self":[{"href":"https:\/\/www.argensend.com\/en\/wp-json\/wp\/v2\/product\/116735","targetHints":{"allow":["GET"]}}],"collection":[{"href":"https:\/\/www.argensend.com\/en\/wp-json\/wp\/v2\/product"}],"about":[{"href":"https:\/\/www.argensend.com\/en\/wp-json\/wp\/v2\/types\/product"}],"replies":[{"embeddable":true,"href":"https:\/\/www.argensend.com\/en\/wp-json\/wp\/v2\/comments?post=116735"}],"version-history":[{"count":1,"href":"https:\/\/www.argensend.com\/en\/wp-json\/wp\/v2\/product\/116735\/revisions"}],"predecessor-version":[{"id":132988,"href":"https:\/\/www.argensend.com\/en\/wp-json\/wp\/v2\/product\/116735\/revisions\/132988"}],"wp:featuredmedia":[{"embeddable":true,"href":"https:\/\/www.argensend.com\/en\/wp-json\/wp\/v2\/media\/132987"}],"wp:attachment":[{"href":"https:\/\/www.argensend.com\/en\/wp-json\/wp\/v2\/media?parent=116735"}],"wp:term":[{"taxonomy":"brand","embeddable":true,"href":"https:\/\/www.argensend.com\/en\/wp-json\/wp\/v2\/etheme_brands?post=116735"},{"taxonomy":"product_brand","embeddable":true,"href":"https:\/\/www.argensend.com\/en\/wp-json\/wp\/v2\/product_brand?post=116735"},{"taxonomy":"product_cat","embeddable":true,"href":"https:\/\/www.argensend.com\/en\/wp-json\/wp\/v2\/product_cat?post=116735"},{"taxonomy":"product_tag","embeddable":true,"href":"https:\/\/www.argensend.com\/en\/wp-json\/wp\/v2\/product_tag?post=116735"}],"curies":[{"name":"wp","href":"https:\/\/api.w.org\/{rel}","templated":true}]}}