{"id":116892,"date":"2024-09-03T15:08:53","date_gmt":"2024-09-03T18:08:53","guid":{"rendered":"https:\/\/www.argensend.com\/?post_type=product&#038;p=116892"},"modified":"2025-04-21T17:08:09","modified_gmt":"2025-04-21T20:08:09","slug":"nestle-nan-1-leche-de-formula-en-polvo-optipro-800gr","status":"publish","type":"product","link":"https:\/\/www.argensend.com\/en\/product\/nestle-nan-1-leche-de-formula-en-polvo-optipro-800gr\/","title":{"rendered":"Nestl\u00e9 &#8211; NAN 1 &#8211; Leche de Formula en Polvo Optipro &#8211; 800gr"},"content":{"rendered":"","protected":false},"excerpt":{"rendered":"<div class=\"ewa-rteLine\">Unidad de 800 gramos.<\/div>\n<div class=\"ewa-rteLine\"><strong>NAN\u00ae OPTIPRO\u00ae 1<\/strong>\u00a0f\u00f3rmula l\u00e1ctea en polvo para lactantes con HM-0, prote\u00edna optimizada, Cultivos activos Bifidus BL y DHA-ARA. De inicio\u00a0<strong>(0 a 6 meses)<\/strong>.<\/div>\n<div class=\"ewa-rteLine\"><\/div>\n<div class=\"ewa-rteLine\">Contiene una combinaci\u00f3n de nutrientes:<\/div>\n<div class=\"ewa-rteLine\">\n<ul>\n<li>OPTIPRO\u00ae, prote\u00edna optimizada exclusiva de Nestl\u00e9.<\/li>\n<li>HM0, 2\u00b4FL: oligosac\u00e1rido 2\u00b4Fucosil-lactosa.<\/li>\n<li>CULTIVOS BL: cultivos vivos.<\/li>\n<\/ul>\n<\/div>\n<div class=\"ewa-rteLine\"><\/div>\n<div class=\"ewa-rteLine\">La leche materna es el mejor alimento para tu beb\u00e9. Hasta los 6 meses de vida no necesita ning\u00fan otro alimento o bebida. Antes de emplear una f\u00f3rmula infantil pida consejo a su profesional de la salud.<\/div>","protected":false},"featured_media":116893,"comment_status":"closed","ping_status":"closed","template":"","meta":{"_acf_changed":false,"om_disable_all_campaigns":false,"_monsterinsights_skip_tracking":false,"_monsterinsights_sitenote_active":false,"_monsterinsights_sitenote_note":"","_monsterinsights_sitenote_category":0},"etheme_brands":[],"product_brand":[],"product_cat":[75,10187],"product_tag":[3295,9262,10181,10179,69,9235,885,10180,10182,7710,9261,4446],"class_list":{"0":"post-116892","1":"product","2":"type-product","3":"status-publish","4":"has-post-thumbnail","6":"product_cat-alimentos","7":"product_cat-leches","8":"product_tag-baby","9":"product_tag-bebe-formula","10":"product_tag-en-lata","11":"product_tag-leche-en-polvo","12":"product_tag-leche","13":"product_tag-nan","14":"product_tag-nestle","15":"product_tag-nestle-leche-en-polvo","16":"product_tag-ninos-y-bebes","17":"product_tag-nutricion","18":"product_tag-nutricional","19":"product_tag-powder","21":"first","22":"instock","23":"taxable","24":"shipping-taxable","25":"purchasable","26":"product-type-simple"},"acf":[],"aioseo_notices":[],"_links":{"self":[{"href":"https:\/\/www.argensend.com\/en\/wp-json\/wp\/v2\/product\/116892","targetHints":{"allow":["GET"]}}],"collection":[{"href":"https:\/\/www.argensend.com\/en\/wp-json\/wp\/v2\/product"}],"about":[{"href":"https:\/\/www.argensend.com\/en\/wp-json\/wp\/v2\/types\/product"}],"replies":[{"embeddable":true,"href":"https:\/\/www.argensend.com\/en\/wp-json\/wp\/v2\/comments?post=116892"}],"version-history":[{"count":1,"href":"https:\/\/www.argensend.com\/en\/wp-json\/wp\/v2\/product\/116892\/revisions"}],"predecessor-version":[{"id":116894,"href":"https:\/\/www.argensend.com\/en\/wp-json\/wp\/v2\/product\/116892\/revisions\/116894"}],"wp:featuredmedia":[{"embeddable":true,"href":"https:\/\/www.argensend.com\/en\/wp-json\/wp\/v2\/media\/116893"}],"wp:attachment":[{"href":"https:\/\/www.argensend.com\/en\/wp-json\/wp\/v2\/media?parent=116892"}],"wp:term":[{"taxonomy":"brand","embeddable":true,"href":"https:\/\/www.argensend.com\/en\/wp-json\/wp\/v2\/etheme_brands?post=116892"},{"taxonomy":"product_brand","embeddable":true,"href":"https:\/\/www.argensend.com\/en\/wp-json\/wp\/v2\/product_brand?post=116892"},{"taxonomy":"product_cat","embeddable":true,"href":"https:\/\/www.argensend.com\/en\/wp-json\/wp\/v2\/product_cat?post=116892"},{"taxonomy":"product_tag","embeddable":true,"href":"https:\/\/www.argensend.com\/en\/wp-json\/wp\/v2\/product_tag?post=116892"}],"curies":[{"name":"wp","href":"https:\/\/api.w.org\/{rel}","templated":true}]}}