{"id":116935,"date":"2024-09-05T13:02:07","date_gmt":"2024-09-05T16:02:07","guid":{"rendered":"https:\/\/www.argensend.com\/?post_type=product&#038;p=116935"},"modified":"2024-12-06T16:49:12","modified_gmt":"2024-12-06T19:49:12","slug":"libro-romper-el-circulo-it-ends-with-us-colleen-hoover","status":"publish","type":"product","link":"https:\/\/www.argensend.com\/en\/product\/libro-romper-el-circulo-it-ends-with-us-colleen-hoover\/","title":{"rendered":"Libro &#8211; &#8220;Romper el c\u00edrculo&#8221; (It ends with us) &#8211; Colleen Hoover"},"content":{"rendered":"","protected":false},"excerpt":{"rendered":"<p>Lily no siempre lo ha tenido f\u00e1cil; pero eso nunca le ha impedido luchar por la vida que quiere y ha recorrido un largo camino para llegar donde est\u00e1 ahora. Su vida comienza a cambiar el d\u00eda que Ryle Kincaid;\u00a0un extraordinario neurocirujano; se fija en ella. Ryle es asertivo; terco; tal vez incluso un poco arrogante; pero tambi\u00e9n es sensible; tremendamente atractivo; brillante; y tiene una debilidad total por ella. Todo en \u00e9l es per-fecto salvo su completa aversi\u00f3n a las relaciones; as\u00ed que cuando Lily se da cuenta de que ella es la excepci\u00f3n a su regla de \u00abno tener citas\u00bb; no puede evitar preguntarse por qu\u00e9 ha tomado esa decisi\u00f3n.A medida que las preguntas sobre su nueva relaci\u00f3n la asaltan; tambi\u00e9n lo hacen los pensamientos sobre Atlas Corrigan; su primer amor y un v\u00ednculo con el pasado que dej\u00f3 atr\u00e1s. \u00c9l era su alma gemela; su protector. Cuando Atlas reaparece repentinamente y Ryle comienza a mostrar su verdadera cara; todo lo que Lily ha construido con \u00e9l se ve amenazado. \u00abNadie escribe sobre sentimientos como Colleen Hoover.\u00bb ANNA TODD<\/p>","protected":false},"featured_media":116936,"comment_status":"closed","ping_status":"closed","template":"","meta":{"_acf_changed":false,"om_disable_all_campaigns":false,"_monsterinsights_skip_tracking":false,"_monsterinsights_sitenote_active":false,"_monsterinsights_sitenote_note":"","_monsterinsights_sitenote_category":0},"etheme_brands":[],"product_brand":[],"product_cat":[685],"product_tag":[755,10492,752,10491],"class_list":{"0":"post-116935","1":"product","2":"type-product","3":"status-publish","4":"has-post-thumbnail","6":"product_cat-libros","7":"product_tag-book","8":"product_tag-colleen-hoover","9":"product_tag-libro","10":"product_tag-romper-el-circulo","12":"first","13":"instock","14":"taxable","15":"shipping-taxable","16":"purchasable","17":"product-type-simple"},"acf":[],"aioseo_notices":[],"_links":{"self":[{"href":"https:\/\/www.argensend.com\/en\/wp-json\/wp\/v2\/product\/116935","targetHints":{"allow":["GET"]}}],"collection":[{"href":"https:\/\/www.argensend.com\/en\/wp-json\/wp\/v2\/product"}],"about":[{"href":"https:\/\/www.argensend.com\/en\/wp-json\/wp\/v2\/types\/product"}],"replies":[{"embeddable":true,"href":"https:\/\/www.argensend.com\/en\/wp-json\/wp\/v2\/comments?post=116935"}],"version-history":[{"count":1,"href":"https:\/\/www.argensend.com\/en\/wp-json\/wp\/v2\/product\/116935\/revisions"}],"predecessor-version":[{"id":116937,"href":"https:\/\/www.argensend.com\/en\/wp-json\/wp\/v2\/product\/116935\/revisions\/116937"}],"wp:featuredmedia":[{"embeddable":true,"href":"https:\/\/www.argensend.com\/en\/wp-json\/wp\/v2\/media\/116936"}],"wp:attachment":[{"href":"https:\/\/www.argensend.com\/en\/wp-json\/wp\/v2\/media?parent=116935"}],"wp:term":[{"taxonomy":"brand","embeddable":true,"href":"https:\/\/www.argensend.com\/en\/wp-json\/wp\/v2\/etheme_brands?post=116935"},{"taxonomy":"product_brand","embeddable":true,"href":"https:\/\/www.argensend.com\/en\/wp-json\/wp\/v2\/product_brand?post=116935"},{"taxonomy":"product_cat","embeddable":true,"href":"https:\/\/www.argensend.com\/en\/wp-json\/wp\/v2\/product_cat?post=116935"},{"taxonomy":"product_tag","embeddable":true,"href":"https:\/\/www.argensend.com\/en\/wp-json\/wp\/v2\/product_tag?post=116935"}],"curies":[{"name":"wp","href":"https:\/\/api.w.org\/{rel}","templated":true}]}}