{"id":116939,"date":"2024-09-05T13:11:37","date_gmt":"2024-09-05T16:11:37","guid":{"rendered":"https:\/\/www.argensend.com\/?post_type=product&#038;p=116939"},"modified":"2024-12-06T16:49:12","modified_gmt":"2024-12-06T19:49:12","slug":"libro-el-efecto-de-la-risa-ros-benmoshe","status":"publish","type":"product","link":"https:\/\/www.argensend.com\/en\/product\/libro-el-efecto-de-la-risa-ros-benmoshe\/","title":{"rendered":"Libro &#8211; &#8220;El efecto de la risa&#8221;- Ros Benmoshe"},"content":{"rendered":"","protected":false},"excerpt":{"rendered":"<p>\u00bfRE\u00cdR ES DE VERDAD LA MEJOR MEDICINA?<br \/>\nTodos hemos o\u00eddo hablar sobre los innumerables aspectos positivos de re\u00edr; pero realmente puede hacer algo contra la soledad; \u00bfla depresi\u00f3n y las enfermedades? \u00bfQu\u00e9 sucede si no hallamos razones para re\u00edr?<br \/>\nEn este libro encontrar\u00e1s una pr\u00e1ctica basada en la ciencia que te ense\u00f1ar\u00e1 c\u00f3mo estimular dosis diarias de bienestar y positividad. No importa si te consideras una persona graciosa o no; las t\u00e9cnicas que aqu\u00ed aprender\u00e1s te mostrar\u00e1n c\u00f3mo mejorar tu calidad de vida; tu salud mental y tu forma de relacionarte contigo y con el mundo. Llevar una vida m\u00e1s sana y feliz es posible. \u00a1Re\u00edr es la soluci\u00f3n!<\/p>","protected":false},"featured_media":116940,"comment_status":"closed","ping_status":"closed","template":"","meta":{"_acf_changed":false,"om_disable_all_campaigns":false,"_monsterinsights_skip_tracking":false,"_monsterinsights_sitenote_active":false,"_monsterinsights_sitenote_note":"","_monsterinsights_sitenote_category":0},"etheme_brands":[],"product_brand":[],"product_cat":[685],"product_tag":[755,10493,752],"class_list":{"0":"post-116939","1":"product","2":"type-product","3":"status-publish","4":"has-post-thumbnail","6":"product_cat-libros","7":"product_tag-book","8":"product_tag-el-efecto-de-la-risa","9":"product_tag-libro","11":"first","12":"instock","13":"taxable","14":"shipping-taxable","15":"purchasable","16":"product-type-simple"},"acf":[],"aioseo_notices":[],"_links":{"self":[{"href":"https:\/\/www.argensend.com\/en\/wp-json\/wp\/v2\/product\/116939","targetHints":{"allow":["GET"]}}],"collection":[{"href":"https:\/\/www.argensend.com\/en\/wp-json\/wp\/v2\/product"}],"about":[{"href":"https:\/\/www.argensend.com\/en\/wp-json\/wp\/v2\/types\/product"}],"replies":[{"embeddable":true,"href":"https:\/\/www.argensend.com\/en\/wp-json\/wp\/v2\/comments?post=116939"}],"version-history":[{"count":1,"href":"https:\/\/www.argensend.com\/en\/wp-json\/wp\/v2\/product\/116939\/revisions"}],"predecessor-version":[{"id":116942,"href":"https:\/\/www.argensend.com\/en\/wp-json\/wp\/v2\/product\/116939\/revisions\/116942"}],"wp:featuredmedia":[{"embeddable":true,"href":"https:\/\/www.argensend.com\/en\/wp-json\/wp\/v2\/media\/116940"}],"wp:attachment":[{"href":"https:\/\/www.argensend.com\/en\/wp-json\/wp\/v2\/media?parent=116939"}],"wp:term":[{"taxonomy":"brand","embeddable":true,"href":"https:\/\/www.argensend.com\/en\/wp-json\/wp\/v2\/etheme_brands?post=116939"},{"taxonomy":"product_brand","embeddable":true,"href":"https:\/\/www.argensend.com\/en\/wp-json\/wp\/v2\/product_brand?post=116939"},{"taxonomy":"product_cat","embeddable":true,"href":"https:\/\/www.argensend.com\/en\/wp-json\/wp\/v2\/product_cat?post=116939"},{"taxonomy":"product_tag","embeddable":true,"href":"https:\/\/www.argensend.com\/en\/wp-json\/wp\/v2\/product_tag?post=116939"}],"curies":[{"name":"wp","href":"https:\/\/api.w.org\/{rel}","templated":true}]}}