{"id":116944,"date":"2024-09-05T13:16:42","date_gmt":"2024-09-05T16:16:42","guid":{"rendered":"https:\/\/www.argensend.com\/?post_type=product&#038;p=116944"},"modified":"2024-12-06T16:49:12","modified_gmt":"2024-12-06T19:49:12","slug":"libro-mi-oscuro-romeo-parker-huntington","status":"publish","type":"product","link":"https:\/\/www.argensend.com\/en\/product\/libro-mi-oscuro-romeo-parker-huntington\/","title":{"rendered":"Libro &#8211; &#8220;Mi oscuro Romeo&#8221; &#8211; Parker Huntington"},"content":{"rendered":"","protected":false},"excerpt":{"rendered":"<p>Mi oscuro Romeo es un dark romance sobre un matrimonio concertado a rega\u00f1adientes entre un cruel y despiadado multimillonario y una aguerrida heredera que no teme contraatacar. Mi cuento de hadas se convirti\u00f3 en uno de terror. Escrito con alquitr\u00e1n y sellado con l\u00e1grimas. Se supon\u00eda que iba a ser un beso inofensivo en un lujoso baile de debutantes. Un desliz con un apuesto desconocido. Pero a diferencia de su tocayo; a mi Romeo no lo mueve el amor. Lo impulsa la venganza. Para \u00e9l; soy una pieza de ajedrez. Algo de lo que sacar ventaja. La prometida de su rival.<br \/>\nPara m\u00ed es un hombre que merece veneno. Un pr\u00edncipe oscuro con el que me niego a casarme. \u00c9l cree que aceptar\u00e9 mi destino; pero yo planeo reescribirlo. Y en mi historia; Julieta no muere. \u00bfPero Romeo? \u00c9l s\u00ed&#8230;<\/p>","protected":false},"featured_media":116945,"comment_status":"closed","ping_status":"closed","template":"","meta":{"_acf_changed":false,"om_disable_all_campaigns":false,"_monsterinsights_skip_tracking":false,"_monsterinsights_sitenote_active":false,"_monsterinsights_sitenote_note":"","_monsterinsights_sitenote_category":0},"etheme_brands":[],"product_brand":[],"product_cat":[685],"product_tag":[755,752,10494],"class_list":{"0":"post-116944","1":"product","2":"type-product","3":"status-publish","4":"has-post-thumbnail","6":"product_cat-libros","7":"product_tag-book","8":"product_tag-libro","9":"product_tag-mi-oscuro-romeo","11":"first","12":"instock","13":"taxable","14":"shipping-taxable","15":"purchasable","16":"product-type-simple"},"acf":[],"aioseo_notices":[],"_links":{"self":[{"href":"https:\/\/www.argensend.com\/en\/wp-json\/wp\/v2\/product\/116944","targetHints":{"allow":["GET"]}}],"collection":[{"href":"https:\/\/www.argensend.com\/en\/wp-json\/wp\/v2\/product"}],"about":[{"href":"https:\/\/www.argensend.com\/en\/wp-json\/wp\/v2\/types\/product"}],"replies":[{"embeddable":true,"href":"https:\/\/www.argensend.com\/en\/wp-json\/wp\/v2\/comments?post=116944"}],"version-history":[{"count":1,"href":"https:\/\/www.argensend.com\/en\/wp-json\/wp\/v2\/product\/116944\/revisions"}],"predecessor-version":[{"id":116946,"href":"https:\/\/www.argensend.com\/en\/wp-json\/wp\/v2\/product\/116944\/revisions\/116946"}],"wp:featuredmedia":[{"embeddable":true,"href":"https:\/\/www.argensend.com\/en\/wp-json\/wp\/v2\/media\/116945"}],"wp:attachment":[{"href":"https:\/\/www.argensend.com\/en\/wp-json\/wp\/v2\/media?parent=116944"}],"wp:term":[{"taxonomy":"brand","embeddable":true,"href":"https:\/\/www.argensend.com\/en\/wp-json\/wp\/v2\/etheme_brands?post=116944"},{"taxonomy":"product_brand","embeddable":true,"href":"https:\/\/www.argensend.com\/en\/wp-json\/wp\/v2\/product_brand?post=116944"},{"taxonomy":"product_cat","embeddable":true,"href":"https:\/\/www.argensend.com\/en\/wp-json\/wp\/v2\/product_cat?post=116944"},{"taxonomy":"product_tag","embeddable":true,"href":"https:\/\/www.argensend.com\/en\/wp-json\/wp\/v2\/product_tag?post=116944"}],"curies":[{"name":"wp","href":"https:\/\/api.w.org\/{rel}","templated":true}]}}