{"id":116947,"date":"2024-09-05T13:24:38","date_gmt":"2024-09-05T16:24:38","guid":{"rendered":"https:\/\/www.argensend.com\/?post_type=product&#038;p=116947"},"modified":"2024-12-06T16:49:12","modified_gmt":"2024-12-06T19:49:12","slug":"libro-el-tiempo-no-es-dinero-gonzalo-iparraguirre","status":"publish","type":"product","link":"https:\/\/www.argensend.com\/en\/product\/libro-el-tiempo-no-es-dinero-gonzalo-iparraguirre\/","title":{"rendered":"Libro &#8211; &#8220;El tiempo no es dinero&#8221; &#8211; Gonzalo Iparraguirre"},"content":{"rendered":"","protected":false},"excerpt":{"rendered":"<p>&#8216;El tiempo es dinero&#8217;; time is money&#8217; \u00bfCu\u00e1ntas veces escuchamos la frase como una verdad incuestionable? \u00bfCu\u00e1ntas veces nos preocupamos por haber perdido tiempo (y; por ende; dinero)? \u00bfCu\u00e1ntas veces nos encontramos pensando que tenemos tiempo?Primera gran noticia que nos trae este libro luminoso: el tiempo no es nuestro; no es de nadie; no es un recurso que se pueda malgastar o ahorrar. As\u00ed que; calma: esa obsesi\u00f3n por el tiempo se puede desarmar perfectamente; y cualquier paso que demos en ese sentido har\u00e1 de nuestro transcurrir una experiencia m\u00e1s real; sana y placentera.Gonzalo Iparraguirre es antrop\u00f3logo y su objeto de estudio es el tiempo; nada menos: \u00bfpor qu\u00e9 nuestros h\u00e1bitos diarios giran de modo t\u00f3xico en torno al h\u00e1bito de vivir consumiendo; ahorrando; gastando o invirtiendo; como si nuestra salud fuera un recurso m\u00e1s a gestionar? Como dice el autor: &#8216;Cuando se afirma que descansar o esperar es un tiempo muerto; se lo asocia a momentos que dejan de tener sentido o productividad. Mientras tanto; respiramos; pensamos; metabolizamos. Nuestro cuerpo sigue vivo. \u00bfNo les resulta contradictorio pretender bienestar mientras vivimos apremiados por el tiempo? \u00bfSer\u00e1 que nuestra idea del tiempo es parte del problema?&#8217;.<\/p>","protected":false},"featured_media":116948,"comment_status":"closed","ping_status":"closed","template":"","meta":{"_acf_changed":false,"om_disable_all_campaigns":false,"_monsterinsights_skip_tracking":false,"_monsterinsights_sitenote_active":false,"_monsterinsights_sitenote_note":"","_monsterinsights_sitenote_category":0},"etheme_brands":[],"product_brand":[],"product_cat":[685],"product_tag":[755,10495,752],"class_list":{"0":"post-116947","1":"product","2":"type-product","3":"status-publish","4":"has-post-thumbnail","6":"product_cat-libros","7":"product_tag-book","8":"product_tag-el-tiempo-no-es-dinero","9":"product_tag-libro","11":"first","12":"instock","13":"taxable","14":"shipping-taxable","15":"purchasable","16":"product-type-simple"},"acf":[],"aioseo_notices":[],"_links":{"self":[{"href":"https:\/\/www.argensend.com\/en\/wp-json\/wp\/v2\/product\/116947","targetHints":{"allow":["GET"]}}],"collection":[{"href":"https:\/\/www.argensend.com\/en\/wp-json\/wp\/v2\/product"}],"about":[{"href":"https:\/\/www.argensend.com\/en\/wp-json\/wp\/v2\/types\/product"}],"replies":[{"embeddable":true,"href":"https:\/\/www.argensend.com\/en\/wp-json\/wp\/v2\/comments?post=116947"}],"version-history":[{"count":1,"href":"https:\/\/www.argensend.com\/en\/wp-json\/wp\/v2\/product\/116947\/revisions"}],"predecessor-version":[{"id":116949,"href":"https:\/\/www.argensend.com\/en\/wp-json\/wp\/v2\/product\/116947\/revisions\/116949"}],"wp:featuredmedia":[{"embeddable":true,"href":"https:\/\/www.argensend.com\/en\/wp-json\/wp\/v2\/media\/116948"}],"wp:attachment":[{"href":"https:\/\/www.argensend.com\/en\/wp-json\/wp\/v2\/media?parent=116947"}],"wp:term":[{"taxonomy":"brand","embeddable":true,"href":"https:\/\/www.argensend.com\/en\/wp-json\/wp\/v2\/etheme_brands?post=116947"},{"taxonomy":"product_brand","embeddable":true,"href":"https:\/\/www.argensend.com\/en\/wp-json\/wp\/v2\/product_brand?post=116947"},{"taxonomy":"product_cat","embeddable":true,"href":"https:\/\/www.argensend.com\/en\/wp-json\/wp\/v2\/product_cat?post=116947"},{"taxonomy":"product_tag","embeddable":true,"href":"https:\/\/www.argensend.com\/en\/wp-json\/wp\/v2\/product_tag?post=116947"}],"curies":[{"name":"wp","href":"https:\/\/api.w.org\/{rel}","templated":true}]}}