{"id":116950,"date":"2024-09-05T13:32:52","date_gmt":"2024-09-05T16:32:52","guid":{"rendered":"https:\/\/www.argensend.com\/?post_type=product&#038;p=116950"},"modified":"2024-12-06T16:49:12","modified_gmt":"2024-12-06T19:49:12","slug":"libro-breve-historia-de-los-argentinos-felix-luna","status":"publish","type":"product","link":"https:\/\/www.argensend.com\/en\/product\/libro-breve-historia-de-los-argentinos-felix-luna\/","title":{"rendered":"Libro &#8211; &#8220;Breve historia de los argentinos&#8221; &#8211; F\u00e9lix Luna"},"content":{"rendered":"","protected":false},"excerpt":{"rendered":"<p>&#8216;F\u00e9lix Luna ocupa un lugar tan singular como imprescindible en el campo de quienes nos dedicamos a la historia; su conocimiento y su difusi\u00f3n. Escribi\u00f3 varios libros notables; entre los que elijo dos que para mi gusto son sobresalientes: El 45 y Ortiz; e impuls\u00f3 un emprendimiento fundamental; la revista Todo es Historia; tan importante para acercar nuevos lectores como para impulsar a nuevos investigadores; quienes tuvieron ocasi\u00f3n de codearse; en esta publicaci\u00f3n mensual; con los m\u00e1s destacados historiadores del momento.Este libro encantador; publicado inicialmente en 1993; es la versi\u00f3n levemente editada de las diecis\u00e9is clases de un curso que Luna acababa de dictar; y los rastros de la oralidad forman parte de su atractivo. Muestra dos de sus facetas singulares: la capacidad para elaborar una s\u00edntesis inteligente de cuatro siglos de historia argentina &#8216;algo sumamente dif\u00edcil para el historiador especializado&#8217; y la de exponerla de un modo que atraiga y cautive a su p\u00fablico&#8217;.\u00a0LUIS ALBERTO ROMERO<\/p>","protected":false},"featured_media":116951,"comment_status":"closed","ping_status":"closed","template":"","meta":{"_acf_changed":false,"om_disable_all_campaigns":false,"_monsterinsights_skip_tracking":false,"_monsterinsights_sitenote_active":false,"_monsterinsights_sitenote_note":"","_monsterinsights_sitenote_category":0},"etheme_brands":[],"product_brand":[],"product_cat":[685],"product_tag":[755,10496,752],"class_list":{"0":"post-116950","1":"product","2":"type-product","3":"status-publish","4":"has-post-thumbnail","6":"product_cat-libros","7":"product_tag-book","8":"product_tag-breve-historia-de-los-argentinos","9":"product_tag-libro","11":"first","12":"instock","13":"taxable","14":"shipping-taxable","15":"purchasable","16":"product-type-simple"},"acf":[],"aioseo_notices":[],"_links":{"self":[{"href":"https:\/\/www.argensend.com\/en\/wp-json\/wp\/v2\/product\/116950","targetHints":{"allow":["GET"]}}],"collection":[{"href":"https:\/\/www.argensend.com\/en\/wp-json\/wp\/v2\/product"}],"about":[{"href":"https:\/\/www.argensend.com\/en\/wp-json\/wp\/v2\/types\/product"}],"replies":[{"embeddable":true,"href":"https:\/\/www.argensend.com\/en\/wp-json\/wp\/v2\/comments?post=116950"}],"version-history":[{"count":2,"href":"https:\/\/www.argensend.com\/en\/wp-json\/wp\/v2\/product\/116950\/revisions"}],"predecessor-version":[{"id":116953,"href":"https:\/\/www.argensend.com\/en\/wp-json\/wp\/v2\/product\/116950\/revisions\/116953"}],"wp:featuredmedia":[{"embeddable":true,"href":"https:\/\/www.argensend.com\/en\/wp-json\/wp\/v2\/media\/116951"}],"wp:attachment":[{"href":"https:\/\/www.argensend.com\/en\/wp-json\/wp\/v2\/media?parent=116950"}],"wp:term":[{"taxonomy":"brand","embeddable":true,"href":"https:\/\/www.argensend.com\/en\/wp-json\/wp\/v2\/etheme_brands?post=116950"},{"taxonomy":"product_brand","embeddable":true,"href":"https:\/\/www.argensend.com\/en\/wp-json\/wp\/v2\/product_brand?post=116950"},{"taxonomy":"product_cat","embeddable":true,"href":"https:\/\/www.argensend.com\/en\/wp-json\/wp\/v2\/product_cat?post=116950"},{"taxonomy":"product_tag","embeddable":true,"href":"https:\/\/www.argensend.com\/en\/wp-json\/wp\/v2\/product_tag?post=116950"}],"curies":[{"name":"wp","href":"https:\/\/api.w.org\/{rel}","templated":true}]}}