{"id":116962,"date":"2024-09-05T13:50:15","date_gmt":"2024-09-05T16:50:15","guid":{"rendered":"https:\/\/www.argensend.com\/?post_type=product&#038;p=116962"},"modified":"2024-12-06T16:49:12","modified_gmt":"2024-12-06T19:49:12","slug":"libro-cuadernos-de-la-guerra-y-otros-textos-marguerite-duras","status":"publish","type":"product","link":"https:\/\/www.argensend.com\/en\/product\/libro-cuadernos-de-la-guerra-y-otros-textos-marguerite-duras\/","title":{"rendered":"Libro &#8211; &#8220;Cuadernos de la guerra y otros textos&#8221; &#8211; Marguerite Duras"},"content":{"rendered":"","protected":false},"excerpt":{"rendered":"<p>\u00abUn documento autobiogr\u00e1fico \u00fanico; un testimonio muy valioso sobre la g\u00e9nesis de la obra de Marguerite Duras.\u00bb La Repubblica\u00abLa mejor escritora francesa del siglo XX.\u00bb Jos\u00e9 Mar\u00eda Guelbenzu; El Pa\u00eds\u00abImpecable narradora y apasionada incorregible.\u00bb Concha Garc\u00eda; La Raz\u00f3n\u00abMarguerite Duras\u00a0&#8216;; tremenda hija de su siglo. Europa; colonialismo; post colonialismo; ilustraci\u00f3n; capitalismo; comunismo; guerras mundiales; literatura; cine. Pasi\u00f3n. Todo est\u00e1 all\u00ed; en esa vida. En esa escritura rabiosa; elegante; inteligente; feroz; sensual.\u00bb Diana Fern\u00e1ndez Irusta; La Naci\u00f3n\u00abCon los a\u00f1os; la cr\u00edtica y los lectores reconocieron la maestr\u00eda de Duras para pintar universos y emociones; y su habilidad inusitada para crear y recrear a sus personajes.\u00bb Tamara Tenenbaum; Infobae Escritos entre 1943 y 1949; es decir; en plena Segunda Guerra Mundial y en los inmediatos a\u00f1os posteriores; Marguerite Duras guard\u00f3 estos textos durante d\u00e9cadas en su casa en Neauphle-le-Ch\u00e2teau; solo en 1995; poco antes de morir; decidi\u00f3 legarlos al Institut M\u00e9moires de l&#8217;\u00c9dition Contemporaine. El volumen contiene relatos autobiogr\u00e1ficos; en particular sobre su ni\u00f1ez y su juventud en Indochina; y esbozos de c\u00e9lebres novelas suyas; como; entre otras; El dolor o Un dique contra el Pac\u00edfico. Asoman en ellos los acontecimientos centrales de su vida (la muerte de su primer hijo; la de su hermano; la Resistencia; la deportaci\u00f3n y el regreso de Robert Antelme; su trayectoria pol\u00edtica; el nacimiento de su segundo hijo; y figuras centrales de toda su obra: su madre; sus hermanos; su primer amante). Tambi\u00e9n revelan su proceso de escritura; la patente frescura de sus comienzos; que nunca abandon\u00f3; y la insistencia en dos momentos vitales que siempre llev\u00f3 consigo: la infancia y la guerra. Y todo ello sin complacencia; sin nostalgia; sin concesiones.<\/p>","protected":false},"featured_media":116963,"comment_status":"closed","ping_status":"closed","template":"","meta":{"_acf_changed":false,"om_disable_all_campaigns":false,"_monsterinsights_skip_tracking":false,"_monsterinsights_sitenote_active":false,"_monsterinsights_sitenote_note":"","_monsterinsights_sitenote_category":0},"etheme_brands":[],"product_brand":[],"product_cat":[685],"product_tag":[755,10499,752],"class_list":{"0":"post-116962","1":"product","2":"type-product","3":"status-publish","4":"has-post-thumbnail","6":"product_cat-libros","7":"product_tag-book","8":"product_tag-cuadernos-de-la-guerra","9":"product_tag-libro","11":"first","12":"instock","13":"taxable","14":"shipping-taxable","15":"purchasable","16":"product-type-simple"},"acf":[],"aioseo_notices":[],"_links":{"self":[{"href":"https:\/\/www.argensend.com\/en\/wp-json\/wp\/v2\/product\/116962","targetHints":{"allow":["GET"]}}],"collection":[{"href":"https:\/\/www.argensend.com\/en\/wp-json\/wp\/v2\/product"}],"about":[{"href":"https:\/\/www.argensend.com\/en\/wp-json\/wp\/v2\/types\/product"}],"replies":[{"embeddable":true,"href":"https:\/\/www.argensend.com\/en\/wp-json\/wp\/v2\/comments?post=116962"}],"version-history":[{"count":1,"href":"https:\/\/www.argensend.com\/en\/wp-json\/wp\/v2\/product\/116962\/revisions"}],"predecessor-version":[{"id":116964,"href":"https:\/\/www.argensend.com\/en\/wp-json\/wp\/v2\/product\/116962\/revisions\/116964"}],"wp:featuredmedia":[{"embeddable":true,"href":"https:\/\/www.argensend.com\/en\/wp-json\/wp\/v2\/media\/116963"}],"wp:attachment":[{"href":"https:\/\/www.argensend.com\/en\/wp-json\/wp\/v2\/media?parent=116962"}],"wp:term":[{"taxonomy":"brand","embeddable":true,"href":"https:\/\/www.argensend.com\/en\/wp-json\/wp\/v2\/etheme_brands?post=116962"},{"taxonomy":"product_brand","embeddable":true,"href":"https:\/\/www.argensend.com\/en\/wp-json\/wp\/v2\/product_brand?post=116962"},{"taxonomy":"product_cat","embeddable":true,"href":"https:\/\/www.argensend.com\/en\/wp-json\/wp\/v2\/product_cat?post=116962"},{"taxonomy":"product_tag","embeddable":true,"href":"https:\/\/www.argensend.com\/en\/wp-json\/wp\/v2\/product_tag?post=116962"}],"curies":[{"name":"wp","href":"https:\/\/api.w.org\/{rel}","templated":true}]}}