{"id":116965,"date":"2024-09-05T13:55:00","date_gmt":"2024-09-05T16:55:00","guid":{"rendered":"https:\/\/www.argensend.com\/?post_type=product&#038;p=116965"},"modified":"2024-12-06T16:49:12","modified_gmt":"2024-12-06T19:49:12","slug":"libro-doquier-angelica-gorodischer","status":"publish","type":"product","link":"https:\/\/www.argensend.com\/en\/product\/libro-doquier-angelica-gorodischer\/","title":{"rendered":"Libro &#8211; &#8220;Doquier&#8221; &#8211; Angelica Gorodischer"},"content":{"rendered":"","protected":false},"excerpt":{"rendered":"<p>Durante los \u00faltimos meses de un siglo que podr\u00eda ser el XVIII; en una ciudad junto a un r\u00edo; una herborister\u00eda cuida la salud de sus conciudadanos; al tiempo que; como la jaboner\u00eda de Vieytes; se constituye en punto neur\u00e1lgico del chisme citadino. Quien la preside rememora vida y amores desde la aparente postraci\u00f3n en un sill\u00f3n. Su gato-gata; los j\u00f3venes Raimundo y Crocetta; pero tambi\u00e9n Elodia y Casiano; todo en esta novela magistral tematiza la convicci\u00f3n profunda de que si est\u00e1 vivo; muta. Ense\u00f1oreada de su oficio; brillante en la construcci\u00f3n y la prosa; Ang\u00e9lica Gorodischer devela las capas de la trama de Doquier como se pela una cebolla: con paciencia.<\/p>","protected":false},"featured_media":116966,"comment_status":"closed","ping_status":"closed","template":"","meta":{"_acf_changed":false,"om_disable_all_campaigns":false,"_monsterinsights_skip_tracking":false,"_monsterinsights_sitenote_active":false,"_monsterinsights_sitenote_note":"","_monsterinsights_sitenote_category":0},"etheme_brands":[],"product_brand":[],"product_cat":[685],"product_tag":[755,10500,752],"class_list":{"0":"post-116965","1":"product","2":"type-product","3":"status-publish","4":"has-post-thumbnail","6":"product_cat-libros","7":"product_tag-book","8":"product_tag-doquier","9":"product_tag-libro","11":"first","12":"instock","13":"taxable","14":"shipping-taxable","15":"purchasable","16":"product-type-simple"},"acf":[],"aioseo_notices":[],"_links":{"self":[{"href":"https:\/\/www.argensend.com\/en\/wp-json\/wp\/v2\/product\/116965","targetHints":{"allow":["GET"]}}],"collection":[{"href":"https:\/\/www.argensend.com\/en\/wp-json\/wp\/v2\/product"}],"about":[{"href":"https:\/\/www.argensend.com\/en\/wp-json\/wp\/v2\/types\/product"}],"replies":[{"embeddable":true,"href":"https:\/\/www.argensend.com\/en\/wp-json\/wp\/v2\/comments?post=116965"}],"version-history":[{"count":1,"href":"https:\/\/www.argensend.com\/en\/wp-json\/wp\/v2\/product\/116965\/revisions"}],"predecessor-version":[{"id":116967,"href":"https:\/\/www.argensend.com\/en\/wp-json\/wp\/v2\/product\/116965\/revisions\/116967"}],"wp:featuredmedia":[{"embeddable":true,"href":"https:\/\/www.argensend.com\/en\/wp-json\/wp\/v2\/media\/116966"}],"wp:attachment":[{"href":"https:\/\/www.argensend.com\/en\/wp-json\/wp\/v2\/media?parent=116965"}],"wp:term":[{"taxonomy":"brand","embeddable":true,"href":"https:\/\/www.argensend.com\/en\/wp-json\/wp\/v2\/etheme_brands?post=116965"},{"taxonomy":"product_brand","embeddable":true,"href":"https:\/\/www.argensend.com\/en\/wp-json\/wp\/v2\/product_brand?post=116965"},{"taxonomy":"product_cat","embeddable":true,"href":"https:\/\/www.argensend.com\/en\/wp-json\/wp\/v2\/product_cat?post=116965"},{"taxonomy":"product_tag","embeddable":true,"href":"https:\/\/www.argensend.com\/en\/wp-json\/wp\/v2\/product_tag?post=116965"}],"curies":[{"name":"wp","href":"https:\/\/api.w.org\/{rel}","templated":true}]}}