{"id":117010,"date":"2024-09-06T10:44:59","date_gmt":"2024-09-06T13:44:59","guid":{"rendered":"https:\/\/www.argensend.com\/?post_type=product&#038;p=117010"},"modified":"2024-12-06T16:49:13","modified_gmt":"2024-12-06T19:49:13","slug":"libro-los-soles-de-santiago-viviana-rivero","status":"publish","type":"product","link":"https:\/\/www.argensend.com\/en\/product\/libro-los-soles-de-santiago-viviana-rivero\/","title":{"rendered":"Libro &#8211; &#8220;Los soles de Santiago&#8221; &#8211; Viviana Rivero"},"content":{"rendered":"","protected":false},"excerpt":{"rendered":"<p>Dos mujeres valientes entrelazan dos momentos hist\u00f3ricos; el a\u00f1o 31 a.C. y el a\u00f1o 2055. En esos tiempos tan distantes entre s\u00ed; ambas transitan por una misma geograf\u00eda; que hoy se conoce como el Camino de Santiago; en Espa\u00f1a. Es el futuro y las autoridades globales controlan las vidas de las personas. Como parte de un plan sistem\u00e1tico; ya no se ven adultos mayores en las calles: desaparecieron tras las \u00faltimas pandemias que azotaron el planeta. Eme perdi\u00f3 a sus padres y est\u00e1 sola; agobiada y sin trabajo. Todo cambia cuando se cruza con Hache; miembro de una organizaci\u00f3n rebelde que planea un sabotaje en Santiago de Compostela. A fin de infiltrarse sin levantar sospechas; Eme asume la identidad de una peregrina. Mientras avanza por las rutas ancestrales; se ve inmersa en un mundo nuevo; que la conecta con la naturaleza y la espiritualidad. All\u00ed conoce a Ori\u00f3n; con quien vivir\u00e1 un gran amor; y se adentra en una antiqu\u00edsima historia vinculada con Las M\u00e9dulas; m\u00edtica mina de oro del Imperio romano; y con Cazue; una mujer perteneciente a la tribu de los astures que libr\u00f3 una dura batalla para recuperar a su hijo robado. Viviana Rivero vuelve con una novela adictiva y vibrante; que se aventura a la vez en el futuro y en el pasado. M\u00e1s all\u00e1 de su cautivadora trama; Los soles de Santiago plantea cuestiones fundamentales acerca del destino peligroso que se cierne sobre el ser humano cuando violenta la armon\u00eda del universo.<\/p>","protected":false},"featured_media":117013,"comment_status":"closed","ping_status":"closed","template":"","meta":{"_acf_changed":false,"om_disable_all_campaigns":false,"_monsterinsights_skip_tracking":false,"_monsterinsights_sitenote_active":false,"_monsterinsights_sitenote_note":"","_monsterinsights_sitenote_category":0},"etheme_brands":[],"product_brand":[],"product_cat":[685],"product_tag":[755,752,10502],"class_list":{"0":"post-117010","1":"product","2":"type-product","3":"status-publish","4":"has-post-thumbnail","6":"product_cat-libros","7":"product_tag-book","8":"product_tag-libro","9":"product_tag-los-soles-de-santiago","11":"first","12":"instock","13":"taxable","14":"shipping-taxable","15":"purchasable","16":"product-type-simple"},"acf":[],"aioseo_notices":[],"_links":{"self":[{"href":"https:\/\/www.argensend.com\/en\/wp-json\/wp\/v2\/product\/117010","targetHints":{"allow":["GET"]}}],"collection":[{"href":"https:\/\/www.argensend.com\/en\/wp-json\/wp\/v2\/product"}],"about":[{"href":"https:\/\/www.argensend.com\/en\/wp-json\/wp\/v2\/types\/product"}],"replies":[{"embeddable":true,"href":"https:\/\/www.argensend.com\/en\/wp-json\/wp\/v2\/comments?post=117010"}],"version-history":[{"count":1,"href":"https:\/\/www.argensend.com\/en\/wp-json\/wp\/v2\/product\/117010\/revisions"}],"predecessor-version":[{"id":117014,"href":"https:\/\/www.argensend.com\/en\/wp-json\/wp\/v2\/product\/117010\/revisions\/117014"}],"wp:featuredmedia":[{"embeddable":true,"href":"https:\/\/www.argensend.com\/en\/wp-json\/wp\/v2\/media\/117013"}],"wp:attachment":[{"href":"https:\/\/www.argensend.com\/en\/wp-json\/wp\/v2\/media?parent=117010"}],"wp:term":[{"taxonomy":"brand","embeddable":true,"href":"https:\/\/www.argensend.com\/en\/wp-json\/wp\/v2\/etheme_brands?post=117010"},{"taxonomy":"product_brand","embeddable":true,"href":"https:\/\/www.argensend.com\/en\/wp-json\/wp\/v2\/product_brand?post=117010"},{"taxonomy":"product_cat","embeddable":true,"href":"https:\/\/www.argensend.com\/en\/wp-json\/wp\/v2\/product_cat?post=117010"},{"taxonomy":"product_tag","embeddable":true,"href":"https:\/\/www.argensend.com\/en\/wp-json\/wp\/v2\/product_tag?post=117010"}],"curies":[{"name":"wp","href":"https:\/\/api.w.org\/{rel}","templated":true}]}}