{"id":117015,"date":"2024-09-06T10:55:38","date_gmt":"2024-09-06T13:55:38","guid":{"rendered":"https:\/\/www.argensend.com\/?post_type=product&#038;p=117015"},"modified":"2024-12-06T16:49:13","modified_gmt":"2024-12-06T19:49:13","slug":"libro-morder-el-polvo-lyla-sage","status":"publish","type":"product","link":"https:\/\/www.argensend.com\/en\/product\/libro-morder-el-polvo-lyla-sage\/","title":{"rendered":"Libro &#8211; &#8220;Morder el polvo&#8221; &#8211; Lyla Sage"},"content":{"rendered":"","protected":false},"excerpt":{"rendered":"<p>Ella est\u00e1 fuera de su alcance. Pero \u00e9l es un experto en saltarse las reglas.Por primera vez en su vida; Clementine \u00abEmmy\u00bb Ryder no sabe qu\u00e9 hacer. Ha conseguido cumplir todos los objetivos que se hab\u00eda propuesto. Dej\u00f3 su pueblo natal;acab\u00f3 sus estudios y se forj\u00f3 una reputaci\u00f3n haciendo lo que m\u00e1s le gusta: montar a caballo. Pero cuando una lesi\u00f3n se convierte en un obst\u00e1culo imposible de salvar;Emmy lo deja todo atr\u00e1s y vuelve al lugar del que lleva huyendo toda la vida.Luke Brooks es el \u00abchico malo\u00bb m\u00e1s conocido de Meadowlark; adem\u00e1s del nuevo propietario del bar local. Tambi\u00e9n es miembro extraoficial de la familia Ryder; y pas\u00f3 toda su infancia molestando a Emmy; la peque\u00f1a del clan. Han pasado a\u00f1os desde que vio por \u00faltima vez a la hermana de su mejor amigo; pero desde el momento en que la joven entra de nuevo en el bar y regresa a su vida; no puede apartar su mirada de ella.Brooks est\u00e1 decidido a descubrir por qu\u00e9 Emmy ha vuelto a Meadowlark y qu\u00e9 ha ocurrido para que el brillo de sus ojos se haya apagado. Pero; primero; necesita que acepte su propuesta de ser amigos. Una oferta que no tiene nada que ver con el hecho de que no pueda dejar de pensar en ella. Al menos; eso es lo que se dice a s\u00ed mismo.A medida que la relaci\u00f3n entre ambos se vuelve m\u00e1s estrecha; resulta dif\u00edcil para Brooks mantenerse alejado de Emmy. \u00bfPodr\u00e1 ayudarla a recuperar su chispa? \u00bfO ambos arder\u00e1n en llamas?\u00abEsta lectura apasionante indaga en el universo de un amor prohibido que tiene lugar en un peque\u00f1o pueblo.Rebosante de tensi\u00f3n y pasi\u00f3n; Morder el polvo te mantendr\u00e1 en vela hasta altas horas de la madrugada\u00bb.Wide Open Country; \u00abLos 20 mejores libros de 2023 seg\u00fan BookTok\u00bb<\/p>","protected":false},"featured_media":117017,"comment_status":"closed","ping_status":"closed","template":"","meta":{"_acf_changed":false,"om_disable_all_campaigns":false,"_monsterinsights_skip_tracking":false,"_monsterinsights_sitenote_active":false,"_monsterinsights_sitenote_note":"","_monsterinsights_sitenote_category":0},"etheme_brands":[],"product_brand":[],"product_cat":[685],"product_tag":[755,752,10503],"class_list":{"0":"post-117015","1":"product","2":"type-product","3":"status-publish","4":"has-post-thumbnail","6":"product_cat-libros","7":"product_tag-book","8":"product_tag-libro","9":"product_tag-morder-el-polvo","11":"first","12":"instock","13":"taxable","14":"shipping-taxable","15":"purchasable","16":"product-type-simple"},"acf":[],"aioseo_notices":[],"_links":{"self":[{"href":"https:\/\/www.argensend.com\/en\/wp-json\/wp\/v2\/product\/117015","targetHints":{"allow":["GET"]}}],"collection":[{"href":"https:\/\/www.argensend.com\/en\/wp-json\/wp\/v2\/product"}],"about":[{"href":"https:\/\/www.argensend.com\/en\/wp-json\/wp\/v2\/types\/product"}],"replies":[{"embeddable":true,"href":"https:\/\/www.argensend.com\/en\/wp-json\/wp\/v2\/comments?post=117015"}],"version-history":[{"count":1,"href":"https:\/\/www.argensend.com\/en\/wp-json\/wp\/v2\/product\/117015\/revisions"}],"predecessor-version":[{"id":117019,"href":"https:\/\/www.argensend.com\/en\/wp-json\/wp\/v2\/product\/117015\/revisions\/117019"}],"wp:featuredmedia":[{"embeddable":true,"href":"https:\/\/www.argensend.com\/en\/wp-json\/wp\/v2\/media\/117017"}],"wp:attachment":[{"href":"https:\/\/www.argensend.com\/en\/wp-json\/wp\/v2\/media?parent=117015"}],"wp:term":[{"taxonomy":"brand","embeddable":true,"href":"https:\/\/www.argensend.com\/en\/wp-json\/wp\/v2\/etheme_brands?post=117015"},{"taxonomy":"product_brand","embeddable":true,"href":"https:\/\/www.argensend.com\/en\/wp-json\/wp\/v2\/product_brand?post=117015"},{"taxonomy":"product_cat","embeddable":true,"href":"https:\/\/www.argensend.com\/en\/wp-json\/wp\/v2\/product_cat?post=117015"},{"taxonomy":"product_tag","embeddable":true,"href":"https:\/\/www.argensend.com\/en\/wp-json\/wp\/v2\/product_tag?post=117015"}],"curies":[{"name":"wp","href":"https:\/\/api.w.org\/{rel}","templated":true}]}}