{"id":117020,"date":"2024-09-06T11:05:22","date_gmt":"2024-09-06T14:05:22","guid":{"rendered":"https:\/\/www.argensend.com\/?post_type=product&#038;p=117020"},"modified":"2024-12-06T16:49:13","modified_gmt":"2024-12-06T19:49:13","slug":"libro-seras-tan-feliz-como-insistas-gisela-gilges","status":"publish","type":"product","link":"https:\/\/www.argensend.com\/en\/product\/libro-seras-tan-feliz-como-insistas-gisela-gilges\/","title":{"rendered":"Libro &#8211; &#8220;Ser\u00e1s tan feliz como insistas&#8221; &#8211; Gisela Gilges"},"content":{"rendered":"","protected":false},"excerpt":{"rendered":"<p>Todos pasamos por experiencias dif\u00edciles que marcan un antes y un despu\u00e9s en nuestras vidas. Ante estos escenarios podemos salir adelante o darnos por vencidos. \u00bfLa amenaza es inevitable, pero la derrota es selectiva\u00bf, sostiene Gisela Giges, life coach y autora del best seller &#8220;Cuentos de amor propio&#8221;. En este libro te propone un acercamiento a tu vulnerabilidad y a tus miedos para comenzar un camino de verdadera evoluci\u00f3n. A trav\u00e9s de historias reales, ejercicios y reflexiones, ser\u00e1s consciente de tu resiliencia emocional y descubrir\u00e1s tus propios recursos de fortaleza. Un nuevo desaf\u00edo te espera\u00bf y ser\u00e1s tan feliz como insistas.<\/p>","protected":false},"featured_media":117021,"comment_status":"closed","ping_status":"closed","template":"","meta":{"_acf_changed":false,"om_disable_all_campaigns":false,"_monsterinsights_skip_tracking":false,"_monsterinsights_sitenote_active":false,"_monsterinsights_sitenote_note":"","_monsterinsights_sitenote_category":0,"jetpack_post_was_ever_published":false},"etheme_brands":[],"product_brand":[],"product_cat":[685],"product_tag":[755,10500,752],"class_list":{"0":"post-117020","1":"product","2":"type-product","3":"status-publish","4":"has-post-thumbnail","6":"product_cat-libros","7":"product_tag-book","8":"product_tag-doquier","9":"product_tag-libro","11":"first","12":"instock","13":"taxable","14":"shipping-taxable","15":"purchasable","16":"product-type-simple"},"acf":[],"aioseo_notices":[],"jetpack_sharing_enabled":true,"_links":{"self":[{"href":"https:\/\/www.argensend.com\/en\/wp-json\/wp\/v2\/product\/117020","targetHints":{"allow":["GET"]}}],"collection":[{"href":"https:\/\/www.argensend.com\/en\/wp-json\/wp\/v2\/product"}],"about":[{"href":"https:\/\/www.argensend.com\/en\/wp-json\/wp\/v2\/types\/product"}],"replies":[{"embeddable":true,"href":"https:\/\/www.argensend.com\/en\/wp-json\/wp\/v2\/comments?post=117020"}],"version-history":[{"count":1,"href":"https:\/\/www.argensend.com\/en\/wp-json\/wp\/v2\/product\/117020\/revisions"}],"predecessor-version":[{"id":117022,"href":"https:\/\/www.argensend.com\/en\/wp-json\/wp\/v2\/product\/117020\/revisions\/117022"}],"wp:featuredmedia":[{"embeddable":true,"href":"https:\/\/www.argensend.com\/en\/wp-json\/wp\/v2\/media\/117021"}],"wp:attachment":[{"href":"https:\/\/www.argensend.com\/en\/wp-json\/wp\/v2\/media?parent=117020"}],"wp:term":[{"taxonomy":"brand","embeddable":true,"href":"https:\/\/www.argensend.com\/en\/wp-json\/wp\/v2\/etheme_brands?post=117020"},{"taxonomy":"product_brand","embeddable":true,"href":"https:\/\/www.argensend.com\/en\/wp-json\/wp\/v2\/product_brand?post=117020"},{"taxonomy":"product_cat","embeddable":true,"href":"https:\/\/www.argensend.com\/en\/wp-json\/wp\/v2\/product_cat?post=117020"},{"taxonomy":"product_tag","embeddable":true,"href":"https:\/\/www.argensend.com\/en\/wp-json\/wp\/v2\/product_tag?post=117020"}],"curies":[{"name":"wp","href":"https:\/\/api.w.org\/{rel}","templated":true}]}}