{"id":117036,"date":"2024-09-06T12:40:24","date_gmt":"2024-09-06T15:40:24","guid":{"rendered":"https:\/\/www.argensend.com\/?post_type=product&#038;p=117036"},"modified":"2025-04-22T17:59:29","modified_gmt":"2025-04-22T20:59:29","slug":"barritas-proteicas-gentech-iron-bar-cookies-and-cream-20-unidades-sin-tacc","status":"publish","type":"product","link":"https:\/\/www.argensend.com\/en\/product\/barritas-proteicas-gentech-iron-bar-cookies-and-cream-20-unidades-sin-tacc\/","title":{"rendered":"Barritas Proteicas &#8211; Gentech Iron Bar &#8211; Cookies And Cream &#8211; 20 Unidades Sin Tacc"},"content":{"rendered":"<p>Barras proteicas &#8211; Sabor Cookies And Cream<\/p>","protected":false},"excerpt":{"rendered":"<p>Las barritas proteicas GenTech son el aliado perfecto para aquellos que buscan un estilo de vida activo y saludable. Con una deliciosa combinaci\u00f3n de sabores y una cuidadosa selecci\u00f3n de ingredientes de alta calidad, estas barritas ofrecen un aporte nutritivo \u00f3ptimo para satisfacer tus necesidades diarias.<\/p>\n<p>Su conveniente formato las hace ideales para llevar a cualquier parte, ya sea al gimnasio, al trabajo o simplemente como un tentempi\u00e9 nutritivo entre comidas. Disfruta de un impulso de energ\u00eda y prote\u00ednas con cada bocado, respaldado por la calidad y confiabilidad que caracteriza a la marca GenTech.<\/p>","protected":false},"featured_media":117032,"comment_status":"closed","ping_status":"closed","template":"","meta":{"_acf_changed":false,"om_disable_all_campaigns":false,"_monsterinsights_skip_tracking":false,"_monsterinsights_sitenote_active":false,"_monsterinsights_sitenote_note":"","_monsterinsights_sitenote_category":0},"etheme_brands":[],"product_brand":[],"product_cat":[8800,3292],"product_tag":[],"class_list":{"0":"post-117036","1":"product","2":"type-product","3":"status-publish","4":"has-post-thumbnail","6":"product_cat-alimentos-gluten-free-sin-tacc","7":"product_cat-bajas-calorias","9":"first","10":"instock","11":"taxable","12":"shipping-taxable","13":"purchasable","14":"product-type-simple"},"acf":[],"aioseo_notices":[],"_links":{"self":[{"href":"https:\/\/www.argensend.com\/en\/wp-json\/wp\/v2\/product\/117036","targetHints":{"allow":["GET"]}}],"collection":[{"href":"https:\/\/www.argensend.com\/en\/wp-json\/wp\/v2\/product"}],"about":[{"href":"https:\/\/www.argensend.com\/en\/wp-json\/wp\/v2\/types\/product"}],"replies":[{"embeddable":true,"href":"https:\/\/www.argensend.com\/en\/wp-json\/wp\/v2\/comments?post=117036"}],"version-history":[{"count":4,"href":"https:\/\/www.argensend.com\/en\/wp-json\/wp\/v2\/product\/117036\/revisions"}],"predecessor-version":[{"id":117049,"href":"https:\/\/www.argensend.com\/en\/wp-json\/wp\/v2\/product\/117036\/revisions\/117049"}],"wp:featuredmedia":[{"embeddable":true,"href":"https:\/\/www.argensend.com\/en\/wp-json\/wp\/v2\/media\/117032"}],"wp:attachment":[{"href":"https:\/\/www.argensend.com\/en\/wp-json\/wp\/v2\/media?parent=117036"}],"wp:term":[{"taxonomy":"brand","embeddable":true,"href":"https:\/\/www.argensend.com\/en\/wp-json\/wp\/v2\/etheme_brands?post=117036"},{"taxonomy":"product_brand","embeddable":true,"href":"https:\/\/www.argensend.com\/en\/wp-json\/wp\/v2\/product_brand?post=117036"},{"taxonomy":"product_cat","embeddable":true,"href":"https:\/\/www.argensend.com\/en\/wp-json\/wp\/v2\/product_cat?post=117036"},{"taxonomy":"product_tag","embeddable":true,"href":"https:\/\/www.argensend.com\/en\/wp-json\/wp\/v2\/product_tag?post=117036"}],"curies":[{"name":"wp","href":"https:\/\/api.w.org\/{rel}","templated":true}]}}