{"id":117112,"date":"2024-09-09T09:12:40","date_gmt":"2024-09-09T12:12:40","guid":{"rendered":"https:\/\/www.argensend.com\/?post_type=product&#038;p=117112"},"modified":"2025-09-24T12:27:20","modified_gmt":"2025-09-24T15:27:20","slug":"cofler-alfajor-mousse-chocolate-40gr","status":"publish","type":"product","link":"https:\/\/www.argensend.com\/en\/product\/cofler-alfajor-mousse-chocolate-40gr\/","title":{"rendered":"Cofler &#8211; Alfajor Mousse Chocolate 40gr"},"content":{"rendered":"","protected":false},"excerpt":{"rendered":"<p>\u00a1Descubre el delicioso Alfajor Cofler Mousse! Este exquisito manjar de chocolate te transportar\u00e1 a un mundo de sabores irresistibles. Con un peso de 40g, para que puedas disfrutarlo en cualquier momento y lugar. El Alfajor Cofler Mousse combina la suavidad de su relleno de mousse con la intensidad del chocolate, creando una experiencia \u00fanica en cada bocado. Ideal para los amantes de los chocolates y los alfajores, este producto es perfecto para consentirte a vos mismo o para regalar a tus seres queridos. \u00a1No te resistas a su tentaci\u00f3n y a\u00f1\u00e1delo a tu carrito de compras ahora mismo!<\/p>","protected":false},"featured_media":117113,"comment_status":"closed","ping_status":"closed","template":"","meta":{"_acf_changed":false,"om_disable_all_campaigns":false,"_monsterinsights_skip_tracking":false,"_monsterinsights_sitenote_active":false,"_monsterinsights_sitenote_note":"","_monsterinsights_sitenote_category":0},"etheme_brands":[],"product_brand":[],"product_cat":[83],"product_tag":[156,337,230,231,203,234,235,236,232,233],"class_list":{"0":"post-117112","1":"product","2":"type-product","3":"status-publish","4":"has-post-thumbnail","6":"product_cat-alfajores-conitos","7":"product_tag-alfajor","8":"product_tag-alfajores","9":"product_tag-alimento","10":"product_tag-alimentos","11":"product_tag-argentina","12":"product_tag-argentine","13":"product_tag-delicias","14":"product_tag-delicious","15":"product_tag-food","16":"product_tag-foods","18":"first","19":"instock","20":"taxable","21":"shipping-taxable","22":"purchasable","23":"product-type-simple"},"acf":[],"aioseo_notices":[],"_links":{"self":[{"href":"https:\/\/www.argensend.com\/en\/wp-json\/wp\/v2\/product\/117112","targetHints":{"allow":["GET"]}}],"collection":[{"href":"https:\/\/www.argensend.com\/en\/wp-json\/wp\/v2\/product"}],"about":[{"href":"https:\/\/www.argensend.com\/en\/wp-json\/wp\/v2\/types\/product"}],"replies":[{"embeddable":true,"href":"https:\/\/www.argensend.com\/en\/wp-json\/wp\/v2\/comments?post=117112"}],"version-history":[{"count":2,"href":"https:\/\/www.argensend.com\/en\/wp-json\/wp\/v2\/product\/117112\/revisions"}],"predecessor-version":[{"id":117118,"href":"https:\/\/www.argensend.com\/en\/wp-json\/wp\/v2\/product\/117112\/revisions\/117118"}],"wp:featuredmedia":[{"embeddable":true,"href":"https:\/\/www.argensend.com\/en\/wp-json\/wp\/v2\/media\/117113"}],"wp:attachment":[{"href":"https:\/\/www.argensend.com\/en\/wp-json\/wp\/v2\/media?parent=117112"}],"wp:term":[{"taxonomy":"brand","embeddable":true,"href":"https:\/\/www.argensend.com\/en\/wp-json\/wp\/v2\/etheme_brands?post=117112"},{"taxonomy":"product_brand","embeddable":true,"href":"https:\/\/www.argensend.com\/en\/wp-json\/wp\/v2\/product_brand?post=117112"},{"taxonomy":"product_cat","embeddable":true,"href":"https:\/\/www.argensend.com\/en\/wp-json\/wp\/v2\/product_cat?post=117112"},{"taxonomy":"product_tag","embeddable":true,"href":"https:\/\/www.argensend.com\/en\/wp-json\/wp\/v2\/product_tag?post=117112"}],"curies":[{"name":"wp","href":"https:\/\/api.w.org\/{rel}","templated":true}]}}