{"id":11722,"date":"2020-10-24T01:25:33","date_gmt":"2020-10-24T04:25:33","guid":{"rendered":"https:\/\/www.argensend.com\/?post_type=product&#038;p=11722"},"modified":"2024-12-06T15:55:33","modified_gmt":"2024-12-06T18:55:33","slug":"essen-savarin-24-cm","status":"publish","type":"product","link":"https:\/\/www.argensend.com\/en\/product\/essen-savarin-24-cm\/","title":{"rendered":"Essen Savarin 24cm"},"content":{"rendered":"","protected":false},"excerpt":{"rendered":"<div>Es el complemento ideal para las Cacerolas Essen. Su dise\u00f1o novedoso permite lograr cocciones m\u00e1s r\u00e1pidas y presentaciones m\u00e1s atractivas. Su doble perilla brinda una segura sujeci\u00f3n y un f\u00e1cil desmolde. Adem\u00e1s, permite realizar preparaciones a ba\u00f1o mar\u00eda sin agua.<\/div>\n<div class=\"row\">\n<div class=\"col-sm-8 objeto-detalle\">\n<div class=\"objeto-detalle\">\n<div class=\"caracteristicas\">\n<ul>\n<li><b>Di\u00e1metro:\u00a0<\/b>24 cm<\/li>\n<li><b>Capacidad:\u00a0<\/b>2 litros<\/li>\n<li><b>Comensales:\u00a0<\/b>4<\/li>\n<li><b>Recubrimiento Interior:\u00a0<\/b>Cer\u00e1mica<\/li>\n<li><b>Recubrimiento Exterior:\u00a0<\/b>Cer\u00e1mica<\/li>\n<li><b>Material:\u00a0<\/b>Interior Acero inoxidable. Exterior y tapa silicona<br \/>\n\u2026\u2026\u2026\u2026\u2026\u2026\u2026\u2026\u2026\u2026\u2026\u2026\u2026\u2026\u2026\u2026\u2026\u2026\u2026\u2026\u2026\u2026\u2026\u2026\u2026\u2026\u2026\u2026\u2026\u2026\u2026\u2026\u2026\u2026\u2026\u2026\u2026\u2026\u2026\u2026\u2026\u2026\u2026\u2026\u2026<br \/>\nIt is the ideal complement for Essen casseroles. Its innovative design allows for faster cooking and more attractive presentations. Its double knob provides a secure grip and easy unmolding. In addition, it allows for waterless bain-marie preparations.<br \/>\nDiameter: 24 cm<br \/>\nCapacity: 2 liters<br \/>\nDiners: 4<br \/>\nInterior coating: Ceramic<br \/>\nOuter coating: Ceramic<br \/>\nMaterial: Interior stainless steel. Exterior and lid silicone<\/li>\n<\/ul>\n<\/div>\n<\/div>\n<\/div>\n<\/div>\n<p>&nbsp;<\/p>","protected":false},"featured_media":11723,"comment_status":"closed","ping_status":"closed","template":"","meta":{"_acf_changed":false,"om_disable_all_campaigns":false,"_monsterinsights_skip_tracking":false,"_monsterinsights_sitenote_active":false,"_monsterinsights_sitenote_note":"","_monsterinsights_sitenote_category":0},"etheme_brands":[],"product_brand":[],"product_cat":[606],"product_tag":[574,706,707,591,577,590,576,708],"class_list":{"0":"post-11722","1":"product","2":"type-product","3":"status-publish","4":"has-post-thumbnail","6":"product_cat-cocina-deco-bazar","7":"product_tag-essen","8":"product_tag-internacional","9":"product_tag-mirta","10":"product_tag-molde","11":"product_tag-oficial","12":"product_tag-savarin","13":"product_tag-usa","14":"product_tag-wilder","16":"first","17":"instock","18":"taxable","19":"shipping-taxable","20":"purchasable","21":"product-type-simple"},"acf":[],"aioseo_notices":[],"_links":{"self":[{"href":"https:\/\/www.argensend.com\/en\/wp-json\/wp\/v2\/product\/11722","targetHints":{"allow":["GET"]}}],"collection":[{"href":"https:\/\/www.argensend.com\/en\/wp-json\/wp\/v2\/product"}],"about":[{"href":"https:\/\/www.argensend.com\/en\/wp-json\/wp\/v2\/types\/product"}],"replies":[{"embeddable":true,"href":"https:\/\/www.argensend.com\/en\/wp-json\/wp\/v2\/comments?post=11722"}],"version-history":[{"count":1,"href":"https:\/\/www.argensend.com\/en\/wp-json\/wp\/v2\/product\/11722\/revisions"}],"predecessor-version":[{"id":101627,"href":"https:\/\/www.argensend.com\/en\/wp-json\/wp\/v2\/product\/11722\/revisions\/101627"}],"wp:featuredmedia":[{"embeddable":true,"href":"https:\/\/www.argensend.com\/en\/wp-json\/wp\/v2\/media\/11723"}],"wp:attachment":[{"href":"https:\/\/www.argensend.com\/en\/wp-json\/wp\/v2\/media?parent=11722"}],"wp:term":[{"taxonomy":"brand","embeddable":true,"href":"https:\/\/www.argensend.com\/en\/wp-json\/wp\/v2\/etheme_brands?post=11722"},{"taxonomy":"product_brand","embeddable":true,"href":"https:\/\/www.argensend.com\/en\/wp-json\/wp\/v2\/product_brand?post=11722"},{"taxonomy":"product_cat","embeddable":true,"href":"https:\/\/www.argensend.com\/en\/wp-json\/wp\/v2\/product_cat?post=11722"},{"taxonomy":"product_tag","embeddable":true,"href":"https:\/\/www.argensend.com\/en\/wp-json\/wp\/v2\/product_tag?post=11722"}],"curies":[{"name":"wp","href":"https:\/\/api.w.org\/{rel}","templated":true}]}}