{"id":117414,"date":"2024-09-24T10:43:03","date_gmt":"2024-09-24T13:43:03","guid":{"rendered":"https:\/\/www.argensend.com\/?post_type=product&#038;p=117414"},"modified":"2024-12-06T16:49:32","modified_gmt":"2024-12-06T19:49:32","slug":"garnier-mascarilla-en-tela-granada-biodegradable-1-unid","status":"publish","type":"product","link":"https:\/\/www.argensend.com\/en\/product\/garnier-mascarilla-en-tela-granada-biodegradable-1-unid\/","title":{"rendered":"Garnier- Mascarilla En Tela Granada Biodegradable 1 Unid"},"content":{"rendered":"","protected":false},"excerpt":{"rendered":"<p>Mascarilla en tela Hidratante Revitalizante. La misma de siempre, pero ahora en versi\u00f3n biodegradable: apta para compostar en tu casa, en un empaque de pl\u00e1stico reducido.<br \/>\nCompuesta por GRANADA ANTIOXIDANTE + \u00c1CIDO HIALUR\u00d3NICO + S\u00c9RUM HIDRATANTE. Su principal activo es el extracto de granada, tan conocido por ser uno de los antioxidantes m\u00e1s potentes. Refresca la piel para aportar una bomba de hidrataci\u00f3n intensa, una mayor luminosidad y reducir las l\u00edneas de expresi\u00f3n visiblemente.<br \/>\nIdeal para pieles deshidratadas. 1 mascarilla equivale a 1 semana de suero hidratante.<\/p>\n<p>Modo de uso: Desplegar la mascarilla y aplicarla sobre el rostro limpio y seco. El film protector azul debe quedar hacia la parte exterior del rostro. Retirar el film y ajustar los contornos. Dejar reposar 15 minutos. Retirar la mascarilla y masajear, si es necesario retirar el excedente con un algod\u00f3n. Para una rutina de cuidado facial completa, limpi\u00e1 y desmaquill\u00e1 tu piel todos los d\u00edas, por la ma\u00f1ana y la noche, con el Agua Micelar Todo en 1 para todo tipo de pieles o el Agua Micelar Pure Active para pieles mixtas a grasas. Luego, aplic\u00e1 la crema facial Hidratante 3 en 1 con masajes circulares. Sum\u00e1 1 vez por semana una bomba de hidrataci\u00f3n a tu piel con las Mascarillas en Tela HidraBomb de Garnier.<\/p>","protected":false},"featured_media":117415,"comment_status":"closed","ping_status":"closed","template":"","meta":{"_acf_changed":false,"om_disable_all_campaigns":false,"_monsterinsights_skip_tracking":false,"_monsterinsights_sitenote_active":false,"_monsterinsights_sitenote_note":"","_monsterinsights_sitenote_category":0},"etheme_brands":[],"product_brand":[],"product_cat":[8935,8820],"product_tag":[9735,10513,4249,10515,10516,9208],"class_list":{"0":"post-117414","1":"product","2":"type-product","3":"status-publish","4":"has-post-thumbnail","6":"product_cat-belleza-y-salud","7":"product_cat-jabones-y-shampoo","8":"product_tag-agua-micelar","9":"product_tag-garnier","10":"product_tag-gel","11":"product_tag-gel-hidratante","12":"product_tag-mascarilla","13":"product_tag-serum","15":"first","16":"instock","17":"taxable","18":"shipping-taxable","19":"purchasable","20":"product-type-simple"},"acf":[],"aioseo_notices":[],"_links":{"self":[{"href":"https:\/\/www.argensend.com\/en\/wp-json\/wp\/v2\/product\/117414","targetHints":{"allow":["GET"]}}],"collection":[{"href":"https:\/\/www.argensend.com\/en\/wp-json\/wp\/v2\/product"}],"about":[{"href":"https:\/\/www.argensend.com\/en\/wp-json\/wp\/v2\/types\/product"}],"replies":[{"embeddable":true,"href":"https:\/\/www.argensend.com\/en\/wp-json\/wp\/v2\/comments?post=117414"}],"version-history":[{"count":1,"href":"https:\/\/www.argensend.com\/en\/wp-json\/wp\/v2\/product\/117414\/revisions"}],"predecessor-version":[{"id":117416,"href":"https:\/\/www.argensend.com\/en\/wp-json\/wp\/v2\/product\/117414\/revisions\/117416"}],"wp:featuredmedia":[{"embeddable":true,"href":"https:\/\/www.argensend.com\/en\/wp-json\/wp\/v2\/media\/117415"}],"wp:attachment":[{"href":"https:\/\/www.argensend.com\/en\/wp-json\/wp\/v2\/media?parent=117414"}],"wp:term":[{"taxonomy":"brand","embeddable":true,"href":"https:\/\/www.argensend.com\/en\/wp-json\/wp\/v2\/etheme_brands?post=117414"},{"taxonomy":"product_brand","embeddable":true,"href":"https:\/\/www.argensend.com\/en\/wp-json\/wp\/v2\/product_brand?post=117414"},{"taxonomy":"product_cat","embeddable":true,"href":"https:\/\/www.argensend.com\/en\/wp-json\/wp\/v2\/product_cat?post=117414"},{"taxonomy":"product_tag","embeddable":true,"href":"https:\/\/www.argensend.com\/en\/wp-json\/wp\/v2\/product_tag?post=117414"}],"curies":[{"name":"wp","href":"https:\/\/api.w.org\/{rel}","templated":true}]}}