{"id":117417,"date":"2024-09-24T10:48:33","date_gmt":"2024-09-24T13:48:33","guid":{"rendered":"https:\/\/www.argensend.com\/?post_type=product&#038;p=117417"},"modified":"2024-12-06T16:49:32","modified_gmt":"2024-12-06T19:49:32","slug":"garnier-mascarilla-en-tela-te-verde-biodegradable-1-unid","status":"publish","type":"product","link":"https:\/\/www.argensend.com\/en\/product\/garnier-mascarilla-en-tela-te-verde-biodegradable-1-unid\/","title":{"rendered":"Garnier- Mascarilla En Tela T\u00e9 Verde Biodegradable 1 Unid"},"content":{"rendered":"","protected":false},"excerpt":{"rendered":"<p>Mascarilla en tela Hidratante Matificante. La misma de siempre, pero ahora en versi\u00f3n biodegradable: apta para compostar en tu casa, en un empaque de pl\u00e1stico reducido.<br \/>\nCompuesta por T\u00c9 VERDE + \u00c1CIDO HIALUR\u00d3NICO + S\u00c9RUM HIDRATANTE. Su principal principio activo es el extracto de t\u00e9 verde, famoso por sus propiedades matificantes. Esta mascarilla es ideal para reequilibrar la piel, matificar y purificar.<\/p>\n<p>Ideal para pieles mixtas a grasas. 1 mascarilla equivale a 1 semana de suero hidratante.<br \/>\nModo de uso: Desplegar la mascarilla y aplicarla sobre el rostro limpio y seco. El film protector azul debe quedar hacia la parte exterior del rostro. Retirar el film y ajustar los contornos. Dejar reposar 15 minutos. Retirar la mascarilla y masajear, si es necesario retirar el excedente con un algod\u00f3n.<br \/>\nPara una rutina de cuidado facial completa, desmaquill\u00e1 y matific\u00e1 con el Agua Micelar Pure Active, purific\u00e1 y exfoli\u00e1 con el Gel 3 en 1, e hidrat\u00e1 con las cremas Hidratantes 3 en 1 de Garnier todos los d\u00edas. Sum\u00e1 las mascarillas hidratantes en tela HidraBomb Matificante T\u00e9 Verde y\/o Detox Carb\u00f3n 1 vez a la semana.<\/p>","protected":false},"featured_media":117418,"comment_status":"closed","ping_status":"closed","template":"","meta":{"_acf_changed":false,"om_disable_all_campaigns":false,"_monsterinsights_skip_tracking":false,"_monsterinsights_sitenote_active":false,"_monsterinsights_sitenote_note":"","_monsterinsights_sitenote_category":0},"etheme_brands":[],"product_brand":[],"product_cat":[8935,8820],"product_tag":[9735,10513,4249,10515,10516,9208],"class_list":{"0":"post-117417","1":"product","2":"type-product","3":"status-publish","4":"has-post-thumbnail","6":"product_cat-belleza-y-salud","7":"product_cat-jabones-y-shampoo","8":"product_tag-agua-micelar","9":"product_tag-garnier","10":"product_tag-gel","11":"product_tag-gel-hidratante","12":"product_tag-mascarilla","13":"product_tag-serum","15":"first","16":"instock","17":"taxable","18":"shipping-taxable","19":"purchasable","20":"product-type-simple"},"acf":[],"aioseo_notices":[],"_links":{"self":[{"href":"https:\/\/www.argensend.com\/en\/wp-json\/wp\/v2\/product\/117417","targetHints":{"allow":["GET"]}}],"collection":[{"href":"https:\/\/www.argensend.com\/en\/wp-json\/wp\/v2\/product"}],"about":[{"href":"https:\/\/www.argensend.com\/en\/wp-json\/wp\/v2\/types\/product"}],"replies":[{"embeddable":true,"href":"https:\/\/www.argensend.com\/en\/wp-json\/wp\/v2\/comments?post=117417"}],"version-history":[{"count":1,"href":"https:\/\/www.argensend.com\/en\/wp-json\/wp\/v2\/product\/117417\/revisions"}],"predecessor-version":[{"id":117419,"href":"https:\/\/www.argensend.com\/en\/wp-json\/wp\/v2\/product\/117417\/revisions\/117419"}],"wp:featuredmedia":[{"embeddable":true,"href":"https:\/\/www.argensend.com\/en\/wp-json\/wp\/v2\/media\/117418"}],"wp:attachment":[{"href":"https:\/\/www.argensend.com\/en\/wp-json\/wp\/v2\/media?parent=117417"}],"wp:term":[{"taxonomy":"brand","embeddable":true,"href":"https:\/\/www.argensend.com\/en\/wp-json\/wp\/v2\/etheme_brands?post=117417"},{"taxonomy":"product_brand","embeddable":true,"href":"https:\/\/www.argensend.com\/en\/wp-json\/wp\/v2\/product_brand?post=117417"},{"taxonomy":"product_cat","embeddable":true,"href":"https:\/\/www.argensend.com\/en\/wp-json\/wp\/v2\/product_cat?post=117417"},{"taxonomy":"product_tag","embeddable":true,"href":"https:\/\/www.argensend.com\/en\/wp-json\/wp\/v2\/product_tag?post=117417"}],"curies":[{"name":"wp","href":"https:\/\/api.w.org\/{rel}","templated":true}]}}