{"id":117420,"date":"2024-09-24T10:52:07","date_gmt":"2024-09-24T13:52:07","guid":{"rendered":"https:\/\/www.argensend.com\/?post_type=product&#038;p=117420"},"modified":"2024-12-06T16:49:32","modified_gmt":"2024-12-06T19:49:32","slug":"garnier-mascarilla-en-tela-para-ojos-coco-biodegradable-skin-active-x-3-unid","status":"publish","type":"product","link":"https:\/\/www.argensend.com\/en\/product\/garnier-mascarilla-en-tela-para-ojos-coco-biodegradable-skin-active-x-3-unid\/","title":{"rendered":"Garnier- Mascarilla En Tela Para Ojos Coco Biodegradable Skin Active x 3 Unid"},"content":{"rendered":"","protected":false},"excerpt":{"rendered":"<p>Mascarilla en tela para Ojos estilo Antifaz. La misma de siempre, pero ahora en versi\u00f3n biodegradable: apta para compostar en tu casa, en un empaque de pl\u00e1stico reducido.<br \/>\nCompuesta por AGUA DE COCO + \u00c1CIDO HIALUR\u00d3NICO. Sensaci\u00f3n Revitalizante. Este antifaz provee una hidrataci\u00f3n intensa para el contorno de los ojos, tonificando, reafirmando y reduciendo visiblemente las l\u00edneas de expresi\u00f3n, ojeras y bolsas. El \u00e1rea de los ojos se siente revitalizada, luce m\u00e1s suave y joven. Efecto refrescante: Reducci\u00f3n de la temperatura en la piel despu\u00e9s de su uso, \u00a1hasta -4\u00b0C para una sensaci\u00f3n de frescura!<br \/>\nPara potenciar este efecto, guardar el producto en la heladera.<br \/>\nPara todo tipo de pieles. Oftalmol\u00f3gicamente probada, sin fragancia. Contiene 1 pieza. (El precio de esta publicaci\u00f3n contiene 3 paquetes)<\/p>\n<p>Modo de uso: Aplicar sobre la piel limpia y seca, con el film protector blanco viendo hacia afuera, y luego removerlo. Ajustar el antifaz para cubrir el contorno de los ojos. Dejar reposar por 15 minutos, remover y masajear para absorber el producto sobrante. Para una rutina de cuidado facial completa, limpi\u00e1 y desmaquill\u00e1 tu piel todos los d\u00edas, por la ma\u00f1ana y la noche, con el Agua Micelar Todo en 1 para todo tipo de pieles o el Agua Micelar Pure Active para pieles mixtas a grasas. Luego, aplic\u00e1 la crema facial Hidratante 3 en 1 con masajes circulares. Sum\u00e1 1 vez por semana una bomba de hidrataci\u00f3n a tu rostro con las Mascarillas en Tela HidraBomb de Garnier.<\/p>","protected":false},"featured_media":117421,"comment_status":"closed","ping_status":"closed","template":"","meta":{"_acf_changed":false,"om_disable_all_campaigns":false,"_monsterinsights_skip_tracking":false,"_monsterinsights_sitenote_active":false,"_monsterinsights_sitenote_note":"","_monsterinsights_sitenote_category":0},"etheme_brands":[],"product_brand":[],"product_cat":[8935,8820],"product_tag":[9735,10513,4249,10515,10516,9208],"class_list":{"0":"post-117420","1":"product","2":"type-product","3":"status-publish","4":"has-post-thumbnail","6":"product_cat-belleza-y-salud","7":"product_cat-jabones-y-shampoo","8":"product_tag-agua-micelar","9":"product_tag-garnier","10":"product_tag-gel","11":"product_tag-gel-hidratante","12":"product_tag-mascarilla","13":"product_tag-serum","15":"first","16":"instock","17":"taxable","18":"shipping-taxable","19":"purchasable","20":"product-type-simple"},"acf":[],"aioseo_notices":[],"_links":{"self":[{"href":"https:\/\/www.argensend.com\/en\/wp-json\/wp\/v2\/product\/117420","targetHints":{"allow":["GET"]}}],"collection":[{"href":"https:\/\/www.argensend.com\/en\/wp-json\/wp\/v2\/product"}],"about":[{"href":"https:\/\/www.argensend.com\/en\/wp-json\/wp\/v2\/types\/product"}],"replies":[{"embeddable":true,"href":"https:\/\/www.argensend.com\/en\/wp-json\/wp\/v2\/comments?post=117420"}],"version-history":[{"count":1,"href":"https:\/\/www.argensend.com\/en\/wp-json\/wp\/v2\/product\/117420\/revisions"}],"predecessor-version":[{"id":117422,"href":"https:\/\/www.argensend.com\/en\/wp-json\/wp\/v2\/product\/117420\/revisions\/117422"}],"wp:featuredmedia":[{"embeddable":true,"href":"https:\/\/www.argensend.com\/en\/wp-json\/wp\/v2\/media\/117421"}],"wp:attachment":[{"href":"https:\/\/www.argensend.com\/en\/wp-json\/wp\/v2\/media?parent=117420"}],"wp:term":[{"taxonomy":"brand","embeddable":true,"href":"https:\/\/www.argensend.com\/en\/wp-json\/wp\/v2\/etheme_brands?post=117420"},{"taxonomy":"product_brand","embeddable":true,"href":"https:\/\/www.argensend.com\/en\/wp-json\/wp\/v2\/product_brand?post=117420"},{"taxonomy":"product_cat","embeddable":true,"href":"https:\/\/www.argensend.com\/en\/wp-json\/wp\/v2\/product_cat?post=117420"},{"taxonomy":"product_tag","embeddable":true,"href":"https:\/\/www.argensend.com\/en\/wp-json\/wp\/v2\/product_tag?post=117420"}],"curies":[{"name":"wp","href":"https:\/\/api.w.org\/{rel}","templated":true}]}}