{"id":117423,"date":"2024-09-24T11:00:19","date_gmt":"2024-09-24T14:00:19","guid":{"rendered":"https:\/\/www.argensend.com\/?post_type=product&#038;p=117423"},"modified":"2024-12-06T16:49:32","modified_gmt":"2024-12-06T19:49:32","slug":"garnier-mascarilla-en-tela-pure-carbon-skin-active-1-unid","status":"publish","type":"product","link":"https:\/\/www.argensend.com\/en\/product\/garnier-mascarilla-en-tela-pure-carbon-skin-active-1-unid\/","title":{"rendered":"Garnier- Mascarilla En Tela Pure Carb\u00f3n Skin Active 1 Unid"},"content":{"rendered":"","protected":false},"excerpt":{"rendered":"<p>Mascarilla en tela Hidratante Efecto DETOX Matificante. Compuesta por CARB\u00d3N + HOJAS DE T\u00c9 NEGRO + LHA + \u00c1CIDO HIALUR\u00d3NICO. Su activo principal es el carb\u00f3n, conocido por sus propiedades absorbentes. Esta mascarilla purifica, matifica e hidrata, eliminando el exceso de sebo. Un verdadero efecto detox para tu piel.<\/p>\n<p>Ideal para pieles grasas con brillo.<br \/>\n1 mascarilla equivale a 1 semana de suero hidratante.<br \/>\nModo de uso: Desplegar la mascarilla y aplicarla sobre el rostro limpio y seco. El film protector azul debe quedar hacia la parte exterior del rostro. Retirar el film y ajustar los contornos. Dejar reposar 15 minutos. Retirar la mascarilla y masajear, si es necesario retirar el excedente con un algod\u00f3n. Para una rutina de cuidado facial completa, desmaquill\u00e1 y matific\u00e1 con el Agua Micelar Pure Active, purific\u00e1 y exfoli\u00e1 con el Gel 3 en 1, e hidrat\u00e1 con las cremas Hidratantes 3 en 1 de Garnier todos los d\u00edas. Sum\u00e1 las mascarillas hidratantes en tela HidraBomb Matificante T\u00e9 Verde y\/o Detox Carb\u00f3n 1 vez a la semana.<\/p>","protected":false},"featured_media":117424,"comment_status":"closed","ping_status":"closed","template":"","meta":{"_acf_changed":false,"om_disable_all_campaigns":false,"_monsterinsights_skip_tracking":false,"_monsterinsights_sitenote_active":false,"_monsterinsights_sitenote_note":"","_monsterinsights_sitenote_category":0},"etheme_brands":[],"product_brand":[],"product_cat":[8935,8820],"product_tag":[9735,10513,4249,10515,10516,9208],"class_list":{"0":"post-117423","1":"product","2":"type-product","3":"status-publish","4":"has-post-thumbnail","6":"product_cat-belleza-y-salud","7":"product_cat-jabones-y-shampoo","8":"product_tag-agua-micelar","9":"product_tag-garnier","10":"product_tag-gel","11":"product_tag-gel-hidratante","12":"product_tag-mascarilla","13":"product_tag-serum","15":"first","16":"instock","17":"taxable","18":"shipping-taxable","19":"purchasable","20":"product-type-simple"},"acf":[],"aioseo_notices":[],"_links":{"self":[{"href":"https:\/\/www.argensend.com\/en\/wp-json\/wp\/v2\/product\/117423","targetHints":{"allow":["GET"]}}],"collection":[{"href":"https:\/\/www.argensend.com\/en\/wp-json\/wp\/v2\/product"}],"about":[{"href":"https:\/\/www.argensend.com\/en\/wp-json\/wp\/v2\/types\/product"}],"replies":[{"embeddable":true,"href":"https:\/\/www.argensend.com\/en\/wp-json\/wp\/v2\/comments?post=117423"}],"version-history":[{"count":1,"href":"https:\/\/www.argensend.com\/en\/wp-json\/wp\/v2\/product\/117423\/revisions"}],"predecessor-version":[{"id":117425,"href":"https:\/\/www.argensend.com\/en\/wp-json\/wp\/v2\/product\/117423\/revisions\/117425"}],"wp:featuredmedia":[{"embeddable":true,"href":"https:\/\/www.argensend.com\/en\/wp-json\/wp\/v2\/media\/117424"}],"wp:attachment":[{"href":"https:\/\/www.argensend.com\/en\/wp-json\/wp\/v2\/media?parent=117423"}],"wp:term":[{"taxonomy":"brand","embeddable":true,"href":"https:\/\/www.argensend.com\/en\/wp-json\/wp\/v2\/etheme_brands?post=117423"},{"taxonomy":"product_brand","embeddable":true,"href":"https:\/\/www.argensend.com\/en\/wp-json\/wp\/v2\/product_brand?post=117423"},{"taxonomy":"product_cat","embeddable":true,"href":"https:\/\/www.argensend.com\/en\/wp-json\/wp\/v2\/product_cat?post=117423"},{"taxonomy":"product_tag","embeddable":true,"href":"https:\/\/www.argensend.com\/en\/wp-json\/wp\/v2\/product_tag?post=117423"}],"curies":[{"name":"wp","href":"https:\/\/api.w.org\/{rel}","templated":true}]}}