{"id":117432,"date":"2024-09-24T11:25:05","date_gmt":"2024-09-24T14:25:05","guid":{"rendered":"https:\/\/www.argensend.com\/?post_type=product&#038;p=117432"},"modified":"2024-12-06T16:49:32","modified_gmt":"2024-12-06T19:49:32","slug":"garnier-agua-micelar-todo-en-1-400-ml","status":"publish","type":"product","link":"https:\/\/www.argensend.com\/en\/product\/garnier-agua-micelar-todo-en-1-400-ml\/","title":{"rendered":"Garnier- Agua Micelar Todo en 1 400 Ml"},"content":{"rendered":"","protected":false},"excerpt":{"rendered":"<p>El Agua Micelar Todo en 1 limpia, desmaquilla y tonifica en un solo gesto rostro, ojos y labios. Una f\u00f3rmula reconfortante y sin perfume ideal para todo tipo de piel, incluso las m\u00e1s sensibles.<br \/>\nSin pruebas en animales, aprobado oficialmente por Cruelty Free International, dentro del marco del programa Leaping Bunny.<br \/>\nEficacia comprobada: sus micelas act\u00faan como imanes para captar y remover suciedad, restos de maquillaje y sebo. Limpia sin sensaci\u00f3n grasosa.<br \/>\nModo de uso: Aplicar una cantidad considerable en un disco de algod\u00f3n. Apoyar suavemente sobre la piel para dejar actuar, y a los segundos removerlo con delicadeza. No necesita enjuague. Complet\u00e1 tu cuidado facial con las mascarillas hidratantes en tela Hidra Bomb de Garnier 1 vez a la semana. Combin\u00e1 de acuerdo a tus necesidades con el Agua Micelar Bif\u00e1sica de Garnier para remover maquillaje a prueba de agua, y el Agua Micelar Pure Active para matificar la zona T en pieles grasas.<\/p>","protected":false},"featured_media":117433,"comment_status":"closed","ping_status":"closed","template":"","meta":{"_acf_changed":false,"om_disable_all_campaigns":false,"_monsterinsights_skip_tracking":false,"_monsterinsights_sitenote_active":false,"_monsterinsights_sitenote_note":"","_monsterinsights_sitenote_category":0},"etheme_brands":[],"product_brand":[],"product_cat":[8935,8820,8818],"product_tag":[9735,10513,4249,10515,9434,10516,9208],"class_list":{"0":"post-117432","1":"product","2":"type-product","3":"status-publish","4":"has-post-thumbnail","6":"product_cat-belleza-y-salud","7":"product_cat-jabones-y-shampoo","8":"product_cat-perfumeria","9":"product_tag-agua-micelar","10":"product_tag-garnier","11":"product_tag-gel","12":"product_tag-gel-hidratante","13":"product_tag-labios","14":"product_tag-mascarilla","15":"product_tag-serum","17":"first","18":"instock","19":"taxable","20":"shipping-taxable","21":"purchasable","22":"product-type-simple"},"acf":[],"aioseo_notices":[],"_links":{"self":[{"href":"https:\/\/www.argensend.com\/en\/wp-json\/wp\/v2\/product\/117432","targetHints":{"allow":["GET"]}}],"collection":[{"href":"https:\/\/www.argensend.com\/en\/wp-json\/wp\/v2\/product"}],"about":[{"href":"https:\/\/www.argensend.com\/en\/wp-json\/wp\/v2\/types\/product"}],"replies":[{"embeddable":true,"href":"https:\/\/www.argensend.com\/en\/wp-json\/wp\/v2\/comments?post=117432"}],"version-history":[{"count":1,"href":"https:\/\/www.argensend.com\/en\/wp-json\/wp\/v2\/product\/117432\/revisions"}],"predecessor-version":[{"id":117434,"href":"https:\/\/www.argensend.com\/en\/wp-json\/wp\/v2\/product\/117432\/revisions\/117434"}],"wp:featuredmedia":[{"embeddable":true,"href":"https:\/\/www.argensend.com\/en\/wp-json\/wp\/v2\/media\/117433"}],"wp:attachment":[{"href":"https:\/\/www.argensend.com\/en\/wp-json\/wp\/v2\/media?parent=117432"}],"wp:term":[{"taxonomy":"brand","embeddable":true,"href":"https:\/\/www.argensend.com\/en\/wp-json\/wp\/v2\/etheme_brands?post=117432"},{"taxonomy":"product_brand","embeddable":true,"href":"https:\/\/www.argensend.com\/en\/wp-json\/wp\/v2\/product_brand?post=117432"},{"taxonomy":"product_cat","embeddable":true,"href":"https:\/\/www.argensend.com\/en\/wp-json\/wp\/v2\/product_cat?post=117432"},{"taxonomy":"product_tag","embeddable":true,"href":"https:\/\/www.argensend.com\/en\/wp-json\/wp\/v2\/product_tag?post=117432"}],"curies":[{"name":"wp","href":"https:\/\/api.w.org\/{rel}","templated":true}]}}