{"id":117475,"date":"2024-09-25T11:31:26","date_gmt":"2024-09-25T14:31:26","guid":{"rendered":"https:\/\/www.argensend.com\/?post_type=product&#038;p=117475"},"modified":"2024-12-06T16:49:34","modified_gmt":"2024-12-06T19:49:34","slug":"garnier-shampoo-solido-hair-food-banana-60-gr-x-2-unidades","status":"publish","type":"product","link":"https:\/\/www.argensend.com\/en\/product\/garnier-shampoo-solido-hair-food-banana-60-gr-x-2-unidades\/","title":{"rendered":"Garnier- Shampoo S\u00f3lido Hair Food Banana 60 Gr x 2 Unidades"},"content":{"rendered":"","protected":false},"excerpt":{"rendered":"<p>SUMATE VOS TAMBIEN A LA REVOLUCI\u00d3N VERDE DEL SHAMPOO SOLIDO PARA UN S\u00daPER PELO con Fructis Hair Food Shampoo S\u00f3lido Banana.<br \/>\n1. LIMPIA &amp; 2. REPARA tu pelo, sin dejarlo pesado.<br \/>\n\u00bfQU\u00c9 ES? Un shampoo s\u00f3lido en barra, cargado de s\u00faper frutas y nutrientes para limpiar e hidratar tu pelo deshidratado. Hecho con ingredientes de 94% origen vegetal y con 0% pl\u00e1stico, \u00a1este shampoo super sustentable es la nueva forma de cuidar tu pelo y el planeta!<\/p>\n<p>BUENO PARA VOS Y PARA EL PLANETA:<br \/>\nSI VEGANO (1)<br \/>\nS\u00cd 98% BIODEGRABALE (2)<br \/>\nS\u00cd 94% ORIGEN VEGETAL (3)<br \/>\nS\u00cd TESTEADO DERMATOL\u00d3GICAMENTE<br \/>\nS\u00cd CRUELTY FREE<br \/>\nS\u00cd F\u00c1CIL ENJUAGUE<br \/>\nS\u00cd RECICLABLE &#8211; S\u00cd CART\u00d3N CERTIFICADO POR FSC<br \/>\nNO SILICONAS &#8211; NO RESIDUOS PL\u00c1STICOS &#8211; NO CONSERVANTES &#8211; NO COLORANTES ARTIFICALES &#8211; NO SILICONAS<\/p>\n<p>\u00bfC\u00d3MO USARLO? Moj\u00e1 tu pelo y frot\u00e1 el shampoo s\u00f3lido en tus manos bajo el agua; se convertir\u00e1 r\u00e1pidamente en una rica espuma. Despu\u00e9s, frot\u00e1 la barra de ra\u00edz a puntas para generar m\u00e1s espuma. Masaje\u00e1 tu pelo y enjuag\u00e1 como de costumbre. IMPORTANTE! Guarda tu shampoo s\u00f3lido en un lugar seco y fresco para conservarlo mejor. Es importante dejarla secar muy bien entre usos y adem\u00e1s de elegir jaboneras que drenen bien el agua. 1 barra de shampoo s\u00f3lido equivale a 2 botellas de shampoo l\u00edquido de 250ml. (4)<\/p>\n<p>(1) Sin ingredientes de origen animal o componentes derivados. (2) Seg\u00fan OECD 301 o test equivalentes. (3) El 6% restante (indicado con**) aseguran la sensorialidad y la buena conservaci\u00f3n de la f\u00f3rmula. (4) La cantidad puede variar dependiendo de la longitud del cabello.<\/p>","protected":false},"featured_media":117476,"comment_status":"closed","ping_status":"closed","template":"","meta":{"_acf_changed":false,"om_disable_all_campaigns":false,"_monsterinsights_skip_tracking":false,"_monsterinsights_sitenote_active":false,"_monsterinsights_sitenote_note":"","_monsterinsights_sitenote_category":0},"etheme_brands":[],"product_brand":[],"product_cat":[8935,8820,8818],"product_tag":[9735,10513,4249,10515,9434,10516,9208,10517],"class_list":{"0":"post-117475","1":"product","2":"type-product","3":"status-publish","4":"has-post-thumbnail","6":"product_cat-belleza-y-salud","7":"product_cat-jabones-y-shampoo","8":"product_cat-perfumeria","9":"product_tag-agua-micelar","10":"product_tag-garnier","11":"product_tag-gel","12":"product_tag-gel-hidratante","13":"product_tag-labios","14":"product_tag-mascarilla","15":"product_tag-serum","16":"product_tag-shampoo-solido","18":"first","19":"instock","20":"taxable","21":"shipping-taxable","22":"purchasable","23":"product-type-simple"},"acf":[],"aioseo_notices":[],"_links":{"self":[{"href":"https:\/\/www.argensend.com\/en\/wp-json\/wp\/v2\/product\/117475","targetHints":{"allow":["GET"]}}],"collection":[{"href":"https:\/\/www.argensend.com\/en\/wp-json\/wp\/v2\/product"}],"about":[{"href":"https:\/\/www.argensend.com\/en\/wp-json\/wp\/v2\/types\/product"}],"replies":[{"embeddable":true,"href":"https:\/\/www.argensend.com\/en\/wp-json\/wp\/v2\/comments?post=117475"}],"version-history":[{"count":1,"href":"https:\/\/www.argensend.com\/en\/wp-json\/wp\/v2\/product\/117475\/revisions"}],"predecessor-version":[{"id":117477,"href":"https:\/\/www.argensend.com\/en\/wp-json\/wp\/v2\/product\/117475\/revisions\/117477"}],"wp:featuredmedia":[{"embeddable":true,"href":"https:\/\/www.argensend.com\/en\/wp-json\/wp\/v2\/media\/117476"}],"wp:attachment":[{"href":"https:\/\/www.argensend.com\/en\/wp-json\/wp\/v2\/media?parent=117475"}],"wp:term":[{"taxonomy":"brand","embeddable":true,"href":"https:\/\/www.argensend.com\/en\/wp-json\/wp\/v2\/etheme_brands?post=117475"},{"taxonomy":"product_brand","embeddable":true,"href":"https:\/\/www.argensend.com\/en\/wp-json\/wp\/v2\/product_brand?post=117475"},{"taxonomy":"product_cat","embeddable":true,"href":"https:\/\/www.argensend.com\/en\/wp-json\/wp\/v2\/product_cat?post=117475"},{"taxonomy":"product_tag","embeddable":true,"href":"https:\/\/www.argensend.com\/en\/wp-json\/wp\/v2\/product_tag?post=117475"}],"curies":[{"name":"wp","href":"https:\/\/api.w.org\/{rel}","templated":true}]}}