{"id":117489,"date":"2024-09-25T11:56:21","date_gmt":"2024-09-25T14:56:21","guid":{"rendered":"https:\/\/www.argensend.com\/?post_type=product&#038;p=117489"},"modified":"2024-12-06T16:49:34","modified_gmt":"2024-12-06T19:49:34","slug":"dove-shampoo-poder-de-las-plantas-fuerza-bambu-300-ml-x-2-unidades-2","status":"publish","type":"product","link":"https:\/\/www.argensend.com\/en\/product\/dove-shampoo-poder-de-las-plantas-fuerza-bambu-300-ml-x-2-unidades-2\/","title":{"rendered":"Dove &#8211; Shampoo Poder De Las Plantas Fuerza + Bamb\u00fa 300 Ml x 2 Unidades"},"content":{"rendered":"","protected":false},"excerpt":{"rendered":"<p>Shampoo Dove REAL Poder de las Plantas FUERZA + BAMB\u00da: Nutre y fortalece el cabello desde la ra\u00edz hasta las puntas, para que crezca fuerte, suave y resistente. Su f\u00f3rmula a base de plantas contiene hasta 95% de ingredientes de origen natural. Certificado por PETA: no testeado en animales. Dove REAL Poder de las Plantas Fuerza + Bamb\u00fa no es un shampoo m\u00e1s. Es la 1\u00b0 l\u00ednea natural a base de plantas sin siliconas, sulfatos, parabenos ni colorantes. Posee una fragancia 100% de origen natural para brindarte todo el aroma y naturalidad del bamb\u00fa a tu cabello. Dove FUERZA+ BAMB\u00da act\u00faa sobre el pelo d\u00e9bil y quebradizo, dejando tu pelo fuerte y saludable. Viene en un envase de pl\u00e1stico 100% reciclado que adem\u00e1s \u00a1es reciclable! La l\u00ednea de productos para el cabello Dove Poder de las Plantas est\u00e1 especialmente dirigido a personas que buscan naturalidad e ingredientes naturales en los productos que le aporten un cuidado y nutrici\u00f3n superior. \u00bfLavado con espuma o libre de sulfatos? Eleg\u00ed los dos. 1\u00b0 l\u00ednea natural a base de plantas. El Poder del las Plantas se une al cuidado de siempre de Dove. Sent\u00ed tu pelo mucho m\u00e1s nutrido y fuerte con el Shampoo Dove REAL Poder de las Plantas Fuerza+ Bamb\u00fa Poder de las Plantas. Para obtener los mejores resultados, utiliz\u00e1 tu shampoo de cabello junto al Acondicionador Dove REAL Poder de las Plantas Fuerza + Bamb\u00fa y M\u00e1scara de Tratamiento Dove REAL Poder de las Plantas Fuerza + Bamb\u00fa contra el quiebre. Prob\u00e1 el poder de las plantas para un pelo nutrido y visiblemente saludable. Cuidado e Hidrataci\u00f3n para el cabello.*<br \/>\nShampoo Dove REAL Poder de las Plantas Fuerza + Bamb\u00fa; 1\u00b0 l\u00ednea natural a base de plantas. Los shampoo Dove nutren y fortalecen el cabello desde la ra\u00edz hasta las puntas para que crezca fuerte, suave y resistente. Shampoo a base de plantas contiene hasta 95% de ingredientes naturales. Certificado por PETA: no testeado en animales. El Shampoo Dove Real Poder de las Plantas posee una fragancia 100% de origen natural. Shampoo para el cabello d\u00e9bil y quebradizo. Sin siliconas, sulfatos, parabenos ni colorantes. El Shampoo Dove Fuerza + Bamb\u00fa viene en una botella de pl\u00e1stico 100% reciclado y reciclable.<\/p>","protected":false},"featured_media":117490,"comment_status":"closed","ping_status":"closed","template":"","meta":{"_acf_changed":false,"om_disable_all_campaigns":false,"_monsterinsights_skip_tracking":false,"_monsterinsights_sitenote_active":false,"_monsterinsights_sitenote_note":"","_monsterinsights_sitenote_category":0},"etheme_brands":[],"product_brand":[],"product_cat":[8935,8820],"product_tag":[5427,1855,320,4326,6421,6931,6494,4140,3925,9426],"class_list":{"0":"post-117489","1":"product","2":"type-product","3":"status-publish","4":"has-post-thumbnail","6":"product_cat-belleza-y-salud","7":"product_cat-jabones-y-shampoo","8":"product_tag-acondicionador","9":"product_tag-bano","10":"product_tag-coco","11":"product_tag-curcuma","12":"product_tag-dove","13":"product_tag-ducha","14":"product_tag-hidratacion","15":"product_tag-jengibre","16":"product_tag-shampoo","17":"product_tag-shower","19":"first","20":"instock","21":"taxable","22":"shipping-taxable","23":"purchasable","24":"product-type-simple"},"acf":[],"aioseo_notices":[],"_links":{"self":[{"href":"https:\/\/www.argensend.com\/en\/wp-json\/wp\/v2\/product\/117489","targetHints":{"allow":["GET"]}}],"collection":[{"href":"https:\/\/www.argensend.com\/en\/wp-json\/wp\/v2\/product"}],"about":[{"href":"https:\/\/www.argensend.com\/en\/wp-json\/wp\/v2\/types\/product"}],"replies":[{"embeddable":true,"href":"https:\/\/www.argensend.com\/en\/wp-json\/wp\/v2\/comments?post=117489"}],"version-history":[{"count":1,"href":"https:\/\/www.argensend.com\/en\/wp-json\/wp\/v2\/product\/117489\/revisions"}],"predecessor-version":[{"id":117491,"href":"https:\/\/www.argensend.com\/en\/wp-json\/wp\/v2\/product\/117489\/revisions\/117491"}],"wp:featuredmedia":[{"embeddable":true,"href":"https:\/\/www.argensend.com\/en\/wp-json\/wp\/v2\/media\/117490"}],"wp:attachment":[{"href":"https:\/\/www.argensend.com\/en\/wp-json\/wp\/v2\/media?parent=117489"}],"wp:term":[{"taxonomy":"brand","embeddable":true,"href":"https:\/\/www.argensend.com\/en\/wp-json\/wp\/v2\/etheme_brands?post=117489"},{"taxonomy":"product_brand","embeddable":true,"href":"https:\/\/www.argensend.com\/en\/wp-json\/wp\/v2\/product_brand?post=117489"},{"taxonomy":"product_cat","embeddable":true,"href":"https:\/\/www.argensend.com\/en\/wp-json\/wp\/v2\/product_cat?post=117489"},{"taxonomy":"product_tag","embeddable":true,"href":"https:\/\/www.argensend.com\/en\/wp-json\/wp\/v2\/product_tag?post=117489"}],"curies":[{"name":"wp","href":"https:\/\/api.w.org\/{rel}","templated":true}]}}