{"id":117495,"date":"2024-09-25T12:13:59","date_gmt":"2024-09-25T15:13:59","guid":{"rendered":"https:\/\/www.argensend.com\/?post_type=product&#038;p=117495"},"modified":"2024-12-06T16:49:35","modified_gmt":"2024-12-06T19:49:35","slug":"dove-acondicionador-poder-de-las-plantas-nutricion-geranio-300-ml-x-2-unidades","status":"publish","type":"product","link":"https:\/\/www.argensend.com\/en\/product\/dove-acondicionador-poder-de-las-plantas-nutricion-geranio-300-ml-x-2-unidades\/","title":{"rendered":"Dove &#8211; Acondicionador Poder De Las Plantas Nutrici\u00f3n + Geranio 300 Ml x 2 Unidades"},"content":{"rendered":"","protected":false},"excerpt":{"rendered":"<p>Acondicionador Dove REAL Poder de las Plantas NUTRICI\u00d3N + GERANIO: Nutre y restaura el cabello dej\u00e1ndolo suave y visiblemente saludable. Su f\u00f3rmula a base de plantas contiene hasta 98% de ingredientes de origen natural. Certificado por PETA: no testeado en animales. Dove REAL Poder de las Plantas Nutrici\u00f3n + Geranio es la 1\u00b0 l\u00ednea natural a base de plantas sin siliconas, sulfatos, parabenos ni colorantes. Posee una fragancia 100% de origen natural para brindarte todo el aroma y naturalidad del geranio a tu cabello. Dove NUTRICI\u00d3N + GERANIO act\u00faa sobre el pelo seco o da\u00f1ado, dejando tu pelo nutrido y saludable. Contiene ingredientes que penetran profundamente las fibras capilares brindando nutrici\u00f3n interna al pelo da\u00f1ado. Viene en un envase de pl\u00e1stico 100% reciclado que adem\u00e1s \u00a1es reciclable! La l\u00ednea de productos para el cabello Dove Real Poder de las Plantas est\u00e1 especialmente dirigido a personas que buscan naturalidad e ingredientes naturales en los productos que le aporten un cuidado y nutrici\u00f3n superior. \u00bfPelo suave o libre de siliconas? Eleg\u00ed los dos. 1\u00b0 l\u00ednea natural a base de plantas. El Poder del las Plantas se une al cuidado de siempre de Dove. Sent\u00ed tu pelo m\u00e1s nutrido y saludable con el Acondicionador Dove REAL Poder de las Plantas Nutrici\u00f3n + Geranio Poder de las Plantas. Para obtener los mejores resultados, utiliz\u00e1 tu acondicionador de cabello junto al Shampoo Dove REAL Poder de las Plantas Nutrici\u00f3n + Geranio y M\u00e1scara de tratamiento Dove REAL Poder de las Plantas Nutrici\u00f3n + Geranio contra el da\u00f1o. Prob\u00e1 el poder de las plantas para un pelo nutrido y visiblemente saludable. Cuidado e Hidrataci\u00f3n para el cabello.*<br \/>\nAcondicionador Dove REAL Poder de las Plantas Nutrici\u00f3n + Geranio; 1\u00b0 l\u00ednea natural a base de plantas. Los acondicionadores Dove nutren y restaurnan el cabello dej\u00e1ndolo suave y visiblemente saludable. Acondicionador a base de plantas contiene hasta 98% de ingredientes naturales. Certificado por PETA: no testeado en animales. El Acondicionador Dove Real Poder de las Plantas posee una fragancia 100% de origen natural. Acondicionador para el cabello da\u00f1ado sin siliconas, sulfatos, parabenos ni colorantes. El Acondicionador Dove Nutrici\u00f3n + Geranio viene en una botella de pl\u00e1stico 100% reciclado y reciclable.<\/p>","protected":false},"featured_media":117496,"comment_status":"closed","ping_status":"closed","template":"","meta":{"_acf_changed":false,"om_disable_all_campaigns":false,"_monsterinsights_skip_tracking":false,"_monsterinsights_sitenote_active":false,"_monsterinsights_sitenote_note":"","_monsterinsights_sitenote_category":0},"etheme_brands":[],"product_brand":[],"product_cat":[8935,8820],"product_tag":[5427,1855,320,4326,6421,6931,6494,4140,3925,9426],"class_list":{"0":"post-117495","1":"product","2":"type-product","3":"status-publish","4":"has-post-thumbnail","6":"product_cat-belleza-y-salud","7":"product_cat-jabones-y-shampoo","8":"product_tag-acondicionador","9":"product_tag-bano","10":"product_tag-coco","11":"product_tag-curcuma","12":"product_tag-dove","13":"product_tag-ducha","14":"product_tag-hidratacion","15":"product_tag-jengibre","16":"product_tag-shampoo","17":"product_tag-shower","19":"first","20":"instock","21":"taxable","22":"shipping-taxable","23":"purchasable","24":"product-type-simple"},"acf":[],"aioseo_notices":[],"_links":{"self":[{"href":"https:\/\/www.argensend.com\/en\/wp-json\/wp\/v2\/product\/117495","targetHints":{"allow":["GET"]}}],"collection":[{"href":"https:\/\/www.argensend.com\/en\/wp-json\/wp\/v2\/product"}],"about":[{"href":"https:\/\/www.argensend.com\/en\/wp-json\/wp\/v2\/types\/product"}],"replies":[{"embeddable":true,"href":"https:\/\/www.argensend.com\/en\/wp-json\/wp\/v2\/comments?post=117495"}],"version-history":[{"count":1,"href":"https:\/\/www.argensend.com\/en\/wp-json\/wp\/v2\/product\/117495\/revisions"}],"predecessor-version":[{"id":117497,"href":"https:\/\/www.argensend.com\/en\/wp-json\/wp\/v2\/product\/117495\/revisions\/117497"}],"wp:featuredmedia":[{"embeddable":true,"href":"https:\/\/www.argensend.com\/en\/wp-json\/wp\/v2\/media\/117496"}],"wp:attachment":[{"href":"https:\/\/www.argensend.com\/en\/wp-json\/wp\/v2\/media?parent=117495"}],"wp:term":[{"taxonomy":"brand","embeddable":true,"href":"https:\/\/www.argensend.com\/en\/wp-json\/wp\/v2\/etheme_brands?post=117495"},{"taxonomy":"product_brand","embeddable":true,"href":"https:\/\/www.argensend.com\/en\/wp-json\/wp\/v2\/product_brand?post=117495"},{"taxonomy":"product_cat","embeddable":true,"href":"https:\/\/www.argensend.com\/en\/wp-json\/wp\/v2\/product_cat?post=117495"},{"taxonomy":"product_tag","embeddable":true,"href":"https:\/\/www.argensend.com\/en\/wp-json\/wp\/v2\/product_tag?post=117495"}],"curies":[{"name":"wp","href":"https:\/\/api.w.org\/{rel}","templated":true}]}}