{"id":117510,"date":"2024-09-25T12:36:50","date_gmt":"2024-09-25T15:36:50","guid":{"rendered":"https:\/\/www.argensend.com\/?post_type=product&#038;p=117510"},"modified":"2024-12-06T16:49:35","modified_gmt":"2024-12-06T19:49:35","slug":"dove-serum-corporal-pro-ceramidas-400-ml","status":"publish","type":"product","link":"https:\/\/www.argensend.com\/en\/product\/dove-serum-corporal-pro-ceramidas-400-ml\/","title":{"rendered":"Dove &#8211; S\u00e9rum Corporal Pro-Ceramidas 400 Ml"},"content":{"rendered":"","protected":false},"excerpt":{"rendered":"<div class=\"vtex-store-components-3-x-content h-auto\">\n<p>Las cremas Dove S\u00e9rum Corporal Pro-Ceramidas es una innovadora soluci\u00f3n especialemente formuladas para restaurar la humectaci\u00f3n natural de la piel desde el primer uso. Especialmente dise\u00f1ado para piel seca, esta crema S\u00e9rum Corporal utiliza una exclusiva y avanzada tecnolog\u00eda que humecta profundamente* y act\u00faa en sinergia con la piel, ayudando a devolverle su suavidad y luminosidad desde adentro hacia afuera*.<br \/>\nCo-creado con dermat\u00f3logos, ofrece 48 horas de humectaci\u00f3n regenerativa. Su f\u00f3rmula ligera facilita su aplicaci\u00f3n y absorci\u00f3n, haci\u00e9ndolo un producto ideal para el uso diario.<br \/>\nEl uso regular de Dove S\u00e9rum Corporal Pro-Ceramidas transforma la piel seca en una piel visiblemente m\u00e1s suave y saludable. Su f\u00f3rmula incluye ingredientes clave como Col\u00e1geno Vegano, que ayuda a promover la firmeza y resistencia de la piel, y Pantenol, conocido por su capacidad para absorber y retener la humedad en la piel, mejorando as\u00ed la hidrataci\u00f3n. Adem\u00e1s, la Glicerina ayuda a proteger la piel contra la resequedad y los factores agresivos externos, proporcionando una barrera protectora que mantiene la piel hidratada por m\u00e1s tiempo. Modo de uso: aplica el s\u00e9rum diariamente en todo el cuerpo como tu crema corporal habitual, siempre que sea necesario, para mantener la piel hidratada y suave.<br \/>\n*Estrato C\u00f3rneo.<\/p>\n<p>Las cremas Dove S\u00e9rum Corporal Pro-Ceramidas restaura la humectaci\u00f3n natural de la piel desde el primer uso. Las cremas s\u00e9rum est\u00e1n dise\u00f1adas para la piel seca, utiliza una tecnolog\u00eda que humecta profundamente devolviendo su suavidad y luminosidad. Estas cremas S\u00e9rum Corporal Dove fue Co-creado con dermat\u00f3logos, ofrece 48 horas de humectaci\u00f3n regenerativa. Las cremas S\u00e9rum Corporal Dove cuentan con una f\u00f3rmula ligera que facilita su aplicaci\u00f3n y absorci\u00f3n, haci\u00e9ndolo un producto ideal para el uso diario. Las cremas S\u00e9rum Corporal Dove tienen Col\u00e1geno Vegano para promover la firmeza y resistencia, Pantenol para la hidrataci\u00f3n y Glicerina para proteger contra la resequedad y factores externos. Las cremas S\u00e9rum Corporal Dove tiene una f\u00f3rmula ligera que facilita su aplicaci\u00f3n y absorci\u00f3n, haci\u00e9ndolo un producto ideal para el uso diario.<\/p>\n<\/div>","protected":false},"featured_media":117511,"comment_status":"closed","ping_status":"closed","template":"","meta":{"_acf_changed":false,"om_disable_all_campaigns":false,"_monsterinsights_skip_tracking":false,"_monsterinsights_sitenote_active":false,"_monsterinsights_sitenote_note":"","_monsterinsights_sitenote_category":0},"etheme_brands":[],"product_brand":[],"product_cat":[8935,8819,8820],"product_tag":[5427,1855,320,4326,6421,6931,6494,4140,9208,3925,9426],"class_list":{"0":"post-117510","1":"product","2":"type-product","3":"status-publish","4":"has-post-thumbnail","6":"product_cat-belleza-y-salud","7":"product_cat-farmacia","8":"product_cat-jabones-y-shampoo","9":"product_tag-acondicionador","10":"product_tag-bano","11":"product_tag-coco","12":"product_tag-curcuma","13":"product_tag-dove","14":"product_tag-ducha","15":"product_tag-hidratacion","16":"product_tag-jengibre","17":"product_tag-serum","18":"product_tag-shampoo","19":"product_tag-shower","21":"first","22":"instock","23":"taxable","24":"shipping-taxable","25":"purchasable","26":"product-type-simple"},"acf":[],"aioseo_notices":[],"_links":{"self":[{"href":"https:\/\/www.argensend.com\/en\/wp-json\/wp\/v2\/product\/117510","targetHints":{"allow":["GET"]}}],"collection":[{"href":"https:\/\/www.argensend.com\/en\/wp-json\/wp\/v2\/product"}],"about":[{"href":"https:\/\/www.argensend.com\/en\/wp-json\/wp\/v2\/types\/product"}],"replies":[{"embeddable":true,"href":"https:\/\/www.argensend.com\/en\/wp-json\/wp\/v2\/comments?post=117510"}],"version-history":[{"count":1,"href":"https:\/\/www.argensend.com\/en\/wp-json\/wp\/v2\/product\/117510\/revisions"}],"predecessor-version":[{"id":117512,"href":"https:\/\/www.argensend.com\/en\/wp-json\/wp\/v2\/product\/117510\/revisions\/117512"}],"wp:featuredmedia":[{"embeddable":true,"href":"https:\/\/www.argensend.com\/en\/wp-json\/wp\/v2\/media\/117511"}],"wp:attachment":[{"href":"https:\/\/www.argensend.com\/en\/wp-json\/wp\/v2\/media?parent=117510"}],"wp:term":[{"taxonomy":"brand","embeddable":true,"href":"https:\/\/www.argensend.com\/en\/wp-json\/wp\/v2\/etheme_brands?post=117510"},{"taxonomy":"product_brand","embeddable":true,"href":"https:\/\/www.argensend.com\/en\/wp-json\/wp\/v2\/product_brand?post=117510"},{"taxonomy":"product_cat","embeddable":true,"href":"https:\/\/www.argensend.com\/en\/wp-json\/wp\/v2\/product_cat?post=117510"},{"taxonomy":"product_tag","embeddable":true,"href":"https:\/\/www.argensend.com\/en\/wp-json\/wp\/v2\/product_tag?post=117510"}],"curies":[{"name":"wp","href":"https:\/\/api.w.org\/{rel}","templated":true}]}}