{"id":117529,"date":"2024-09-25T13:09:39","date_gmt":"2024-09-25T16:09:39","guid":{"rendered":"https:\/\/www.argensend.com\/?post_type=product&#038;p=117529"},"modified":"2024-12-06T16:49:38","modified_gmt":"2024-12-06T19:49:38","slug":"dove-balsamo-concentrado-para-pies-agrietados-90-gr","status":"publish","type":"product","link":"https:\/\/www.argensend.com\/en\/product\/dove-balsamo-concentrado-para-pies-agrietados-90-gr\/","title":{"rendered":"Dove &#8211; B\u00e1lsamo Concentrado Para Pies Agrietados 90 Gr"},"content":{"rendered":"","protected":false},"excerpt":{"rendered":"<div class=\"vtex-store-components-3-x-content h-auto\">\n<p>El B\u00e1lsamo Concentrado para Talones Agrietados Dove representa un avance en el tratamiento de la piel extra seca y \u00e1spera, creado en colaboraci\u00f3n con dermat\u00f3logos para ofrecer una soluci\u00f3n efectiva desde el primer uso. Este b\u00e1lsamo concentrado no solo alivia y repara las \u00e1reas m\u00e1s resecas, sino que tambi\u00e9n mejora la textura de la piel de forma notable. Su f\u00f3rmula de r\u00e1pida absorci\u00f3n act\u00faa eficazmente suavizando la descamaci\u00f3n y la aspereza, mientras fortalece la barrera cut\u00e1nea para facilitar el proceso de regeneraci\u00f3n natural.<br \/>\nEntre sus ingredientes clave se encuentran la Cera de carna\u00faba, conocida por su capacidad para retener la humedad y proteger la piel, el \u00c1cido Hialur\u00f3nico, reconocido por sus propiedades hidratantes y reparadoras contra la sequedad, la Niacinamida, que fortalece la barrera cut\u00e1nea* y estimula la renovaci\u00f3n celular, y el Col\u00e1geno Vegano, que contribuye a mejorar la firmeza, el soporte y la resistencia de la piel. Desde el primer uso, este b\u00e1lsamo proporciona una hidrataci\u00f3n intensa, nutre profundamente y revitaliza la zona m\u00e1s seca de los pies, dej\u00e1ndolos suaves y tersos. Adem\u00e1s de aliviar eficazmente las zonas m\u00e1s secas del cuerpo, como los talones, tambi\u00e9n apoya activamente el proceso de regeneraci\u00f3n natural de la piel y refuerza la barrera cut\u00e1nea, asegurando una piel visiblemente m\u00e1s saludable y bien cuidada a largo plazo.<\/p>\n<p>*Estrato C\u00f3rneo.<\/p>\n<p>El producto B\u00e1lsamo Concentrado para Talones Dove trata la piel extra seca y \u00e1spera de manera avanzada. Este b\u00e1lsamo alivia y repara las zonas m\u00e1s resecas desde el primer uso. El producto Dove B\u00e1lsamo Concentrado tiene una f\u00f3rmula de r\u00e1pida absorci\u00f3n que suaviza la descamaci\u00f3n y la aspereza, fortaleciendo la barrera cut\u00e1nea y facilitando la regeneraci\u00f3n natural de la piel. El producto Dove B\u00e1lsamo Concentrado tienen en su f\u00f3rmula Cera de Carna\u00faba para retener humedad, \u00c1cido Hialur\u00f3nico y Niacinamida fortalecen la piel; Col\u00e1geno Vegano para firmeza y resistencia. El producto Dove B\u00e1lsamo Concentrado hidrata intensamente y preserva la hidrataci\u00f3n prolongadamente, apoyando continuamente la restauraci\u00f3n y cuidado de la piel. El producto Dove B\u00e1lsamo Concentrado alivia las zonas secas como los talones, apoya la regeneraci\u00f3n natural de la piel y fortalece la barrera cut\u00e1nea*.<br \/>\n*Estrato c\u00f3rneo. El producto Dove B\u00e1lsamo Concentrado, desde el primer uso, aporta hidrataci\u00f3n intensa, nutre y recupera la zona m\u00e1s seca de los pies, dej\u00e1ndolos suaves y tersos.<\/p>\n<\/div>","protected":false},"featured_media":117530,"comment_status":"closed","ping_status":"closed","template":"","meta":{"_acf_changed":false,"om_disable_all_campaigns":false,"_monsterinsights_skip_tracking":false,"_monsterinsights_sitenote_active":false,"_monsterinsights_sitenote_note":"","_monsterinsights_sitenote_category":0},"etheme_brands":[],"product_brand":[],"product_cat":[8935,8819,8820],"product_tag":[5427,1855,320,4326,6421,6931,6494,4140,9208,3925,9426],"class_list":{"0":"post-117529","1":"product","2":"type-product","3":"status-publish","4":"has-post-thumbnail","6":"product_cat-belleza-y-salud","7":"product_cat-farmacia","8":"product_cat-jabones-y-shampoo","9":"product_tag-acondicionador","10":"product_tag-bano","11":"product_tag-coco","12":"product_tag-curcuma","13":"product_tag-dove","14":"product_tag-ducha","15":"product_tag-hidratacion","16":"product_tag-jengibre","17":"product_tag-serum","18":"product_tag-shampoo","19":"product_tag-shower","21":"first","22":"instock","23":"taxable","24":"shipping-taxable","25":"purchasable","26":"product-type-simple"},"acf":[],"aioseo_notices":[],"_links":{"self":[{"href":"https:\/\/www.argensend.com\/en\/wp-json\/wp\/v2\/product\/117529","targetHints":{"allow":["GET"]}}],"collection":[{"href":"https:\/\/www.argensend.com\/en\/wp-json\/wp\/v2\/product"}],"about":[{"href":"https:\/\/www.argensend.com\/en\/wp-json\/wp\/v2\/types\/product"}],"replies":[{"embeddable":true,"href":"https:\/\/www.argensend.com\/en\/wp-json\/wp\/v2\/comments?post=117529"}],"version-history":[{"count":1,"href":"https:\/\/www.argensend.com\/en\/wp-json\/wp\/v2\/product\/117529\/revisions"}],"predecessor-version":[{"id":117531,"href":"https:\/\/www.argensend.com\/en\/wp-json\/wp\/v2\/product\/117529\/revisions\/117531"}],"wp:featuredmedia":[{"embeddable":true,"href":"https:\/\/www.argensend.com\/en\/wp-json\/wp\/v2\/media\/117530"}],"wp:attachment":[{"href":"https:\/\/www.argensend.com\/en\/wp-json\/wp\/v2\/media?parent=117529"}],"wp:term":[{"taxonomy":"brand","embeddable":true,"href":"https:\/\/www.argensend.com\/en\/wp-json\/wp\/v2\/etheme_brands?post=117529"},{"taxonomy":"product_brand","embeddable":true,"href":"https:\/\/www.argensend.com\/en\/wp-json\/wp\/v2\/product_brand?post=117529"},{"taxonomy":"product_cat","embeddable":true,"href":"https:\/\/www.argensend.com\/en\/wp-json\/wp\/v2\/product_cat?post=117529"},{"taxonomy":"product_tag","embeddable":true,"href":"https:\/\/www.argensend.com\/en\/wp-json\/wp\/v2\/product_tag?post=117529"}],"curies":[{"name":"wp","href":"https:\/\/api.w.org\/{rel}","templated":true}]}}