{"id":117532,"date":"2024-09-25T13:13:04","date_gmt":"2024-09-25T16:13:04","guid":{"rendered":"https:\/\/www.argensend.com\/?post_type=product&#038;p=117532"},"modified":"2024-12-06T16:49:38","modified_gmt":"2024-12-06T19:49:38","slug":"dove-serum-corporal-pantenol-200-ml","status":"publish","type":"product","link":"https:\/\/www.argensend.com\/en\/product\/dove-serum-corporal-pantenol-200-ml\/","title":{"rendered":"Dove &#8211; S\u00e9rum Corporal Pantenol 200 Ml"},"content":{"rendered":"","protected":false},"excerpt":{"rendered":"<div class=\"vtex-store-components-3-x-content h-auto\">\n<p>El Dove S\u00e9rum Corporal Pantenol est\u00e1 especialmente dise\u00f1ada para ofrecer un alivio inmediato a la piel \u00e1spera, piel sensible y pieles extra secas. Su acci\u00f3n se centra en aliviar la aspereza y la sensaci\u00f3n de tirantez, restaurando la humectaci\u00f3n natural de la piel desde dentro hacia fuera y fortaleciendo la barrera cut\u00e1nea*, brindando sensaci\u00f3n de frescura. Las cremas Dove S\u00e9rum Corporal Pantenol tienen una f\u00f3rmula avanzada no solo hidrata profundamente, sino que tambi\u00e9n act\u00faa en sinergia con la piel para devolverle su suavidad y luminosidad natural.<br \/>\nDise\u00f1ado con una exclusiva tecnolog\u00eda que asegura una humectaci\u00f3n regenerativa durante 72 horas, el Dove S\u00e9rum Corporal Pantenol es cl\u00ednicamente probado y libre de fragancias, lo que lo hace ideal para el cuidado diario del cuerpo. Recomendado por dermat\u00f3logos, este S\u00e9rum Corporal no solo mantiene la piel hidratada y suave a largo plazo, sino que tambi\u00e9n mejora su resistencia y firmeza gracias al Col\u00e1geno Vegano. Adem\u00e1s, la inclusi\u00f3n de Avena Coloidal proporciona una hidrataci\u00f3n profunda* y ayuda a calmar la piel al restaurar la barrera protectora cut\u00e1nea, mientras que la Glicerina protege contra la resequedad y los factores externos adversos. Esta combinaci\u00f3n de ingredientes de alta calidad garantiza un cuidado integral para una piel saludable y radiante.<br \/>\n*Estrato C\u00f3rneo.<\/p>\n<p>Las cremas Dove S\u00e9rum Corporal Pantenol ofrecen una sensaci\u00f3n de alivio inmediato a la aspereza y tirantez de la piel. Dise\u00f1adas para piel sensible, \u00e1spera y extra seca, las cremas Dove S\u00e9rum Corporal Pantenol alivian, restauran la humectaci\u00f3n natural de la piel y fortalecen la barrera cut\u00e1nea (Estrato C\u00f3rneo). Las cremas Dove S\u00e9rum Corporal tienen una f\u00f3rmula intensiva sin fragancia, cl\u00ednicamente probada, que proporciona 72 horas de humectaci\u00f3n regenerativa. Las cremas Dove S\u00e9rum Corporal, con una avanzada tecnolog\u00eda, humectan profundamente* y act\u00faan en sinergia con la piel, devolvi\u00e9ndole suavidad y luminosidad.<br \/>\n*Estrato C\u00f3rneo.<br \/>\nLas cremas Dove S\u00e9rum Corporal tienen Col\u00e1geno Vegano para firmeza, Avena Coloidal que restaura la barrera cut\u00e1nea y Glicerina que protege contra la resequedad y factores externos. Las cremas S\u00e9rum Corporal estan Co-creadas con dermat\u00f3logos, su uso diario asegura una piel hidratada y suave por m\u00e1s tiempo.<\/p>\n<\/div>","protected":false},"featured_media":117533,"comment_status":"closed","ping_status":"closed","template":"","meta":{"_acf_changed":false,"om_disable_all_campaigns":false,"_monsterinsights_skip_tracking":false,"_monsterinsights_sitenote_active":false,"_monsterinsights_sitenote_note":"","_monsterinsights_sitenote_category":0},"etheme_brands":[],"product_brand":[],"product_cat":[8935,8819,8820],"product_tag":[5427,1855,320,4326,6421,6931,6494,4140,9208,3925,9426],"class_list":{"0":"post-117532","1":"product","2":"type-product","3":"status-publish","4":"has-post-thumbnail","6":"product_cat-belleza-y-salud","7":"product_cat-farmacia","8":"product_cat-jabones-y-shampoo","9":"product_tag-acondicionador","10":"product_tag-bano","11":"product_tag-coco","12":"product_tag-curcuma","13":"product_tag-dove","14":"product_tag-ducha","15":"product_tag-hidratacion","16":"product_tag-jengibre","17":"product_tag-serum","18":"product_tag-shampoo","19":"product_tag-shower","21":"first","22":"instock","23":"taxable","24":"shipping-taxable","25":"purchasable","26":"product-type-simple"},"acf":[],"aioseo_notices":[],"_links":{"self":[{"href":"https:\/\/www.argensend.com\/en\/wp-json\/wp\/v2\/product\/117532","targetHints":{"allow":["GET"]}}],"collection":[{"href":"https:\/\/www.argensend.com\/en\/wp-json\/wp\/v2\/product"}],"about":[{"href":"https:\/\/www.argensend.com\/en\/wp-json\/wp\/v2\/types\/product"}],"replies":[{"embeddable":true,"href":"https:\/\/www.argensend.com\/en\/wp-json\/wp\/v2\/comments?post=117532"}],"version-history":[{"count":1,"href":"https:\/\/www.argensend.com\/en\/wp-json\/wp\/v2\/product\/117532\/revisions"}],"predecessor-version":[{"id":117534,"href":"https:\/\/www.argensend.com\/en\/wp-json\/wp\/v2\/product\/117532\/revisions\/117534"}],"wp:featuredmedia":[{"embeddable":true,"href":"https:\/\/www.argensend.com\/en\/wp-json\/wp\/v2\/media\/117533"}],"wp:attachment":[{"href":"https:\/\/www.argensend.com\/en\/wp-json\/wp\/v2\/media?parent=117532"}],"wp:term":[{"taxonomy":"brand","embeddable":true,"href":"https:\/\/www.argensend.com\/en\/wp-json\/wp\/v2\/etheme_brands?post=117532"},{"taxonomy":"product_brand","embeddable":true,"href":"https:\/\/www.argensend.com\/en\/wp-json\/wp\/v2\/product_brand?post=117532"},{"taxonomy":"product_cat","embeddable":true,"href":"https:\/\/www.argensend.com\/en\/wp-json\/wp\/v2\/product_cat?post=117532"},{"taxonomy":"product_tag","embeddable":true,"href":"https:\/\/www.argensend.com\/en\/wp-json\/wp\/v2\/product_tag?post=117532"}],"curies":[{"name":"wp","href":"https:\/\/api.w.org\/{rel}","templated":true}]}}