{"id":117536,"date":"2024-09-25T13:39:41","date_gmt":"2024-09-25T16:39:41","guid":{"rendered":"https:\/\/www.argensend.com\/?post_type=product&#038;p=117536"},"modified":"2024-12-06T16:49:38","modified_gmt":"2024-12-06T19:49:38","slug":"dove-jabon-en-barra-baby-hipoalergenico-humectacion-sensible-75-gr-x4-unidades","status":"publish","type":"product","link":"https:\/\/www.argensend.com\/en\/product\/dove-jabon-en-barra-baby-hipoalergenico-humectacion-sensible-75-gr-x4-unidades\/","title":{"rendered":"Dove &#8211; Jab\u00f3n en Barra Baby Hipoalerg\u00e9nico Humectaci\u00f3n Sensible 75 Gr x4 Unidades"},"content":{"rendered":"","protected":false},"excerpt":{"rendered":"<h1 class=\"vtex-store-components-3-x-productNameContainer vtex-store-components-3-x-productNameContainer--product-name-pdp mv0 t-heading-4\">Suave y delicado, este jab\u00f3n hipoalerg\u00e9nico ayuda a cuidar la piel sensible del beb\u00e9 minimizando las alergias y logrando una piel m\u00e1s suave.<br \/>\n\u00bfSab\u00edas que la piel del beb\u00e9 pierde humedad hasta cinco veces m\u00e1s r\u00e1pido que la de un adulto? Durante los primeros meses de su vida, los peque\u00f1os tienen una piel especialmente delicada. Si la piel de tu beb\u00e9 es sensible, querr\u00e1s el mejor jab\u00f3n pastilla de beb\u00e9 para piel sensible que le otorgue un cuidado extra especial mientras lo deja limpio. Testeado por oftalm\u00f3logo, dermat\u00f3logo y pediatra, el jab\u00f3n para ducha Baby Dove hipoalerg\u00e9nico Humectaci\u00f3n Sensible tiene pH neutro lo que ayuda a minimizar la posibilidad de alergias de la piel. A diferencia de los jabones regulares para beb\u00e9*, el jab\u00f3n en barra Hipoalerg\u00e9nico Humectaci\u00f3n Sensible est\u00e1 enriquecido con \u00bc de crema humectante y pH neutro que ayuda a proteger la piel del beb\u00e9 frente al resecamiento y posibles irritaciones.<br \/>\nAdem\u00e1s, tiene una fragancia que ha sido desarrollada especialmente para piel sensible. Hecho con nutrientes esenciales* de origen natural que ayudan a proteger la barrera de la piel de tu beb\u00e9 y a mantener la humectaci\u00f3n.<br \/>\nEl Jab\u00f3n en Barra Baby Dove Humectaci\u00f3n Sensible combina agentes de limpieza suaves con \u00c1cido Este\u00e1rico que cuidan la piel fr\u00e1gil del bebe. Evita la resequedad de la piel y repone nutrientes esenciales perdidos durante el ba\u00f1o.\u200b<\/p>\n<p>*\u00e1cido este\u00e1rico y \u00e1cido palm\u00edtico. *Jabones en barra comunes sin nutrientes esenciales de la piel.<\/h1>","protected":false},"featured_media":117537,"comment_status":"closed","ping_status":"closed","template":"","meta":{"_acf_changed":false,"om_disable_all_campaigns":false,"_monsterinsights_skip_tracking":false,"_monsterinsights_sitenote_active":false,"_monsterinsights_sitenote_note":"","_monsterinsights_sitenote_category":0},"etheme_brands":[],"product_brand":[],"product_cat":[8820],"product_tag":[456,464,467,466,465],"class_list":{"0":"post-117536","1":"product","2":"type-product","3":"status-publish","4":"has-post-thumbnail","6":"product_cat-jabones-y-shampoo","7":"product_tag-crema","8":"product_tag-crema-dermaglos","9":"product_tag-crema-en-pote","10":"product_tag-crema-facial","11":"product_tag-dermaglos","13":"first","14":"instock","15":"taxable","16":"shipping-taxable","17":"purchasable","18":"product-type-simple"},"acf":[],"aioseo_notices":[],"_links":{"self":[{"href":"https:\/\/www.argensend.com\/en\/wp-json\/wp\/v2\/product\/117536","targetHints":{"allow":["GET"]}}],"collection":[{"href":"https:\/\/www.argensend.com\/en\/wp-json\/wp\/v2\/product"}],"about":[{"href":"https:\/\/www.argensend.com\/en\/wp-json\/wp\/v2\/types\/product"}],"replies":[{"embeddable":true,"href":"https:\/\/www.argensend.com\/en\/wp-json\/wp\/v2\/comments?post=117536"}],"version-history":[{"count":1,"href":"https:\/\/www.argensend.com\/en\/wp-json\/wp\/v2\/product\/117536\/revisions"}],"predecessor-version":[{"id":117538,"href":"https:\/\/www.argensend.com\/en\/wp-json\/wp\/v2\/product\/117536\/revisions\/117538"}],"wp:featuredmedia":[{"embeddable":true,"href":"https:\/\/www.argensend.com\/en\/wp-json\/wp\/v2\/media\/117537"}],"wp:attachment":[{"href":"https:\/\/www.argensend.com\/en\/wp-json\/wp\/v2\/media?parent=117536"}],"wp:term":[{"taxonomy":"brand","embeddable":true,"href":"https:\/\/www.argensend.com\/en\/wp-json\/wp\/v2\/etheme_brands?post=117536"},{"taxonomy":"product_brand","embeddable":true,"href":"https:\/\/www.argensend.com\/en\/wp-json\/wp\/v2\/product_brand?post=117536"},{"taxonomy":"product_cat","embeddable":true,"href":"https:\/\/www.argensend.com\/en\/wp-json\/wp\/v2\/product_cat?post=117536"},{"taxonomy":"product_tag","embeddable":true,"href":"https:\/\/www.argensend.com\/en\/wp-json\/wp\/v2\/product_tag?post=117536"}],"curies":[{"name":"wp","href":"https:\/\/api.w.org\/{rel}","templated":true}]}}