{"id":117562,"date":"2024-09-26T11:26:03","date_gmt":"2024-09-26T14:26:03","guid":{"rendered":"https:\/\/www.argensend.com\/?post_type=product&#038;p=117562"},"modified":"2024-12-06T16:49:39","modified_gmt":"2024-12-06T19:49:39","slug":"dove-jabon-liquido-dove-antibacterial-250ml","status":"publish","type":"product","link":"https:\/\/www.argensend.com\/en\/product\/dove-jabon-liquido-dove-antibacterial-250ml\/","title":{"rendered":"Dove- Jab\u00f3n L\u00edquido Dove Antibacterial 250ml"},"content":{"rendered":"","protected":false},"excerpt":{"rendered":"<p>Jab\u00f3n l\u00edquido Dove para manos con 1\/4 de crema humectante x 250 ml.<\/p>","protected":false},"featured_media":117563,"comment_status":"closed","ping_status":"closed","template":"","meta":{"_acf_changed":false,"om_disable_all_campaigns":false,"_monsterinsights_skip_tracking":false,"_monsterinsights_sitenote_active":false,"_monsterinsights_sitenote_note":"","_monsterinsights_sitenote_category":0},"etheme_brands":[],"product_brand":[],"product_cat":[8935,8820],"product_tag":[9421,9422,1070,1168,6421,5417,1943,1493,211],"class_list":{"0":"post-117562","1":"product","2":"type-product","3":"status-publish","4":"has-post-thumbnail","6":"product_cat-belleza-y-salud","7":"product_cat-jabones-y-shampoo","8":"product_tag-anitbacterial","9":"product_tag-antibacter","10":"product_tag-antibacterial","11":"product_tag-bebe","12":"product_tag-dove","13":"product_tag-humectacion","14":"product_tag-jabon","15":"product_tag-liquido","16":"product_tag-piel","18":"first","19":"instock","20":"taxable","21":"shipping-taxable","22":"purchasable","23":"product-type-simple"},"acf":[],"aioseo_notices":[],"_links":{"self":[{"href":"https:\/\/www.argensend.com\/en\/wp-json\/wp\/v2\/product\/117562","targetHints":{"allow":["GET"]}}],"collection":[{"href":"https:\/\/www.argensend.com\/en\/wp-json\/wp\/v2\/product"}],"about":[{"href":"https:\/\/www.argensend.com\/en\/wp-json\/wp\/v2\/types\/product"}],"replies":[{"embeddable":true,"href":"https:\/\/www.argensend.com\/en\/wp-json\/wp\/v2\/comments?post=117562"}],"version-history":[{"count":1,"href":"https:\/\/www.argensend.com\/en\/wp-json\/wp\/v2\/product\/117562\/revisions"}],"predecessor-version":[{"id":117564,"href":"https:\/\/www.argensend.com\/en\/wp-json\/wp\/v2\/product\/117562\/revisions\/117564"}],"wp:featuredmedia":[{"embeddable":true,"href":"https:\/\/www.argensend.com\/en\/wp-json\/wp\/v2\/media\/117563"}],"wp:attachment":[{"href":"https:\/\/www.argensend.com\/en\/wp-json\/wp\/v2\/media?parent=117562"}],"wp:term":[{"taxonomy":"brand","embeddable":true,"href":"https:\/\/www.argensend.com\/en\/wp-json\/wp\/v2\/etheme_brands?post=117562"},{"taxonomy":"product_brand","embeddable":true,"href":"https:\/\/www.argensend.com\/en\/wp-json\/wp\/v2\/product_brand?post=117562"},{"taxonomy":"product_cat","embeddable":true,"href":"https:\/\/www.argensend.com\/en\/wp-json\/wp\/v2\/product_cat?post=117562"},{"taxonomy":"product_tag","embeddable":true,"href":"https:\/\/www.argensend.com\/en\/wp-json\/wp\/v2\/product_tag?post=117562"}],"curies":[{"name":"wp","href":"https:\/\/api.w.org\/{rel}","templated":true}]}}