{"id":117567,"date":"2024-09-26T12:21:44","date_gmt":"2024-09-26T15:21:44","guid":{"rendered":"https:\/\/www.argensend.com\/?post_type=product&#038;p=117567"},"modified":"2024-12-06T16:49:39","modified_gmt":"2024-12-06T19:49:39","slug":"perfume-red-jeans-edt-75-ml","status":"publish","type":"product","link":"https:\/\/www.argensend.com\/en\/product\/perfume-red-jeans-edt-75-ml\/","title":{"rendered":"Perfume Versace Red Jeans EDT 75 Ml"},"content":{"rendered":"","protected":false},"excerpt":{"rendered":"<p>Red Jeans de Versace es un \u201cEau de Toilette\u201d para mujer que se incluye en la familia Floral Frutal. Se trata de un aroma fresco y desenfadado, para un p\u00fablico juvenil en busca de un aroma ligero y llevadero. En \u00e9l, se describe a una mujer urbana y activa, de esp\u00edritu libre y transgresor, una chica alegre y divertida, que huye de las ostentosidades para adentrarse en un mundo en el que reina la sencillez y la felicidad.<\/p>","protected":false},"featured_media":117568,"comment_status":"closed","ping_status":"closed","template":"","meta":{"_acf_changed":false,"om_disable_all_campaigns":false,"_monsterinsights_skip_tracking":false,"_monsterinsights_sitenote_active":false,"_monsterinsights_sitenote_note":"","_monsterinsights_sitenote_category":0},"etheme_brands":[],"product_brand":[],"product_cat":[8818],"product_tag":[203,1855,1612,2014,1159,10518],"class_list":{"0":"post-117567","1":"product","2":"type-product","3":"status-publish","4":"has-post-thumbnail","6":"product_cat-perfumeria","7":"product_tag-argentina","8":"product_tag-bano","9":"product_tag-belleza","10":"product_tag-colonia","11":"product_tag-perfume","12":"product_tag-versace","14":"first","15":"instock","16":"taxable","17":"shipping-taxable","18":"purchasable","19":"product-type-simple"},"acf":[],"aioseo_notices":[],"_links":{"self":[{"href":"https:\/\/www.argensend.com\/en\/wp-json\/wp\/v2\/product\/117567","targetHints":{"allow":["GET"]}}],"collection":[{"href":"https:\/\/www.argensend.com\/en\/wp-json\/wp\/v2\/product"}],"about":[{"href":"https:\/\/www.argensend.com\/en\/wp-json\/wp\/v2\/types\/product"}],"replies":[{"embeddable":true,"href":"https:\/\/www.argensend.com\/en\/wp-json\/wp\/v2\/comments?post=117567"}],"version-history":[{"count":2,"href":"https:\/\/www.argensend.com\/en\/wp-json\/wp\/v2\/product\/117567\/revisions"}],"predecessor-version":[{"id":117570,"href":"https:\/\/www.argensend.com\/en\/wp-json\/wp\/v2\/product\/117567\/revisions\/117570"}],"wp:featuredmedia":[{"embeddable":true,"href":"https:\/\/www.argensend.com\/en\/wp-json\/wp\/v2\/media\/117568"}],"wp:attachment":[{"href":"https:\/\/www.argensend.com\/en\/wp-json\/wp\/v2\/media?parent=117567"}],"wp:term":[{"taxonomy":"brand","embeddable":true,"href":"https:\/\/www.argensend.com\/en\/wp-json\/wp\/v2\/etheme_brands?post=117567"},{"taxonomy":"product_brand","embeddable":true,"href":"https:\/\/www.argensend.com\/en\/wp-json\/wp\/v2\/product_brand?post=117567"},{"taxonomy":"product_cat","embeddable":true,"href":"https:\/\/www.argensend.com\/en\/wp-json\/wp\/v2\/product_cat?post=117567"},{"taxonomy":"product_tag","embeddable":true,"href":"https:\/\/www.argensend.com\/en\/wp-json\/wp\/v2\/product_tag?post=117567"}],"curies":[{"name":"wp","href":"https:\/\/api.w.org\/{rel}","templated":true}]}}