{"id":117571,"date":"2024-09-26T12:31:42","date_gmt":"2024-09-26T15:31:42","guid":{"rendered":"https:\/\/www.argensend.com\/?post_type=product&#038;p=117571"},"modified":"2024-12-06T16:49:39","modified_gmt":"2024-12-06T19:49:39","slug":"perfume-moschino-toy2-bubble-gum-edt-50-ml","status":"publish","type":"product","link":"https:\/\/www.argensend.com\/en\/product\/perfume-moschino-toy2-bubble-gum-edt-50-ml\/","title":{"rendered":"Perfume Moschino Toy2 Bubble Gum EDT 50 Ml"},"content":{"rendered":"","protected":false},"excerpt":{"rendered":"<p>TOY2 se ti\u00f1e de un rosa moderno y elegante dedicando su alma mas pura a todas las mujeres #PinkAddicted. Notas divertidas, saludables y juguetonas que exploran los distintos matices del rosa, invocando el delicado aroma del ir\u00f3nico e ic\u00f3nico chicle globo del que toma su nombre la fragancia.<br \/>\nMoschino #TOY2BUBBLEGUM muestra su lado divertido y a\u00f1ade vibras pop a la narrativa Moschino. Una fragancia que resalta, una esencia encendida por notas vivaces de chicle globo, dulce, picante e intenso. Los c\u00edtricos azucarados se unen con el suculento melocot\u00f3n y especias que forman un elegante c\u00f3ctel de maderas y almizcle.<br \/>\nSolo para #PinkAddicted.<\/p>\n<p>Familia olfativa: floral, afrutada y oriental.<br \/>\nNotas principales: c\u00edtricos confitados, lim\u00f3n de Italia, naranja de Italia.<br \/>\nNotas de secundarias: mezcla de chicle, canela, ar\u00e1ndanos, jengibre, rosa de Bulgaria, melocot\u00f3n jugoso, flor de cerezo.<br \/>\nNotas de fondo: madera de cedro, ambrofix, c\u00f3ctel de almizcles sedosos.<\/p>\n<p>Botella con forma de Moschino Teddy Bear en vidrio transparente. El producto no contiene ning\u00fan ingrediente animal a\u00f1adido o ingredientes derivados de animales. El 80 % de las materias primas contenidas en la fragancia son biodegradables.<\/p>","protected":false},"featured_media":117572,"comment_status":"closed","ping_status":"closed","template":"","meta":{"_acf_changed":false,"om_disable_all_campaigns":false,"_monsterinsights_skip_tracking":false,"_monsterinsights_sitenote_active":false,"_monsterinsights_sitenote_note":"","_monsterinsights_sitenote_category":0},"etheme_brands":[],"product_brand":[],"product_cat":[8818],"product_tag":[203,1855,1612,2014,10519,1159],"class_list":{"0":"post-117571","1":"product","2":"type-product","3":"status-publish","4":"has-post-thumbnail","6":"product_cat-perfumeria","7":"product_tag-argentina","8":"product_tag-bano","9":"product_tag-belleza","10":"product_tag-colonia","11":"product_tag-moschino","12":"product_tag-perfume","14":"first","15":"instock","16":"taxable","17":"shipping-taxable","18":"purchasable","19":"product-type-simple"},"acf":[],"aioseo_notices":[],"_links":{"self":[{"href":"https:\/\/www.argensend.com\/en\/wp-json\/wp\/v2\/product\/117571","targetHints":{"allow":["GET"]}}],"collection":[{"href":"https:\/\/www.argensend.com\/en\/wp-json\/wp\/v2\/product"}],"about":[{"href":"https:\/\/www.argensend.com\/en\/wp-json\/wp\/v2\/types\/product"}],"replies":[{"embeddable":true,"href":"https:\/\/www.argensend.com\/en\/wp-json\/wp\/v2\/comments?post=117571"}],"version-history":[{"count":1,"href":"https:\/\/www.argensend.com\/en\/wp-json\/wp\/v2\/product\/117571\/revisions"}],"predecessor-version":[{"id":117574,"href":"https:\/\/www.argensend.com\/en\/wp-json\/wp\/v2\/product\/117571\/revisions\/117574"}],"wp:featuredmedia":[{"embeddable":true,"href":"https:\/\/www.argensend.com\/en\/wp-json\/wp\/v2\/media\/117572"}],"wp:attachment":[{"href":"https:\/\/www.argensend.com\/en\/wp-json\/wp\/v2\/media?parent=117571"}],"wp:term":[{"taxonomy":"brand","embeddable":true,"href":"https:\/\/www.argensend.com\/en\/wp-json\/wp\/v2\/etheme_brands?post=117571"},{"taxonomy":"product_brand","embeddable":true,"href":"https:\/\/www.argensend.com\/en\/wp-json\/wp\/v2\/product_brand?post=117571"},{"taxonomy":"product_cat","embeddable":true,"href":"https:\/\/www.argensend.com\/en\/wp-json\/wp\/v2\/product_cat?post=117571"},{"taxonomy":"product_tag","embeddable":true,"href":"https:\/\/www.argensend.com\/en\/wp-json\/wp\/v2\/product_tag?post=117571"}],"curies":[{"name":"wp","href":"https:\/\/api.w.org\/{rel}","templated":true}]}}