{"id":117575,"date":"2024-09-26T12:35:47","date_gmt":"2024-09-26T15:35:47","guid":{"rendered":"https:\/\/www.argensend.com\/?post_type=product&#038;p=117575"},"modified":"2024-12-06T16:49:39","modified_gmt":"2024-12-06T19:49:39","slug":"perfume-dior-jadore-lor-essence-de-parfum-50-ml","status":"publish","type":"product","link":"https:\/\/www.argensend.com\/en\/product\/perfume-dior-jadore-lor-essence-de-parfum-50-ml\/","title":{"rendered":"Perfume Dior J&#8217;adore l&#8217;Or Essence de Parfum 50 Ml"},"content":{"rendered":"","protected":false},"excerpt":{"rendered":"<div class=\"vtex-store-components-3-x-content h-auto\">\n<p>Todo el oro de J&#8217;adore en un concentrado puro y esencial. Para J&#8217;adore l&#8217;Or, Francis Kurkdjian, Director Creativo de Perfumes Dior, exalta la belleza de las flores de J&#8217;adore amplificando sus matices y acentuando sus colores.<br \/>\nUna esencia de perfume amplia y voluptuosa donde dialogan las notas de los absolutos de flor de naranjo, jazm\u00edn grandiflorum y rosa centifolia. Estas flores son el verdadero oro de J&#8217;adore, desplegadas en todo su esplendor en una quintaesencia floral tan poderosa como carnal.<br \/>\nEl ic\u00f3nico collar curvil\u00edneo de J&#8217;adore se reinventa para evocar la calidez de su estela hasta convertirse en un metal org\u00e1nico y precioso que ondula y abraza el cristal de J&#8217;adore l&#8217;Or.<\/p>\n<p>ABSOLUTO DE FLOR DE NARANJO. Ba\u00f1ada por el sol, la flor de naranjo en su concentraci\u00f3n m\u00e1s pura despliega notas frescas y luminosas. Aporta elegancia, feminidad y suavidad al perfume.<br \/>\nABSOLUTO DE JAZM\u00cdN GRANDIFLORUM. El jazm\u00edn grandiflorum es potente y sutil, con matices de notas de almendra, mango y pl\u00e1tano. Su floralidad afrutada responde a un impactante poder sensorial.<br \/>\nABSOLUTO DE ROSA CENTIFOLIA. La rosa centifolia, tan ef\u00edmera como preciosa, posee un perfume potente y complejo. Una rosa carnosa, equilibrada y exuberante, la verdadera quintaesencia de la feminidad.<\/p>\n<\/div>\n<div class=\"vtex-store-components-3-x-pointerEventsNone absolute bottom-0 w-100 h-100 flex-column justify-end flex\">\n<div class=\"vtex-store-components-3-x-fadeBottom w-100 h-50 o-0\"><\/div>\n<\/div>","protected":false},"featured_media":117576,"comment_status":"closed","ping_status":"closed","template":"","meta":{"_acf_changed":false,"om_disable_all_campaigns":false,"_monsterinsights_skip_tracking":false,"_monsterinsights_sitenote_active":false,"_monsterinsights_sitenote_note":"","_monsterinsights_sitenote_category":0},"etheme_brands":[],"product_brand":[],"product_cat":[8818],"product_tag":[203,1855,1612,2014,1159,10518],"class_list":{"0":"post-117575","1":"product","2":"type-product","3":"status-publish","4":"has-post-thumbnail","6":"product_cat-perfumeria","7":"product_tag-argentina","8":"product_tag-bano","9":"product_tag-belleza","10":"product_tag-colonia","11":"product_tag-perfume","12":"product_tag-versace","14":"first","15":"instock","16":"taxable","17":"shipping-taxable","18":"purchasable","19":"product-type-simple"},"acf":[],"aioseo_notices":[],"_links":{"self":[{"href":"https:\/\/www.argensend.com\/en\/wp-json\/wp\/v2\/product\/117575","targetHints":{"allow":["GET"]}}],"collection":[{"href":"https:\/\/www.argensend.com\/en\/wp-json\/wp\/v2\/product"}],"about":[{"href":"https:\/\/www.argensend.com\/en\/wp-json\/wp\/v2\/types\/product"}],"replies":[{"embeddable":true,"href":"https:\/\/www.argensend.com\/en\/wp-json\/wp\/v2\/comments?post=117575"}],"version-history":[{"count":1,"href":"https:\/\/www.argensend.com\/en\/wp-json\/wp\/v2\/product\/117575\/revisions"}],"predecessor-version":[{"id":117578,"href":"https:\/\/www.argensend.com\/en\/wp-json\/wp\/v2\/product\/117575\/revisions\/117578"}],"wp:featuredmedia":[{"embeddable":true,"href":"https:\/\/www.argensend.com\/en\/wp-json\/wp\/v2\/media\/117576"}],"wp:attachment":[{"href":"https:\/\/www.argensend.com\/en\/wp-json\/wp\/v2\/media?parent=117575"}],"wp:term":[{"taxonomy":"brand","embeddable":true,"href":"https:\/\/www.argensend.com\/en\/wp-json\/wp\/v2\/etheme_brands?post=117575"},{"taxonomy":"product_brand","embeddable":true,"href":"https:\/\/www.argensend.com\/en\/wp-json\/wp\/v2\/product_brand?post=117575"},{"taxonomy":"product_cat","embeddable":true,"href":"https:\/\/www.argensend.com\/en\/wp-json\/wp\/v2\/product_cat?post=117575"},{"taxonomy":"product_tag","embeddable":true,"href":"https:\/\/www.argensend.com\/en\/wp-json\/wp\/v2\/product_tag?post=117575"}],"curies":[{"name":"wp","href":"https:\/\/api.w.org\/{rel}","templated":true}]}}