{"id":117579,"date":"2024-09-26T12:45:06","date_gmt":"2024-09-26T15:45:06","guid":{"rendered":"https:\/\/www.argensend.com\/?post_type=product&#038;p=117579"},"modified":"2024-12-06T16:49:39","modified_gmt":"2024-12-06T19:49:39","slug":"perfume-salvador-dali-dalissime-edt-100-ml","status":"publish","type":"product","link":"https:\/\/www.argensend.com\/en\/product\/perfume-salvador-dali-dalissime-edt-100-ml\/","title":{"rendered":"Perfume Salvador Dal\u00ed Dalissime EDT 100 Ml"},"content":{"rendered":"","protected":false},"excerpt":{"rendered":"<p>Dalissime es una oda a la dulzura y a la belleza femenina inspirada en el cuadro Christmas que Salvador Dal\u00ed pint\u00f3 para ilustrar la portada de la revista Vogue en su edici\u00f3n norteamericana.<br \/>\nEl frasco de vidrio representa una columna en la que est\u00e1n esculpidos los dos s\u00edmbolos dalinianos, la boca y la nariz de un rostro femenino. Un frasco \u201cobra de arte\u201d que se ha convertido en un cl\u00e1sico.<br \/>\nLas notas afrutadas de melocot\u00f3n y albaricoque de Dalissime envuelven en un velo dulce y tierno.<br \/>\nNotas olfativas: melocot\u00f3n, albaricoque, pi\u00f1a, ciruela, muguete, rosa, clavel de Indias, jazm\u00edn, narciso, almizcle, vainilla, haba tonka, lichi, \u00e1mbar, s\u00e1ndalo.<\/p>","protected":false},"featured_media":117580,"comment_status":"closed","ping_status":"closed","template":"","meta":{"_acf_changed":false,"om_disable_all_campaigns":false,"_monsterinsights_skip_tracking":false,"_monsterinsights_sitenote_active":false,"_monsterinsights_sitenote_note":"","_monsterinsights_sitenote_category":0},"etheme_brands":[],"product_brand":[],"product_cat":[8818],"product_tag":[203,1855,1612,2014,10521,1159,10520],"class_list":{"0":"post-117579","1":"product","2":"type-product","3":"status-publish","4":"has-post-thumbnail","6":"product_cat-perfumeria","7":"product_tag-argentina","8":"product_tag-bano","9":"product_tag-belleza","10":"product_tag-colonia","11":"product_tag-dali","12":"product_tag-perfume","13":"product_tag-salvador-dali","15":"first","16":"instock","17":"taxable","18":"shipping-taxable","19":"purchasable","20":"product-type-simple"},"acf":[],"aioseo_notices":[],"_links":{"self":[{"href":"https:\/\/www.argensend.com\/en\/wp-json\/wp\/v2\/product\/117579","targetHints":{"allow":["GET"]}}],"collection":[{"href":"https:\/\/www.argensend.com\/en\/wp-json\/wp\/v2\/product"}],"about":[{"href":"https:\/\/www.argensend.com\/en\/wp-json\/wp\/v2\/types\/product"}],"replies":[{"embeddable":true,"href":"https:\/\/www.argensend.com\/en\/wp-json\/wp\/v2\/comments?post=117579"}],"version-history":[{"count":1,"href":"https:\/\/www.argensend.com\/en\/wp-json\/wp\/v2\/product\/117579\/revisions"}],"predecessor-version":[{"id":117582,"href":"https:\/\/www.argensend.com\/en\/wp-json\/wp\/v2\/product\/117579\/revisions\/117582"}],"wp:featuredmedia":[{"embeddable":true,"href":"https:\/\/www.argensend.com\/en\/wp-json\/wp\/v2\/media\/117580"}],"wp:attachment":[{"href":"https:\/\/www.argensend.com\/en\/wp-json\/wp\/v2\/media?parent=117579"}],"wp:term":[{"taxonomy":"brand","embeddable":true,"href":"https:\/\/www.argensend.com\/en\/wp-json\/wp\/v2\/etheme_brands?post=117579"},{"taxonomy":"product_brand","embeddable":true,"href":"https:\/\/www.argensend.com\/en\/wp-json\/wp\/v2\/product_brand?post=117579"},{"taxonomy":"product_cat","embeddable":true,"href":"https:\/\/www.argensend.com\/en\/wp-json\/wp\/v2\/product_cat?post=117579"},{"taxonomy":"product_tag","embeddable":true,"href":"https:\/\/www.argensend.com\/en\/wp-json\/wp\/v2\/product_tag?post=117579"}],"curies":[{"name":"wp","href":"https:\/\/api.w.org\/{rel}","templated":true}]}}