{"id":117583,"date":"2024-09-26T12:52:06","date_gmt":"2024-09-26T15:52:06","guid":{"rendered":"https:\/\/www.argensend.com\/?post_type=product&#038;p=117583"},"modified":"2024-12-06T16:49:39","modified_gmt":"2024-12-06T19:49:39","slug":"perfume-ted-lapidus-rumba-fever-edt-100-ml","status":"publish","type":"product","link":"https:\/\/www.argensend.com\/en\/product\/perfume-ted-lapidus-rumba-fever-edt-100-ml\/","title":{"rendered":"Perfume Ted Lapidus Rumba Fever EDT 100 Ml"},"content":{"rendered":"","protected":false},"excerpt":{"rendered":"<p>Una oda a la peligrosamente adictiva energ\u00eda latina. Inspirado en el rojo, el color por excelencia de la pasi\u00f3n y la tentaci\u00f3n, Rumba Fever sube la temperatura y revisita este baile de encanto y atracci\u00f3n al ritmo de los sensuales movimientos de los cuerpos que se calientan.<br \/>\nUna fragancia con coraz\u00f3n rojo para mujeres atrevidas que viven intensamente.<br \/>\nFloral frutal gourmand:<br \/>\nNotas de salida: grosellas negras, mandarina y pera.<br \/>\nNotas de coraz\u00f3n: rosa, flor de azahar del naranjo y Noche floreciendo jazm\u00edn.<br \/>\nNotas de fondo: dulce de leche, vainilla y \u00e1mbar.<\/p>","protected":false},"featured_media":117584,"comment_status":"closed","ping_status":"closed","template":"","meta":{"_acf_changed":false,"om_disable_all_campaigns":false,"_monsterinsights_skip_tracking":false,"_monsterinsights_sitenote_active":false,"_monsterinsights_sitenote_note":"","_monsterinsights_sitenote_category":0},"etheme_brands":[],"product_brand":[],"product_cat":[8818],"product_tag":[203,1855,1612,2014,1159,10518],"class_list":{"0":"post-117583","1":"product","2":"type-product","3":"status-publish","4":"has-post-thumbnail","6":"product_cat-perfumeria","7":"product_tag-argentina","8":"product_tag-bano","9":"product_tag-belleza","10":"product_tag-colonia","11":"product_tag-perfume","12":"product_tag-versace","14":"first","15":"instock","16":"taxable","17":"shipping-taxable","18":"purchasable","19":"product-type-simple"},"acf":[],"aioseo_notices":[],"_links":{"self":[{"href":"https:\/\/www.argensend.com\/en\/wp-json\/wp\/v2\/product\/117583","targetHints":{"allow":["GET"]}}],"collection":[{"href":"https:\/\/www.argensend.com\/en\/wp-json\/wp\/v2\/product"}],"about":[{"href":"https:\/\/www.argensend.com\/en\/wp-json\/wp\/v2\/types\/product"}],"replies":[{"embeddable":true,"href":"https:\/\/www.argensend.com\/en\/wp-json\/wp\/v2\/comments?post=117583"}],"version-history":[{"count":1,"href":"https:\/\/www.argensend.com\/en\/wp-json\/wp\/v2\/product\/117583\/revisions"}],"predecessor-version":[{"id":117586,"href":"https:\/\/www.argensend.com\/en\/wp-json\/wp\/v2\/product\/117583\/revisions\/117586"}],"wp:featuredmedia":[{"embeddable":true,"href":"https:\/\/www.argensend.com\/en\/wp-json\/wp\/v2\/media\/117584"}],"wp:attachment":[{"href":"https:\/\/www.argensend.com\/en\/wp-json\/wp\/v2\/media?parent=117583"}],"wp:term":[{"taxonomy":"brand","embeddable":true,"href":"https:\/\/www.argensend.com\/en\/wp-json\/wp\/v2\/etheme_brands?post=117583"},{"taxonomy":"product_brand","embeddable":true,"href":"https:\/\/www.argensend.com\/en\/wp-json\/wp\/v2\/product_brand?post=117583"},{"taxonomy":"product_cat","embeddable":true,"href":"https:\/\/www.argensend.com\/en\/wp-json\/wp\/v2\/product_cat?post=117583"},{"taxonomy":"product_tag","embeddable":true,"href":"https:\/\/www.argensend.com\/en\/wp-json\/wp\/v2\/product_tag?post=117583"}],"curies":[{"name":"wp","href":"https:\/\/api.w.org\/{rel}","templated":true}]}}