{"id":117591,"date":"2024-09-26T13:00:21","date_gmt":"2024-09-26T16:00:21","guid":{"rendered":"https:\/\/www.argensend.com\/?post_type=product&#038;p=117591"},"modified":"2024-12-06T16:49:40","modified_gmt":"2024-12-06T19:49:40","slug":"perfume-versace-the-dreamer-edt-100-ml","status":"publish","type":"product","link":"https:\/\/www.argensend.com\/en\/product\/perfume-versace-the-dreamer-edt-100-ml\/","title":{"rendered":"Perfume Versace The Dreamer EDT 100 Ml"},"content":{"rendered":"","protected":false},"excerpt":{"rendered":"<p>La fragancia destaca m\u00e1s por el tono limpio de jazm\u00edn con un especiado m\u00e1s mesurado pero todav\u00eda presente en la l\u00ednea seca, complementando unos vestigiales de bergamota y una lavanda que se desdobla de la parte limpia aportando ahora m\u00e1s aromaticidad, m\u00e1s un grupo verde que permaneci\u00f3 oculto en las fases anteriores y que ahora se aprecian de mejor forma, manteniendo el estilo mediterr\u00e1neo y mostrando tintes de condimento de cocina tipo laurel, estrag\u00f3n y comino suave.-<\/p>\n<p>Las notas de salida son lavanda, mandarina y salvia.<br \/>\nLas notas de coraz\u00f3n son clavel, tabaco, rosa y geranio.<br \/>\nLas notas de fondo son abeto, haba tonka, vetiver y cedro.<\/p>","protected":false},"featured_media":117592,"comment_status":"closed","ping_status":"closed","template":"","meta":{"_acf_changed":false,"om_disable_all_campaigns":false,"_monsterinsights_skip_tracking":false,"_monsterinsights_sitenote_active":false,"_monsterinsights_sitenote_note":"","_monsterinsights_sitenote_category":0},"etheme_brands":[],"product_brand":[],"product_cat":[8818],"product_tag":[203,1855,1612,2014,1159,10518],"class_list":{"0":"post-117591","1":"product","2":"type-product","3":"status-publish","4":"has-post-thumbnail","6":"product_cat-perfumeria","7":"product_tag-argentina","8":"product_tag-bano","9":"product_tag-belleza","10":"product_tag-colonia","11":"product_tag-perfume","12":"product_tag-versace","14":"first","15":"instock","16":"taxable","17":"shipping-taxable","18":"purchasable","19":"product-type-simple"},"acf":[],"aioseo_notices":[],"_links":{"self":[{"href":"https:\/\/www.argensend.com\/en\/wp-json\/wp\/v2\/product\/117591","targetHints":{"allow":["GET"]}}],"collection":[{"href":"https:\/\/www.argensend.com\/en\/wp-json\/wp\/v2\/product"}],"about":[{"href":"https:\/\/www.argensend.com\/en\/wp-json\/wp\/v2\/types\/product"}],"replies":[{"embeddable":true,"href":"https:\/\/www.argensend.com\/en\/wp-json\/wp\/v2\/comments?post=117591"}],"version-history":[{"count":1,"href":"https:\/\/www.argensend.com\/en\/wp-json\/wp\/v2\/product\/117591\/revisions"}],"predecessor-version":[{"id":117594,"href":"https:\/\/www.argensend.com\/en\/wp-json\/wp\/v2\/product\/117591\/revisions\/117594"}],"wp:featuredmedia":[{"embeddable":true,"href":"https:\/\/www.argensend.com\/en\/wp-json\/wp\/v2\/media\/117592"}],"wp:attachment":[{"href":"https:\/\/www.argensend.com\/en\/wp-json\/wp\/v2\/media?parent=117591"}],"wp:term":[{"taxonomy":"brand","embeddable":true,"href":"https:\/\/www.argensend.com\/en\/wp-json\/wp\/v2\/etheme_brands?post=117591"},{"taxonomy":"product_brand","embeddable":true,"href":"https:\/\/www.argensend.com\/en\/wp-json\/wp\/v2\/product_brand?post=117591"},{"taxonomy":"product_cat","embeddable":true,"href":"https:\/\/www.argensend.com\/en\/wp-json\/wp\/v2\/product_cat?post=117591"},{"taxonomy":"product_tag","embeddable":true,"href":"https:\/\/www.argensend.com\/en\/wp-json\/wp\/v2\/product_tag?post=117591"}],"curies":[{"name":"wp","href":"https:\/\/api.w.org\/{rel}","templated":true}]}}