{"id":117599,"date":"2024-09-26T13:07:45","date_gmt":"2024-09-26T16:07:45","guid":{"rendered":"https:\/\/www.argensend.com\/?post_type=product&#038;p=117599"},"modified":"2024-12-06T16:49:40","modified_gmt":"2024-12-06T19:49:40","slug":"perfume-moschino-funny-edt-100-ml","status":"publish","type":"product","link":"https:\/\/www.argensend.com\/en\/product\/perfume-moschino-funny-edt-100-ml\/","title":{"rendered":"Perfume Moschino Funny EDT 100 Ml"},"content":{"rendered":"","protected":false},"excerpt":{"rendered":"<p>Es una fragancia de la familia olfativa Floral Frutal para Mujeres. Las Notas de Salida son naranja amarga, grosella roja y pimienta rosa, las Notas de Coraz\u00f3n son t\u00e9 verde, peon\u00eda, jazm\u00edn y violeta, las Notas de Fondo son cedro, almizcle, musgo de roble y \u00e1mbar.<\/p>\n<p>Su divertida estela, inicia con una bocanada de frescor, procedente de notas c\u00edtricas, como bergamota, mandarina y ylang-ylang, un comienzo vibrante, que allana el terreno para un coraz\u00f3n floral con destellos silvestres, gracias a la presencia de frambuesa, dulce y traviesa.<\/p>","protected":false},"featured_media":117600,"comment_status":"closed","ping_status":"closed","template":"","meta":{"_acf_changed":false,"om_disable_all_campaigns":false,"_monsterinsights_skip_tracking":false,"_monsterinsights_sitenote_active":false,"_monsterinsights_sitenote_note":"","_monsterinsights_sitenote_category":0},"etheme_brands":[],"product_brand":[],"product_cat":[8818],"product_tag":[203,1855,1612,2014,10519,1159],"class_list":{"0":"post-117599","1":"product","2":"type-product","3":"status-publish","4":"has-post-thumbnail","6":"product_cat-perfumeria","7":"product_tag-argentina","8":"product_tag-bano","9":"product_tag-belleza","10":"product_tag-colonia","11":"product_tag-moschino","12":"product_tag-perfume","14":"first","15":"instock","16":"taxable","17":"shipping-taxable","18":"purchasable","19":"product-type-simple"},"acf":[],"aioseo_notices":[],"_links":{"self":[{"href":"https:\/\/www.argensend.com\/en\/wp-json\/wp\/v2\/product\/117599","targetHints":{"allow":["GET"]}}],"collection":[{"href":"https:\/\/www.argensend.com\/en\/wp-json\/wp\/v2\/product"}],"about":[{"href":"https:\/\/www.argensend.com\/en\/wp-json\/wp\/v2\/types\/product"}],"replies":[{"embeddable":true,"href":"https:\/\/www.argensend.com\/en\/wp-json\/wp\/v2\/comments?post=117599"}],"version-history":[{"count":1,"href":"https:\/\/www.argensend.com\/en\/wp-json\/wp\/v2\/product\/117599\/revisions"}],"predecessor-version":[{"id":117602,"href":"https:\/\/www.argensend.com\/en\/wp-json\/wp\/v2\/product\/117599\/revisions\/117602"}],"wp:featuredmedia":[{"embeddable":true,"href":"https:\/\/www.argensend.com\/en\/wp-json\/wp\/v2\/media\/117600"}],"wp:attachment":[{"href":"https:\/\/www.argensend.com\/en\/wp-json\/wp\/v2\/media?parent=117599"}],"wp:term":[{"taxonomy":"brand","embeddable":true,"href":"https:\/\/www.argensend.com\/en\/wp-json\/wp\/v2\/etheme_brands?post=117599"},{"taxonomy":"product_brand","embeddable":true,"href":"https:\/\/www.argensend.com\/en\/wp-json\/wp\/v2\/product_brand?post=117599"},{"taxonomy":"product_cat","embeddable":true,"href":"https:\/\/www.argensend.com\/en\/wp-json\/wp\/v2\/product_cat?post=117599"},{"taxonomy":"product_tag","embeddable":true,"href":"https:\/\/www.argensend.com\/en\/wp-json\/wp\/v2\/product_tag?post=117599"}],"curies":[{"name":"wp","href":"https:\/\/api.w.org\/{rel}","templated":true}]}}