{"id":117607,"date":"2024-09-26T13:14:52","date_gmt":"2024-09-26T16:14:52","guid":{"rendered":"https:\/\/www.argensend.com\/?post_type=product&#038;p=117607"},"modified":"2024-12-06T16:49:41","modified_gmt":"2024-12-06T19:49:41","slug":"perfume-adidas-uefa-10-champions-edt-100-ml","status":"publish","type":"product","link":"https:\/\/www.argensend.com\/en\/product\/perfume-adidas-uefa-10-champions-edt-100-ml\/","title":{"rendered":"Perfume Adidas UEFA 10 Champions EDT 100 Ml"},"content":{"rendered":"","protected":false},"excerpt":{"rendered":"<p>Adidas UEFA Champions Eau de Toilette es una fragancia masculina y energizante, inspirada en el verdadero esp\u00edritu de competencia y la energ\u00eda del f\u00fatbol. Con notas arom\u00e1ticas amaderadas, esta fragancia cuenta con una exclusiva tecnolog\u00eda de larga duraci\u00f3n. Fue desarrollada para mantener la sensaci\u00f3n de frescura, dentro y fuera de la cancha, y en todos los momentos importantes.<br \/>\nFOUGERE CITRUS:<br \/>\nNotas altas: lim\u00f3n, lavanda, hojas de violeta.<br \/>\nNotas medias: salvia, manzana, cachemira.<br \/>\nNotas de fondo: vainilla, pachul\u00ed y almizcle.<\/p>\n<p>Adidas, inicialmente conocida por sus productos deportivos, diversifica su portafolio e introduce fragancias para el mercado del cuidado personal, sin perder su esp\u00edritu deportivo. Disfruta de los productos Adidas UEFA para vivir una poderosa experiencia olfativa.<\/p>","protected":false},"featured_media":117608,"comment_status":"closed","ping_status":"closed","template":"","meta":{"_acf_changed":false,"om_disable_all_campaigns":false,"_monsterinsights_skip_tracking":false,"_monsterinsights_sitenote_active":false,"_monsterinsights_sitenote_note":"","_monsterinsights_sitenote_category":0},"etheme_brands":[],"product_brand":[],"product_cat":[8818],"product_tag":[669,203,1855,1612,2014,1159,10524],"class_list":{"0":"post-117607","1":"product","2":"type-product","3":"status-publish","4":"has-post-thumbnail","6":"product_cat-perfumeria","7":"product_tag-adidas","8":"product_tag-argentina","9":"product_tag-bano","10":"product_tag-belleza","11":"product_tag-colonia","12":"product_tag-perfume","13":"product_tag-uefa","15":"first","16":"instock","17":"taxable","18":"shipping-taxable","19":"purchasable","20":"product-type-simple"},"acf":[],"aioseo_notices":[],"_links":{"self":[{"href":"https:\/\/www.argensend.com\/en\/wp-json\/wp\/v2\/product\/117607","targetHints":{"allow":["GET"]}}],"collection":[{"href":"https:\/\/www.argensend.com\/en\/wp-json\/wp\/v2\/product"}],"about":[{"href":"https:\/\/www.argensend.com\/en\/wp-json\/wp\/v2\/types\/product"}],"replies":[{"embeddable":true,"href":"https:\/\/www.argensend.com\/en\/wp-json\/wp\/v2\/comments?post=117607"}],"version-history":[{"count":1,"href":"https:\/\/www.argensend.com\/en\/wp-json\/wp\/v2\/product\/117607\/revisions"}],"predecessor-version":[{"id":117610,"href":"https:\/\/www.argensend.com\/en\/wp-json\/wp\/v2\/product\/117607\/revisions\/117610"}],"wp:featuredmedia":[{"embeddable":true,"href":"https:\/\/www.argensend.com\/en\/wp-json\/wp\/v2\/media\/117608"}],"wp:attachment":[{"href":"https:\/\/www.argensend.com\/en\/wp-json\/wp\/v2\/media?parent=117607"}],"wp:term":[{"taxonomy":"brand","embeddable":true,"href":"https:\/\/www.argensend.com\/en\/wp-json\/wp\/v2\/etheme_brands?post=117607"},{"taxonomy":"product_brand","embeddable":true,"href":"https:\/\/www.argensend.com\/en\/wp-json\/wp\/v2\/product_brand?post=117607"},{"taxonomy":"product_cat","embeddable":true,"href":"https:\/\/www.argensend.com\/en\/wp-json\/wp\/v2\/product_cat?post=117607"},{"taxonomy":"product_tag","embeddable":true,"href":"https:\/\/www.argensend.com\/en\/wp-json\/wp\/v2\/product_tag?post=117607"}],"curies":[{"name":"wp","href":"https:\/\/api.w.org\/{rel}","templated":true}]}}