{"id":117640,"date":"2024-09-27T08:55:43","date_gmt":"2024-09-27T11:55:43","guid":{"rendered":"https:\/\/www.argensend.com\/?post_type=product&#038;p=117640"},"modified":"2024-12-06T16:49:42","modified_gmt":"2024-12-06T19:49:42","slug":"perfume-tommy-hilfiger-tommy-men-edt-30-ml","status":"publish","type":"product","link":"https:\/\/www.argensend.com\/en\/product\/perfume-tommy-hilfiger-tommy-men-edt-30-ml\/","title":{"rendered":"Perfume Tommy Hilfiger Tommy Men EDT 30 Ml"},"content":{"rendered":"","protected":false},"excerpt":{"rendered":"<p>Una fragancia fresca que conquist\u00f3, un cl\u00e1sico para el hombre joven. Su frescura y comodidad representan un giro sobre el estilo cl\u00e1sico tradicional que no debes dejar de sentir.<\/p>\n<p>Familia olfativa: Amaderado.<br \/>\nNotas Altas: menta, lavanda, toronja (pomelo) y bergamota.<br \/>\nNotas Medias: \u00e1ndano, rosa y manzana granny smith.<br \/>\nNotas Bajas: \u00c1mbar, cactus y flor del algodonero.<\/p>","protected":false},"featured_media":117641,"comment_status":"closed","ping_status":"closed","template":"","meta":{"_acf_changed":false,"om_disable_all_campaigns":false,"_monsterinsights_skip_tracking":false,"_monsterinsights_sitenote_active":false,"_monsterinsights_sitenote_note":"","_monsterinsights_sitenote_category":0},"etheme_brands":[],"product_brand":[],"product_cat":[8818],"product_tag":[203,1855,1612,2014,1159,10522,10523],"class_list":{"0":"post-117640","1":"product","2":"type-product","3":"status-publish","4":"has-post-thumbnail","6":"product_cat-perfumeria","7":"product_tag-argentina","8":"product_tag-bano","9":"product_tag-belleza","10":"product_tag-colonia","11":"product_tag-perfume","12":"product_tag-tommy","13":"product_tag-tommy-hilfiger","15":"first","16":"instock","17":"taxable","18":"shipping-taxable","19":"purchasable","20":"product-type-simple"},"acf":[],"aioseo_notices":[],"_links":{"self":[{"href":"https:\/\/www.argensend.com\/en\/wp-json\/wp\/v2\/product\/117640","targetHints":{"allow":["GET"]}}],"collection":[{"href":"https:\/\/www.argensend.com\/en\/wp-json\/wp\/v2\/product"}],"about":[{"href":"https:\/\/www.argensend.com\/en\/wp-json\/wp\/v2\/types\/product"}],"replies":[{"embeddable":true,"href":"https:\/\/www.argensend.com\/en\/wp-json\/wp\/v2\/comments?post=117640"}],"version-history":[{"count":1,"href":"https:\/\/www.argensend.com\/en\/wp-json\/wp\/v2\/product\/117640\/revisions"}],"predecessor-version":[{"id":117643,"href":"https:\/\/www.argensend.com\/en\/wp-json\/wp\/v2\/product\/117640\/revisions\/117643"}],"wp:featuredmedia":[{"embeddable":true,"href":"https:\/\/www.argensend.com\/en\/wp-json\/wp\/v2\/media\/117641"}],"wp:attachment":[{"href":"https:\/\/www.argensend.com\/en\/wp-json\/wp\/v2\/media?parent=117640"}],"wp:term":[{"taxonomy":"brand","embeddable":true,"href":"https:\/\/www.argensend.com\/en\/wp-json\/wp\/v2\/etheme_brands?post=117640"},{"taxonomy":"product_brand","embeddable":true,"href":"https:\/\/www.argensend.com\/en\/wp-json\/wp\/v2\/product_brand?post=117640"},{"taxonomy":"product_cat","embeddable":true,"href":"https:\/\/www.argensend.com\/en\/wp-json\/wp\/v2\/product_cat?post=117640"},{"taxonomy":"product_tag","embeddable":true,"href":"https:\/\/www.argensend.com\/en\/wp-json\/wp\/v2\/product_tag?post=117640"}],"curies":[{"name":"wp","href":"https:\/\/api.w.org\/{rel}","templated":true}]}}