{"id":117644,"date":"2024-09-27T08:59:25","date_gmt":"2024-09-27T11:59:25","guid":{"rendered":"https:\/\/www.argensend.com\/?post_type=product&#038;p=117644"},"modified":"2025-04-22T17:58:58","modified_gmt":"2025-04-22T20:58:58","slug":"arcor-mermelada-naranja-454gr","status":"publish","type":"product","link":"https:\/\/www.argensend.com\/en\/product\/arcor-mermelada-naranja-454gr\/","title":{"rendered":"Arcor &#8211; Mermelada Naranja 454Gr"},"content":{"rendered":"<p>\u00a1Descubre la deliciosa Mermelada Arcor Naranja! Con un sabor intenso y natural, esta mermelada es perfecta para disfrutar en tus desayunos y meriendas. Elaborada con naranjas frescas y de la m\u00e1s alta calidad, cada cucharada te transportar\u00e1 a un mundo de sabores irresistibles. Con un peso de 454 gramos, tendr\u00e1s suficiente para compartir con toda la familia. Adem\u00e1s, esta mermelada es apta para personas con intolerancia al gluten, ya que no contiene TACC. \u00a1Aprovecha esta oportunidad y a\u00f1ade un toque de dulzura a tus comidas con la Mermelada Arcor Naranja!<\/p>","protected":false},"excerpt":{"rendered":"<p>\u00a1Descubre la deliciosa Mermelada Arcor Naranja! Con un sabor intenso y natural, esta mermelada es perfecta para disfrutar en tus desayunos y meriendas. Elaborada con&#8230;<\/p>","protected":false},"featured_media":117645,"comment_status":"closed","ping_status":"closed","template":"","meta":{"_acf_changed":false,"om_disable_all_campaigns":false,"_monsterinsights_skip_tracking":false,"_monsterinsights_sitenote_active":false,"_monsterinsights_sitenote_note":"","_monsterinsights_sitenote_category":0},"etheme_brands":[],"product_brand":[],"product_cat":[3292,8803,2133,2930],"product_tag":[7463,7394,300,203,234,224,766,5013,432,1138,3222],"class_list":{"0":"post-117644","1":"product","2":"type-product","3":"status-publish","4":"has-post-thumbnail","6":"product_cat-bajas-calorias","7":"product_cat-dulce-sin-tacc","8":"product_cat-dulces-veganos","9":"product_cat-jaleas-mermeladas","10":"product_tag-13-75-oz","11":"product_tag-390-gr","12":"product_tag-arcor","13":"product_tag-argentina","14":"product_tag-argentine","15":"product_tag-argentino","16":"product_tag-light","17":"product_tag-marmalade","18":"product_tag-mermelada","19":"product_tag-naranja","20":"product_tag-orange","22":"first","23":"instock","24":"taxable","25":"shipping-taxable","26":"purchasable","27":"product-type-simple"},"acf":[],"aioseo_notices":[],"_links":{"self":[{"href":"https:\/\/www.argensend.com\/en\/wp-json\/wp\/v2\/product\/117644","targetHints":{"allow":["GET"]}}],"collection":[{"href":"https:\/\/www.argensend.com\/en\/wp-json\/wp\/v2\/product"}],"about":[{"href":"https:\/\/www.argensend.com\/en\/wp-json\/wp\/v2\/types\/product"}],"replies":[{"embeddable":true,"href":"https:\/\/www.argensend.com\/en\/wp-json\/wp\/v2\/comments?post=117644"}],"version-history":[{"count":1,"href":"https:\/\/www.argensend.com\/en\/wp-json\/wp\/v2\/product\/117644\/revisions"}],"predecessor-version":[{"id":117647,"href":"https:\/\/www.argensend.com\/en\/wp-json\/wp\/v2\/product\/117644\/revisions\/117647"}],"wp:featuredmedia":[{"embeddable":true,"href":"https:\/\/www.argensend.com\/en\/wp-json\/wp\/v2\/media\/117645"}],"wp:attachment":[{"href":"https:\/\/www.argensend.com\/en\/wp-json\/wp\/v2\/media?parent=117644"}],"wp:term":[{"taxonomy":"brand","embeddable":true,"href":"https:\/\/www.argensend.com\/en\/wp-json\/wp\/v2\/etheme_brands?post=117644"},{"taxonomy":"product_brand","embeddable":true,"href":"https:\/\/www.argensend.com\/en\/wp-json\/wp\/v2\/product_brand?post=117644"},{"taxonomy":"product_cat","embeddable":true,"href":"https:\/\/www.argensend.com\/en\/wp-json\/wp\/v2\/product_cat?post=117644"},{"taxonomy":"product_tag","embeddable":true,"href":"https:\/\/www.argensend.com\/en\/wp-json\/wp\/v2\/product_tag?post=117644"}],"curies":[{"name":"wp","href":"https:\/\/api.w.org\/{rel}","templated":true}]}}