{"id":117655,"date":"2024-09-27T09:09:15","date_gmt":"2024-09-27T12:09:15","guid":{"rendered":"https:\/\/www.argensend.com\/?post_type=product&#038;p=117655"},"modified":"2024-12-06T16:49:45","modified_gmt":"2024-12-06T19:49:45","slug":"perfume-ted-lapidus-orissima-edp-30-ml","status":"publish","type":"product","link":"https:\/\/www.argensend.com\/en\/product\/perfume-ted-lapidus-orissima-edp-30-ml\/","title":{"rendered":"Perfume Ted Lapidus Orissima EDP 30 Ml"},"content":{"rendered":"","protected":false},"excerpt":{"rendered":"<p>La mujer Orissima encarna a la mujer Parisina, icono moderno, activo y polifac\u00e9tico. Gracias a su irresistible acorde de Melocot\u00f3n y Caramelo, la dulce fragancia de Orissima la acompa\u00f1a en cualquier ocasi\u00f3n.<br \/>\nChipre Floral para Mujeres:<br \/>\nNotas de Salida: Durazno, pomelo y hojas de bamb\u00fa.<br \/>\nNotas de Coraz\u00f3n: Iris, flor de azahar del naranjo y peon\u00eda.<br \/>\nNotas de Fondo: Caramelo, pachul\u00ed y almizcle.<\/p>","protected":false},"featured_media":117658,"comment_status":"closed","ping_status":"closed","template":"","meta":{"_acf_changed":false,"om_disable_all_campaigns":false,"_monsterinsights_skip_tracking":false,"_monsterinsights_sitenote_active":false,"_monsterinsights_sitenote_note":"","_monsterinsights_sitenote_category":0},"etheme_brands":[],"product_brand":[],"product_cat":[8818],"product_tag":[10526,203,1855,1612,2014,1159],"class_list":{"0":"post-117655","1":"product","2":"type-product","3":"status-publish","4":"has-post-thumbnail","6":"product_cat-perfumeria","7":"product_tag-adolfo-dominguez","8":"product_tag-argentina","9":"product_tag-bano","10":"product_tag-belleza","11":"product_tag-colonia","12":"product_tag-perfume","14":"first","15":"instock","16":"taxable","17":"shipping-taxable","18":"purchasable","19":"product-type-simple"},"acf":[],"aioseo_notices":[],"_links":{"self":[{"href":"https:\/\/www.argensend.com\/en\/wp-json\/wp\/v2\/product\/117655","targetHints":{"allow":["GET"]}}],"collection":[{"href":"https:\/\/www.argensend.com\/en\/wp-json\/wp\/v2\/product"}],"about":[{"href":"https:\/\/www.argensend.com\/en\/wp-json\/wp\/v2\/types\/product"}],"replies":[{"embeddable":true,"href":"https:\/\/www.argensend.com\/en\/wp-json\/wp\/v2\/comments?post=117655"}],"version-history":[{"count":1,"href":"https:\/\/www.argensend.com\/en\/wp-json\/wp\/v2\/product\/117655\/revisions"}],"predecessor-version":[{"id":117661,"href":"https:\/\/www.argensend.com\/en\/wp-json\/wp\/v2\/product\/117655\/revisions\/117661"}],"wp:featuredmedia":[{"embeddable":true,"href":"https:\/\/www.argensend.com\/en\/wp-json\/wp\/v2\/media\/117658"}],"wp:attachment":[{"href":"https:\/\/www.argensend.com\/en\/wp-json\/wp\/v2\/media?parent=117655"}],"wp:term":[{"taxonomy":"brand","embeddable":true,"href":"https:\/\/www.argensend.com\/en\/wp-json\/wp\/v2\/etheme_brands?post=117655"},{"taxonomy":"product_brand","embeddable":true,"href":"https:\/\/www.argensend.com\/en\/wp-json\/wp\/v2\/product_brand?post=117655"},{"taxonomy":"product_cat","embeddable":true,"href":"https:\/\/www.argensend.com\/en\/wp-json\/wp\/v2\/product_cat?post=117655"},{"taxonomy":"product_tag","embeddable":true,"href":"https:\/\/www.argensend.com\/en\/wp-json\/wp\/v2\/product_tag?post=117655"}],"curies":[{"name":"wp","href":"https:\/\/api.w.org\/{rel}","templated":true}]}}