{"id":117678,"date":"2024-09-27T09:27:28","date_gmt":"2024-09-27T12:27:28","guid":{"rendered":"https:\/\/www.argensend.com\/?post_type=product&#038;p=117678"},"modified":"2025-04-22T17:59:01","modified_gmt":"2025-04-22T20:59:01","slug":"arcor-polenta-presto-pronta-490gr","status":"publish","type":"product","link":"https:\/\/www.argensend.com\/en\/product\/arcor-polenta-presto-pronta-490gr\/","title":{"rendered":"Arcor &#8211; Polenta Presto Pronta &#8211; 490Gr"},"content":{"rendered":"<p>\u00a1Descubre la deliciosa Polenta Presto Pronta! Con un peso de 490g, esta polenta lista para disfrutar es perfecta para aquellos que buscan una opci\u00f3n sin TACC. Ideal para tener en tu despensa, esta harina de ma\u00edz de alta calidad te permitir\u00e1 preparar platos deliciosos en cuesti\u00f3n de minutos. \u00a1No esperes m\u00e1s y a\u00f1ade la Polenta Presto Pronta a tu carrito de compras!<br \/>\nProducto SIN TACC.<\/p>","protected":false},"excerpt":{"rendered":"<p>\u00a1Descubre la deliciosa Polenta Presto Pronta! Con un peso de 490g, esta polenta lista para disfrutar es perfecta para aquellos que buscan una opci\u00f3n sin&#8230;<\/p>","protected":false},"featured_media":117679,"comment_status":"closed","ping_status":"closed","template":"","meta":{"_acf_changed":false,"om_disable_all_campaigns":false,"_monsterinsights_skip_tracking":false,"_monsterinsights_sitenote_active":false,"_monsterinsights_sitenote_note":"","_monsterinsights_sitenote_category":0},"etheme_brands":[],"product_brand":[],"product_cat":[8797],"product_tag":[300,203,234,788,3754,876,1870],"class_list":{"0":"post-117678","1":"product","2":"type-product","3":"status-publish","4":"has-post-thumbnail","6":"product_cat-premezclas","7":"product_tag-arcor","8":"product_tag-argentina","9":"product_tag-argentine","10":"product_tag-cocina","11":"product_tag-cooking","12":"product_tag-morixe","13":"product_tag-polenta","15":"first","16":"instock","17":"taxable","18":"shipping-taxable","19":"purchasable","20":"product-type-simple"},"acf":[],"aioseo_notices":[],"_links":{"self":[{"href":"https:\/\/www.argensend.com\/en\/wp-json\/wp\/v2\/product\/117678","targetHints":{"allow":["GET"]}}],"collection":[{"href":"https:\/\/www.argensend.com\/en\/wp-json\/wp\/v2\/product"}],"about":[{"href":"https:\/\/www.argensend.com\/en\/wp-json\/wp\/v2\/types\/product"}],"replies":[{"embeddable":true,"href":"https:\/\/www.argensend.com\/en\/wp-json\/wp\/v2\/comments?post=117678"}],"version-history":[{"count":1,"href":"https:\/\/www.argensend.com\/en\/wp-json\/wp\/v2\/product\/117678\/revisions"}],"predecessor-version":[{"id":117681,"href":"https:\/\/www.argensend.com\/en\/wp-json\/wp\/v2\/product\/117678\/revisions\/117681"}],"wp:featuredmedia":[{"embeddable":true,"href":"https:\/\/www.argensend.com\/en\/wp-json\/wp\/v2\/media\/117679"}],"wp:attachment":[{"href":"https:\/\/www.argensend.com\/en\/wp-json\/wp\/v2\/media?parent=117678"}],"wp:term":[{"taxonomy":"brand","embeddable":true,"href":"https:\/\/www.argensend.com\/en\/wp-json\/wp\/v2\/etheme_brands?post=117678"},{"taxonomy":"product_brand","embeddable":true,"href":"https:\/\/www.argensend.com\/en\/wp-json\/wp\/v2\/product_brand?post=117678"},{"taxonomy":"product_cat","embeddable":true,"href":"https:\/\/www.argensend.com\/en\/wp-json\/wp\/v2\/product_cat?post=117678"},{"taxonomy":"product_tag","embeddable":true,"href":"https:\/\/www.argensend.com\/en\/wp-json\/wp\/v2\/product_tag?post=117678"}],"curies":[{"name":"wp","href":"https:\/\/api.w.org\/{rel}","templated":true}]}}