{"id":117682,"date":"2024-09-27T09:37:43","date_gmt":"2024-09-27T12:37:43","guid":{"rendered":"https:\/\/www.argensend.com\/?post_type=product&#038;p=117682"},"modified":"2025-04-21T20:58:28","modified_gmt":"2025-04-21T23:58:28","slug":"galletitas-formis-sabor-chocolate-black-108gr-x3-unidades","status":"publish","type":"product","link":"https:\/\/www.argensend.com\/en\/product\/galletitas-formis-sabor-chocolate-black-108gr-x3-unidades\/","title":{"rendered":"Galletitas Formis sabor Chocolate Black &#8211; 108Gr &#8211; X3 Unidades"},"content":{"rendered":"<p>\u00a1Descubre la deliciosa Galletita Formis Chocolate\/Vainilla! Esta exquisita galletita es perfecta para satisfacer tus antojos dulces. Con un peso de 102g, es ideal para disfrutar en cualquier momento del d\u00eda. Su irresistible sabor a chocolate y vainilla te transportar\u00e1 a un mundo de sabores \u00fanicos y deliciosos. Adem\u00e1s, su textura crujiente te brindar\u00e1 una experiencia de mordida perfecta. \u00a1No podr\u00e1s resistirte a su encanto! Perfecta para acompa\u00f1ar tus meriendas, desayunos o simplemente para darte un capricho. \u00a1No esperes m\u00e1s y a\u00f1ade estas galletitas a tu carrito de compras!<\/p>","protected":false},"excerpt":{"rendered":"<p>\u00a1Descubre la deliciosa Galletita Formis Chocolate\/Vainilla! Esta exquisita galletita es perfecta para satisfacer tus antojos dulces. Con un peso de 102g, es ideal para disfrutar&#8230;<\/p>","protected":false},"featured_media":117683,"comment_status":"closed","ping_status":"closed","template":"","meta":{"_acf_changed":false,"om_disable_all_campaigns":false,"_monsterinsights_skip_tracking":false,"_monsterinsights_sitenote_active":false,"_monsterinsights_sitenote_note":"","_monsterinsights_sitenote_category":0},"etheme_brands":[],"product_brand":[],"product_cat":[3004,137],"product_tag":[68,2033,2034],"class_list":{"0":"post-117682","1":"product","2":"type-product","3":"status-publish","4":"has-post-thumbnail","6":"product_cat-galletitas-dulces","7":"product_cat-galletitas-bizcochitos","8":"product_tag-de","9":"product_tag-galleta","10":"product_tag-galletas","12":"first","13":"instock","14":"taxable","15":"shipping-taxable","16":"purchasable","17":"product-type-simple"},"acf":[],"aioseo_notices":[],"_links":{"self":[{"href":"https:\/\/www.argensend.com\/en\/wp-json\/wp\/v2\/product\/117682","targetHints":{"allow":["GET"]}}],"collection":[{"href":"https:\/\/www.argensend.com\/en\/wp-json\/wp\/v2\/product"}],"about":[{"href":"https:\/\/www.argensend.com\/en\/wp-json\/wp\/v2\/types\/product"}],"replies":[{"embeddable":true,"href":"https:\/\/www.argensend.com\/en\/wp-json\/wp\/v2\/comments?post=117682"}],"version-history":[{"count":3,"href":"https:\/\/www.argensend.com\/en\/wp-json\/wp\/v2\/product\/117682\/revisions"}],"predecessor-version":[{"id":117706,"href":"https:\/\/www.argensend.com\/en\/wp-json\/wp\/v2\/product\/117682\/revisions\/117706"}],"wp:featuredmedia":[{"embeddable":true,"href":"https:\/\/www.argensend.com\/en\/wp-json\/wp\/v2\/media\/117683"}],"wp:attachment":[{"href":"https:\/\/www.argensend.com\/en\/wp-json\/wp\/v2\/media?parent=117682"}],"wp:term":[{"taxonomy":"brand","embeddable":true,"href":"https:\/\/www.argensend.com\/en\/wp-json\/wp\/v2\/etheme_brands?post=117682"},{"taxonomy":"product_brand","embeddable":true,"href":"https:\/\/www.argensend.com\/en\/wp-json\/wp\/v2\/product_brand?post=117682"},{"taxonomy":"product_cat","embeddable":true,"href":"https:\/\/www.argensend.com\/en\/wp-json\/wp\/v2\/product_cat?post=117682"},{"taxonomy":"product_tag","embeddable":true,"href":"https:\/\/www.argensend.com\/en\/wp-json\/wp\/v2\/product_tag?post=117682"}],"curies":[{"name":"wp","href":"https:\/\/api.w.org\/{rel}","templated":true}]}}