{"id":117702,"date":"2024-09-27T10:45:44","date_gmt":"2024-09-27T13:45:44","guid":{"rendered":"https:\/\/www.argensend.com\/?post_type=product&#038;p=117702"},"modified":"2025-04-21T20:58:28","modified_gmt":"2025-04-21T23:58:28","slug":"galletitas-formis-sabor-frutilla-108gr-x3-unidades","status":"publish","type":"product","link":"https:\/\/www.argensend.com\/en\/product\/galletitas-formis-sabor-frutilla-108gr-x3-unidades\/","title":{"rendered":"Galletitas Formis sabor Frutilla 108gr &#8211; X3 Unidades"},"content":{"rendered":"<p>\u00a1Descubre la deliciosa Galletita Formis Vainilla\/Frutilla! Esta exquisita galletita de 102 g combina el sabor cl\u00e1sico de la vainilla con el toque refrescante de la frutilla, creando una experiencia \u00fanica para tu paladar. \u00a1No esperes m\u00e1s y a\u00f1ade la Galletita Formis Vainilla\/Frutilla a tu carrito de compras! Disfruta de su sabor \u00fanico y convi\u00e9rtete en el protagonista de tus meriendas m\u00e1s dulces.<\/p>","protected":false},"excerpt":{"rendered":"<p>\u00a1Descubre la deliciosa Galletita Formis Vainilla\/Frutilla! Esta exquisita galletita de 102 g combina el sabor cl\u00e1sico de la vainilla con el toque refrescante de la&#8230;<\/p>","protected":false},"featured_media":117701,"comment_status":"closed","ping_status":"closed","template":"","meta":{"_acf_changed":false,"om_disable_all_campaigns":false,"_monsterinsights_skip_tracking":false,"_monsterinsights_sitenote_active":false,"_monsterinsights_sitenote_note":"","_monsterinsights_sitenote_category":0},"etheme_brands":[],"product_brand":[],"product_cat":[3004,137],"product_tag":[68,10530,1232,2033,2034],"class_list":{"0":"post-117702","1":"product","2":"type-product","3":"status-publish","4":"has-post-thumbnail","6":"product_cat-galletitas-dulces","7":"product_cat-galletitas-bizcochitos","8":"product_tag-de","9":"product_tag-formis","10":"product_tag-frutilla","11":"product_tag-galleta","12":"product_tag-galletas","14":"first","15":"instock","16":"taxable","17":"shipping-taxable","18":"purchasable","19":"product-type-simple"},"acf":[],"aioseo_notices":[],"_links":{"self":[{"href":"https:\/\/www.argensend.com\/en\/wp-json\/wp\/v2\/product\/117702","targetHints":{"allow":["GET"]}}],"collection":[{"href":"https:\/\/www.argensend.com\/en\/wp-json\/wp\/v2\/product"}],"about":[{"href":"https:\/\/www.argensend.com\/en\/wp-json\/wp\/v2\/types\/product"}],"replies":[{"embeddable":true,"href":"https:\/\/www.argensend.com\/en\/wp-json\/wp\/v2\/comments?post=117702"}],"version-history":[{"count":2,"href":"https:\/\/www.argensend.com\/en\/wp-json\/wp\/v2\/product\/117702\/revisions"}],"predecessor-version":[{"id":117704,"href":"https:\/\/www.argensend.com\/en\/wp-json\/wp\/v2\/product\/117702\/revisions\/117704"}],"wp:featuredmedia":[{"embeddable":true,"href":"https:\/\/www.argensend.com\/en\/wp-json\/wp\/v2\/media\/117701"}],"wp:attachment":[{"href":"https:\/\/www.argensend.com\/en\/wp-json\/wp\/v2\/media?parent=117702"}],"wp:term":[{"taxonomy":"brand","embeddable":true,"href":"https:\/\/www.argensend.com\/en\/wp-json\/wp\/v2\/etheme_brands?post=117702"},{"taxonomy":"product_brand","embeddable":true,"href":"https:\/\/www.argensend.com\/en\/wp-json\/wp\/v2\/product_brand?post=117702"},{"taxonomy":"product_cat","embeddable":true,"href":"https:\/\/www.argensend.com\/en\/wp-json\/wp\/v2\/product_cat?post=117702"},{"taxonomy":"product_tag","embeddable":true,"href":"https:\/\/www.argensend.com\/en\/wp-json\/wp\/v2\/product_tag?post=117702"}],"curies":[{"name":"wp","href":"https:\/\/api.w.org\/{rel}","templated":true}]}}