{"id":117745,"date":"2024-09-27T13:08:57","date_gmt":"2024-09-27T16:08:57","guid":{"rendered":"https:\/\/www.argensend.com\/?post_type=product&#038;p=117745"},"modified":"2025-04-28T11:40:39","modified_gmt":"2025-04-28T14:40:39","slug":"bazooka-chicle-de-menta-80-unidades","status":"publish","type":"product","link":"https:\/\/www.argensend.com\/en\/product\/bazooka-chicle-de-menta-80-unidades\/","title":{"rendered":"Bazooka &#8211; Chicle de Menta &#8211; 80 Unidades"},"content":{"rendered":"<p>Chicle Bazooka Menta &#8211; Caja X 80un<\/p>\n<p>Disfruta del refrescante sabor del Chicle Bazooka Menta en una pr\u00e1ctica caja con 80 unidades. Con m\u00e1s de 35 a\u00f1os de experiencia y m\u00e1s de 250 puntos de venta, garantizamos la calidad y frescura de nuestros productos. Este chicle es ideal para quienes buscan un sabor duradero y refrescante. Es libre de gluten, lo que lo hace apto para personas con intolerancias alimentarias. Sin embargo, no es libre de lactosa ni de az\u00facar. Cada unidad pesa 320 g y cuenta con un ingrediente destacado: la menta. El producto es nuevo y viene con vencimiento. \u00a1Realiz\u00e1 todas las consultas que necesites desde la secci\u00f3n de preguntas!<\/p>","protected":false},"excerpt":{"rendered":"<p>Chicle Bazooka Menta &#8211; Caja X 80un Disfruta del refrescante sabor del Chicle Bazooka Menta en una pr\u00e1ctica caja con 80 unidades. Con m\u00e1s de&#8230;<\/p>","protected":false},"featured_media":117746,"comment_status":"closed","ping_status":"closed","template":"","meta":{"_acf_changed":false,"om_disable_all_campaigns":false,"_monsterinsights_skip_tracking":false,"_monsterinsights_sitenote_active":false,"_monsterinsights_sitenote_note":"","_monsterinsights_sitenote_category":0},"etheme_brands":[],"product_brand":[],"product_cat":[632,2133],"product_tag":[7430,203,234,224,2240,4213,633,67,2242,4210,2241,259,260,4033],"class_list":{"0":"post-117745","1":"product","2":"type-product","3":"status-publish","4":"has-post-thumbnail","6":"product_cat-chicles","7":"product_cat-dulces-veganos","8":"product_tag-25-unidades","9":"product_tag-argentina","10":"product_tag-argentine","11":"product_tag-argentino","12":"product_tag-bazooka","13":"product_tag-chewing","14":"product_tag-chicles","15":"product_tag-dulce","16":"product_tag-globo","17":"product_tag-gum","18":"product_tag-gummy","19":"product_tag-menta","20":"product_tag-mint","21":"product_tag-units","23":"first","24":"instock","25":"taxable","26":"shipping-taxable","27":"purchasable","28":"product-type-simple"},"acf":[],"aioseo_notices":[],"_links":{"self":[{"href":"https:\/\/www.argensend.com\/en\/wp-json\/wp\/v2\/product\/117745","targetHints":{"allow":["GET"]}}],"collection":[{"href":"https:\/\/www.argensend.com\/en\/wp-json\/wp\/v2\/product"}],"about":[{"href":"https:\/\/www.argensend.com\/en\/wp-json\/wp\/v2\/types\/product"}],"replies":[{"embeddable":true,"href":"https:\/\/www.argensend.com\/en\/wp-json\/wp\/v2\/comments?post=117745"}],"version-history":[{"count":1,"href":"https:\/\/www.argensend.com\/en\/wp-json\/wp\/v2\/product\/117745\/revisions"}],"predecessor-version":[{"id":117747,"href":"https:\/\/www.argensend.com\/en\/wp-json\/wp\/v2\/product\/117745\/revisions\/117747"}],"wp:featuredmedia":[{"embeddable":true,"href":"https:\/\/www.argensend.com\/en\/wp-json\/wp\/v2\/media\/117746"}],"wp:attachment":[{"href":"https:\/\/www.argensend.com\/en\/wp-json\/wp\/v2\/media?parent=117745"}],"wp:term":[{"taxonomy":"brand","embeddable":true,"href":"https:\/\/www.argensend.com\/en\/wp-json\/wp\/v2\/etheme_brands?post=117745"},{"taxonomy":"product_brand","embeddable":true,"href":"https:\/\/www.argensend.com\/en\/wp-json\/wp\/v2\/product_brand?post=117745"},{"taxonomy":"product_cat","embeddable":true,"href":"https:\/\/www.argensend.com\/en\/wp-json\/wp\/v2\/product_cat?post=117745"},{"taxonomy":"product_tag","embeddable":true,"href":"https:\/\/www.argensend.com\/en\/wp-json\/wp\/v2\/product_tag?post=117745"}],"curies":[{"name":"wp","href":"https:\/\/api.w.org\/{rel}","templated":true}]}}