{"id":117762,"date":"2024-09-27T14:15:49","date_gmt":"2024-09-27T17:15:49","guid":{"rendered":"https:\/\/www.argensend.com\/?post_type=product&#038;p=117762"},"modified":"2025-04-28T11:40:36","modified_gmt":"2025-04-28T14:40:36","slug":"mogul-oso-extreme-x200g","status":"publish","type":"product","link":"https:\/\/www.argensend.com\/en\/product\/mogul-oso-extreme-x200g\/","title":{"rendered":"Mogul Oso Extreme X200g"},"content":{"rendered":"<p>Gomitas Mogul Oso Extreme Mediana<\/p>\n<p>Del\u00e9itate con las gomitas Mogul Oso Extreme en su versi\u00f3n mediana. Estas golosinas son ideales para disfrutar en cualquier momento del d\u00eda, ofreciendo una explosi\u00f3n de sabor frutal que deleitar\u00e1 tu paladar. Con una textura perfecta que combina la firmeza y la suavidad, estas gomitas son una opci\u00f3n excelente para compartir o para darte un gusto personal.<\/p>\n<p>Cada paquete contiene una selecci\u00f3n variada de gomitas con formas de ositos, brindando una experiencia divertida y deliciosa. Disfruta de la calidad y el sabor inconfundible que solo Mogul puede ofrecerte.<\/p>","protected":false},"excerpt":{"rendered":"<p>Gomitas Mogul Oso Extreme Mediana Del\u00e9itate con las gomitas Mogul Oso Extreme en su versi\u00f3n mediana. Estas golosinas son ideales para disfrutar en cualquier momento&#8230;<\/p>","protected":false},"featured_media":117763,"comment_status":"closed","ping_status":"closed","template":"","meta":{"_acf_changed":false,"om_disable_all_campaigns":false,"_monsterinsights_skip_tracking":false,"_monsterinsights_sitenote_active":false,"_monsterinsights_sitenote_note":"","_monsterinsights_sitenote_category":0},"etheme_brands":[],"product_brand":[],"product_cat":[2116,8803],"product_tag":[230,231,203,234,2231,2892,1556,383,1188,2891,235,236,232,233,2890,2889,291,2241,1901,355,290],"class_list":{"0":"post-117762","1":"product","2":"type-product","3":"status-publish","4":"has-post-thumbnail","6":"product_cat-caramelos-masticables","7":"product_cat-dulce-sin-tacc","8":"product_tag-alimento","9":"product_tag-alimentos","10":"product_tag-argentina","11":"product_tag-argentine","12":"product_tag-blando","13":"product_tag-blandos","14":"product_tag-candy","15":"product_tag-caramel","16":"product_tag-caramelo","17":"product_tag-casticar","18":"product_tag-delicias","19":"product_tag-delicious","20":"product_tag-food","21":"product_tag-foods","22":"product_tag-gomas","23":"product_tag-gomita","24":"product_tag-gomitas","25":"product_tag-gummy","26":"product_tag-jelly","27":"product_tag-masticable","28":"product_tag-mogul","30":"first","31":"instock","32":"taxable","33":"shipping-taxable","34":"purchasable","35":"product-type-simple"},"acf":[],"aioseo_notices":[],"_links":{"self":[{"href":"https:\/\/www.argensend.com\/en\/wp-json\/wp\/v2\/product\/117762","targetHints":{"allow":["GET"]}}],"collection":[{"href":"https:\/\/www.argensend.com\/en\/wp-json\/wp\/v2\/product"}],"about":[{"href":"https:\/\/www.argensend.com\/en\/wp-json\/wp\/v2\/types\/product"}],"replies":[{"embeddable":true,"href":"https:\/\/www.argensend.com\/en\/wp-json\/wp\/v2\/comments?post=117762"}],"version-history":[{"count":1,"href":"https:\/\/www.argensend.com\/en\/wp-json\/wp\/v2\/product\/117762\/revisions"}],"predecessor-version":[{"id":117764,"href":"https:\/\/www.argensend.com\/en\/wp-json\/wp\/v2\/product\/117762\/revisions\/117764"}],"wp:featuredmedia":[{"embeddable":true,"href":"https:\/\/www.argensend.com\/en\/wp-json\/wp\/v2\/media\/117763"}],"wp:attachment":[{"href":"https:\/\/www.argensend.com\/en\/wp-json\/wp\/v2\/media?parent=117762"}],"wp:term":[{"taxonomy":"brand","embeddable":true,"href":"https:\/\/www.argensend.com\/en\/wp-json\/wp\/v2\/etheme_brands?post=117762"},{"taxonomy":"product_brand","embeddable":true,"href":"https:\/\/www.argensend.com\/en\/wp-json\/wp\/v2\/product_brand?post=117762"},{"taxonomy":"product_cat","embeddable":true,"href":"https:\/\/www.argensend.com\/en\/wp-json\/wp\/v2\/product_cat?post=117762"},{"taxonomy":"product_tag","embeddable":true,"href":"https:\/\/www.argensend.com\/en\/wp-json\/wp\/v2\/product_tag?post=117762"}],"curies":[{"name":"wp","href":"https:\/\/api.w.org\/{rel}","templated":true}]}}