{"id":117851,"date":"2024-10-03T10:11:45","date_gmt":"2024-10-03T13:11:45","guid":{"rendered":"https:\/\/www.argensend.com\/?post_type=product&#038;p=117851"},"modified":"2025-04-22T13:08:49","modified_gmt":"2025-04-22T16:08:49","slug":"edulcorante-equalsweet-stevia-x-400-sobres-sin-tacc","status":"publish","type":"product","link":"https:\/\/www.argensend.com\/en\/product\/edulcorante-equalsweet-stevia-x-400-sobres-sin-tacc\/","title":{"rendered":"Edulcorante Equalsweet Stevia X 400 Sobres Sin Tacc"},"content":{"rendered":"<p>Edulcorante Equal Sweet Stevia en pr\u00e1cticos sobres individuales. Este producto incluye una caja con 400 unidades, ideal para endulzar tus bebidas y comidas de manera saludable. Equal Sweet Stevia es una alternativa sin calor\u00edas que proviene de la hoja de la planta de stevia, brindando un sabor dulce sin afectar los niveles de az\u00facar en sangre. Perfecto para quienes buscan mantener una dieta equilibrada o reducir su consumo de az\u00facar.<\/p>","protected":false},"excerpt":{"rendered":"<p>Edulcorante Equal Sweet Stevia en pr\u00e1cticos sobres individuales. Este producto incluye una caja con 400 unidades, ideal para endulzar tus bebidas y comidas de manera&#8230;<\/p>","protected":false},"featured_media":117852,"comment_status":"closed","ping_status":"closed","template":"","meta":{"_acf_changed":false,"om_disable_all_campaigns":false,"_monsterinsights_skip_tracking":false,"_monsterinsights_sitenote_active":false,"_monsterinsights_sitenote_note":"","_monsterinsights_sitenote_category":0},"etheme_brands":[],"product_brand":[],"product_cat":[2130],"product_tag":[],"class_list":{"0":"post-117851","1":"product","2":"type-product","3":"status-publish","4":"has-post-thumbnail","6":"product_cat-sal-especias","8":"first","9":"instock","10":"taxable","11":"shipping-taxable","12":"purchasable","13":"product-type-simple"},"acf":[],"aioseo_notices":[],"_links":{"self":[{"href":"https:\/\/www.argensend.com\/en\/wp-json\/wp\/v2\/product\/117851","targetHints":{"allow":["GET"]}}],"collection":[{"href":"https:\/\/www.argensend.com\/en\/wp-json\/wp\/v2\/product"}],"about":[{"href":"https:\/\/www.argensend.com\/en\/wp-json\/wp\/v2\/types\/product"}],"replies":[{"embeddable":true,"href":"https:\/\/www.argensend.com\/en\/wp-json\/wp\/v2\/comments?post=117851"}],"version-history":[{"count":1,"href":"https:\/\/www.argensend.com\/en\/wp-json\/wp\/v2\/product\/117851\/revisions"}],"predecessor-version":[{"id":117853,"href":"https:\/\/www.argensend.com\/en\/wp-json\/wp\/v2\/product\/117851\/revisions\/117853"}],"wp:featuredmedia":[{"embeddable":true,"href":"https:\/\/www.argensend.com\/en\/wp-json\/wp\/v2\/media\/117852"}],"wp:attachment":[{"href":"https:\/\/www.argensend.com\/en\/wp-json\/wp\/v2\/media?parent=117851"}],"wp:term":[{"taxonomy":"brand","embeddable":true,"href":"https:\/\/www.argensend.com\/en\/wp-json\/wp\/v2\/etheme_brands?post=117851"},{"taxonomy":"product_brand","embeddable":true,"href":"https:\/\/www.argensend.com\/en\/wp-json\/wp\/v2\/product_brand?post=117851"},{"taxonomy":"product_cat","embeddable":true,"href":"https:\/\/www.argensend.com\/en\/wp-json\/wp\/v2\/product_cat?post=117851"},{"taxonomy":"product_tag","embeddable":true,"href":"https:\/\/www.argensend.com\/en\/wp-json\/wp\/v2\/product_tag?post=117851"}],"curies":[{"name":"wp","href":"https:\/\/api.w.org\/{rel}","templated":true}]}}