{"id":117866,"date":"2024-10-04T11:29:31","date_gmt":"2024-10-04T14:29:31","guid":{"rendered":"https:\/\/www.argensend.com\/?post_type=product&#038;p=117866"},"modified":"2024-12-06T16:49:53","modified_gmt":"2024-12-06T19:49:53","slug":"natura-sr-n-clasico-100ml","status":"publish","type":"product","link":"https:\/\/www.argensend.com\/en\/product\/natura-sr-n-clasico-100ml\/","title":{"rendered":"Natura &#8211; Sr N Cl\u00e1sico 100ml"},"content":{"rendered":"","protected":false},"excerpt":{"rendered":"<div class=\"MuiBox-root natds153 natds60 natds152\">\n<h2 class=\"MuiTypography-root natds151 MuiTypography-h1 MuiTypography-colorTextPrimary MuiTypography-alignLeft\">Cl\u00e1sico pero que sabe adaptarse a la modernidad.<\/h2>\n<\/div>\n<p>Personalidad fuerte y segura de usted. Su fuerza llena el ambiente, inspirando y conquistando. Quien ve su exterior se encanta, pero quien descubre lo que hay dentro de \u00e9l se apasiona. El Sr. N trae todas esas cualidades, y quien lo usa tambi\u00e9n.<\/p>\n<p>&nbsp;<\/p>\n<p><strong>Camino Olfativo:<\/strong><\/p>\n<p>C\u00edtrico, leve, patchul\u00ed.<\/p>\n<p>&nbsp;<\/p>\n<p><strong>Modo de uso<\/strong><\/p>\n<p>Para resaltar m\u00e1s el perfume, aplicar en las mu\u00f1ecas, en el cuello y por detr\u00e1s de las orejas.<\/p>\n<p>&nbsp;<\/p>\n<p><strong>Contenido:<\/strong><\/p>\n<p>100 ml.<\/p>\n<p>&nbsp;<\/p>\n<p><strong>Sobre la marca SR N<\/strong><\/p>\n<p>Esta marca valora la tradici\u00f3n masculina, haciendo de esta fragancia un cl\u00e1sico, combinando las maderas de pachul\u00ed y vetiver en contraste con la frescura del lim\u00f3n y la lavanda.<\/p>\n<p class=\"MuiTypography-root natds154 natds155 MuiTypography-body1 MuiTypography-colorTextPrimary MuiTypography-alignLeft\">Hecho en Argentina. Vegano.<\/p>","protected":false},"featured_media":117868,"comment_status":"closed","ping_status":"closed","template":"","meta":{"_acf_changed":false,"om_disable_all_campaigns":false,"_monsterinsights_skip_tracking":false,"_monsterinsights_sitenote_active":false,"_monsterinsights_sitenote_note":"","_monsterinsights_sitenote_category":0},"etheme_brands":[],"product_brand":[],"product_cat":[8818],"product_tag":[203,234,224,1855,1612,9648,2014,9155,4007,183,3672,449,1159,652,651,8859],"class_list":{"0":"post-117866","1":"product","2":"type-product","3":"status-publish","4":"has-post-thumbnail","6":"product_cat-perfumeria","7":"product_tag-argentina","8":"product_tag-argentine","9":"product_tag-argentino","10":"product_tag-bano","11":"product_tag-belleza","12":"product_tag-caballero","13":"product_tag-colonia","14":"product_tag-ekos","15":"product_tag-hogar","16":"product_tag-hombre","17":"product_tag-men","18":"product_tag-natura","19":"product_tag-perfume","20":"product_tag-vegan","21":"product_tag-vegano","22":"product_tag-veggie","24":"first","25":"instock","26":"taxable","27":"shipping-taxable","28":"purchasable","29":"product-type-simple"},"acf":[],"aioseo_notices":[],"_links":{"self":[{"href":"https:\/\/www.argensend.com\/en\/wp-json\/wp\/v2\/product\/117866","targetHints":{"allow":["GET"]}}],"collection":[{"href":"https:\/\/www.argensend.com\/en\/wp-json\/wp\/v2\/product"}],"about":[{"href":"https:\/\/www.argensend.com\/en\/wp-json\/wp\/v2\/types\/product"}],"replies":[{"embeddable":true,"href":"https:\/\/www.argensend.com\/en\/wp-json\/wp\/v2\/comments?post=117866"}],"version-history":[{"count":1,"href":"https:\/\/www.argensend.com\/en\/wp-json\/wp\/v2\/product\/117866\/revisions"}],"predecessor-version":[{"id":117869,"href":"https:\/\/www.argensend.com\/en\/wp-json\/wp\/v2\/product\/117866\/revisions\/117869"}],"wp:featuredmedia":[{"embeddable":true,"href":"https:\/\/www.argensend.com\/en\/wp-json\/wp\/v2\/media\/117868"}],"wp:attachment":[{"href":"https:\/\/www.argensend.com\/en\/wp-json\/wp\/v2\/media?parent=117866"}],"wp:term":[{"taxonomy":"brand","embeddable":true,"href":"https:\/\/www.argensend.com\/en\/wp-json\/wp\/v2\/etheme_brands?post=117866"},{"taxonomy":"product_brand","embeddable":true,"href":"https:\/\/www.argensend.com\/en\/wp-json\/wp\/v2\/product_brand?post=117866"},{"taxonomy":"product_cat","embeddable":true,"href":"https:\/\/www.argensend.com\/en\/wp-json\/wp\/v2\/product_cat?post=117866"},{"taxonomy":"product_tag","embeddable":true,"href":"https:\/\/www.argensend.com\/en\/wp-json\/wp\/v2\/product_tag?post=117866"}],"curies":[{"name":"wp","href":"https:\/\/api.w.org\/{rel}","templated":true}]}}