{"id":117875,"date":"2024-10-04T12:14:11","date_gmt":"2024-10-04T15:14:11","guid":{"rendered":"https:\/\/www.argensend.com\/?post_type=product&#038;p=117875"},"modified":"2024-12-06T16:49:54","modified_gmt":"2024-12-06T19:49:54","slug":"natura-homem-cor-agio-eau-de-parfum-100-ml","status":"publish","type":"product","link":"https:\/\/www.argensend.com\/en\/product\/natura-homem-cor-agio-eau-de-parfum-100-ml\/","title":{"rendered":"Natura &#8211; Homem Cor.Agio Eau de parfum 100 Ml"},"content":{"rendered":"","protected":false},"excerpt":{"rendered":"<div class=\"MuiBox-root natds153 natds60 natds152\">\n<h2 class=\"MuiTypography-root natds151 MuiTypography-h1 MuiTypography-colorTextPrimary MuiTypography-alignLeft\">&#8211; Homem &#8211; Eau de parfum masculino Cor.agio<\/p>\n<p>Caracter\u00edsticas:<br \/>\nCamino olfativo:<br \/>\nAmaderado, intenso, especias fr\u00edas, copa\u00edba, cumar\u00fa.<br \/>\nPimienta negra, Canela, nuez moscada.<br \/>\nMuguet, rosa Cuero<br \/>\nCumaru, \u00e1mbar, copaiba.<\/p>\n<p>Ocasiones especiales.<br \/>\nUna fragancia que contrasta la frescura de las notas met\u00e1licas de las especias fr\u00edas, con la calidez de las maderas de copaiba y Cumaru, ideal para ocasiones especiales \u00a1como primera cita!.<\/p>\n<p>.Esta dirigido a hombres modernos,sintonizados con la velocidad del mundo contempor\u00e1neo, atrevidos y con coraz\u00f3n abierto.<br \/>\n.Homem Cora.Agio llega con packaging moderno y sofisticado.<br \/>\n.Nuevo aplicador sin tapa, listo para usar.<br \/>\n.Aplicaci\u00f3n inmediata y pr\u00e1ctica.<br \/>\n.Base de vidrio texturizada y lados transparentes, trayendole m\u00e1s sofisticaci\u00f3n y modernidad.<\/p>\n<p>Beneficios:<br \/>\nPara seducir y ser seducido. El perfume m\u00e1s intenso de Natura Homem, ideal para ocasiones especiales.<\/h2>\n<\/div>","protected":false},"featured_media":117876,"comment_status":"closed","ping_status":"closed","template":"","meta":{"_acf_changed":false,"om_disable_all_campaigns":false,"_monsterinsights_skip_tracking":false,"_monsterinsights_sitenote_active":false,"_monsterinsights_sitenote_note":"","_monsterinsights_sitenote_category":0},"etheme_brands":[],"product_brand":[],"product_cat":[8818],"product_tag":[203,234,224,1855,1612,9648,2014,9155,4007,183,10538,3672,449,1159,652,651,8859],"class_list":{"0":"post-117875","1":"product","2":"type-product","3":"status-publish","4":"has-post-thumbnail","6":"product_cat-perfumeria","7":"product_tag-argentina","8":"product_tag-argentine","9":"product_tag-argentino","10":"product_tag-bano","11":"product_tag-belleza","12":"product_tag-caballero","13":"product_tag-colonia","14":"product_tag-ekos","15":"product_tag-hogar","16":"product_tag-hombre","17":"product_tag-kaiak","18":"product_tag-men","19":"product_tag-natura","20":"product_tag-perfume","21":"product_tag-vegan","22":"product_tag-vegano","23":"product_tag-veggie","25":"first","26":"instock","27":"taxable","28":"shipping-taxable","29":"purchasable","30":"product-type-simple"},"acf":[],"aioseo_notices":[],"_links":{"self":[{"href":"https:\/\/www.argensend.com\/en\/wp-json\/wp\/v2\/product\/117875","targetHints":{"allow":["GET"]}}],"collection":[{"href":"https:\/\/www.argensend.com\/en\/wp-json\/wp\/v2\/product"}],"about":[{"href":"https:\/\/www.argensend.com\/en\/wp-json\/wp\/v2\/types\/product"}],"replies":[{"embeddable":true,"href":"https:\/\/www.argensend.com\/en\/wp-json\/wp\/v2\/comments?post=117875"}],"version-history":[{"count":1,"href":"https:\/\/www.argensend.com\/en\/wp-json\/wp\/v2\/product\/117875\/revisions"}],"predecessor-version":[{"id":117879,"href":"https:\/\/www.argensend.com\/en\/wp-json\/wp\/v2\/product\/117875\/revisions\/117879"}],"wp:featuredmedia":[{"embeddable":true,"href":"https:\/\/www.argensend.com\/en\/wp-json\/wp\/v2\/media\/117876"}],"wp:attachment":[{"href":"https:\/\/www.argensend.com\/en\/wp-json\/wp\/v2\/media?parent=117875"}],"wp:term":[{"taxonomy":"brand","embeddable":true,"href":"https:\/\/www.argensend.com\/en\/wp-json\/wp\/v2\/etheme_brands?post=117875"},{"taxonomy":"product_brand","embeddable":true,"href":"https:\/\/www.argensend.com\/en\/wp-json\/wp\/v2\/product_brand?post=117875"},{"taxonomy":"product_cat","embeddable":true,"href":"https:\/\/www.argensend.com\/en\/wp-json\/wp\/v2\/product_cat?post=117875"},{"taxonomy":"product_tag","embeddable":true,"href":"https:\/\/www.argensend.com\/en\/wp-json\/wp\/v2\/product_tag?post=117875"}],"curies":[{"name":"wp","href":"https:\/\/api.w.org\/{rel}","templated":true}]}}